{"id":239349,"date":"2022-06-20T15:16:31","date_gmt":"2022-06-20T18:16:31","guid":{"rendered":"https:\/\/augin.app\/?page_id=239349"},"modified":"2022-06-20T15:16:32","modified_gmt":"2022-06-20T18:16:32","slug":"trial-success","status":"publish","type":"page","link":"https:\/\/augin.app\/en\/trial-success\/","title":{"rendered":"Trial started successfully"},"content":{"rendered":"[et_pb_section fb_built=\u201d1\u2033 _builder_version=\u201d4.17.3\u2033 _module_preset=\u201ddefault\u201d global_colors_info=\u201d{}\u201d][et_pb_row _builder_version=\u201d4.17.3\u2033 _module_preset=\u201ddefault\u201d global_colors_info=\u201d{}\u201d][et_pb_column type =\u201d4_4\u2033 _builder_version=\u201d4.17.3\u2033 _module_preset=\u201ddefault\u201d global_colors_info=\u201d{}\u201d][et_pb_icon font_icon=\u201dN||divi||400\u2033 icon_color=\u201d#FE6A00\u2033 _builder_version=\u201d4.17.3\u2033 _module_preset= \u201ddefault\u201d global_colors_info=\u201d{}\u201d][\/et_pb_icon][et_pb_text _builder_version=\u201d4.17.4\u2033 _module_preset=\u201ddefault\u201d text_orientation=\u201dcenter\u201d hover_enabled=\u201d0\u2033 global_colors_info=\u201d{}\u201d sticky_enabled=\u201d0\u2033]<p><span style=\"color: #008000;\"><strong>Trial activated successfully!<\/strong><\/span><\/p>\n<p>Welcome to the Augin PRO10 Trial.<\/p>\n<p>Your account is already active and you have 10 days to enjoy all the features of our most complete version.<\/p>[\/et_pb_text][\/et_pb_column][\/et_pb_row][et_pb_row _builder_version=\u201d4.17.3\u2033 _module_preset=\u201ddefault\u201d global_colors_info=\u201d{}\u201d][et_pb_column type=\u201d4_4\u2033 _builder_version=\u201d4.17.3\u2033 _module_preset=\u201d default\u201d global_colors_info=\u201d{}\u201d][et_pb_text _builder_version=\u201d4.17.3\u2033 _module_preset=\u201ddefault\u201d header_2_text_align=\u201dcenter\u201d text_orientation=\u201dcenter\u201d global_colors_info=\u201d{}\u201d]<h2>Need some help getting started?<\/h2>\nIn addition to the content available on our website and <a href=\"https:\/\/www.youtube.com\/channel\/UC0NVQi8_tGIy4SK0zSgo2_g\" target=\"_blank\" rel=\"noopener\">youtube channel<\/a>, we also provide support by email and Whatsapp, exclusively for PRO and PRO10 users. If you have questions, let us know ;)[\/et_pb_text][\/et_pb_column][\/et_pb_row][et_pb_row column_structure=\u201d1_2,1_2\u2033 _builder_version=\u201d4.17.3\u2033 _module_preset=\u201ddefault\u201d global_colors_info=\u201d{}\u201d] [et_pb_column type=\u201d1_2\u2033 _builder_version=\u201d4.17.3\u2033 _module_preset=\u201ddefault\u201d global_colors_info=\u201d{}\u201d][et_pb_text _builder_version=\u201d4.17.3\u2033 _module_preset=\u201ddefault\u201d text_orientation=\u201dcenter\u201d global_colors_info=\u201d{} \u201d]<h3>Whatsapp<\/h3>\nSend a message to <strong>+55 51 9985-9355<\/strong>&nbsp;if you have more pressing questions about using your PRO account.[\/et_pb_text][et_pb_button button_url=\u201dhttps:\/\/wa.me\/555199859355\u2033 button_text=\u201dSend message\u201d button_alignment=\u201dcenter\u201d _builder_version=\u201d4.17.3\u2033 _module_preset=\u201ddefault\u201d global_colors_info=\u201d{}\u201d][\/et_pb_button][\/et_pb_column][et_pb_column type=\u201d1_2\u2033 _builder_version=\u201d4.17.3\u2033 _module_preset=\u201ddefault\u201d global_colors_info=\u201d{}\u201d][et_pb_text _builder_version= \u201d4.17.3\u2033 _module_preset=\u201ddefault\u201d text_orientation=\u201dcenter\u201d global_colors_info=\u201d{}\u201d]<h3>Email<\/h3>\nSend an email to <strong>augin@augin.app<\/strong> if you need help using your PRO account.[\/et_pb_text][et_pb_button button_url=\u201dmailto:augin@augin.app\u201d button_text=\u201dSend email\u201d button_alignment=\u201dcenter\u201d _builder_version=\u201d4.17.3\u2033 _module_preset=\u201d default\u201d global_colors_info=\u201d{}\u201d][\/et_pb_button][\/et_pb_column][\/et_pb_row][\/et_pb_section]","protected":false},"excerpt":{"rendered":"<p>Trial activated successfully! Welcome to the Augin PRO10 Trial. Your account is already active and you have 10 days to enjoy all the features of our most complete version.Need some help getting started? In addition to the content available on our website and YouTube channel, we also provide support via email and Whatsapp, exclusive to [\u2026]<\/p>","protected":false},"author":7,"featured_media":0,"parent":0,"menu_order":0,"comment_status":"closed","ping_status":"closed","template":"","meta":{"_et_pb_use_builder":"on","_et_pb_old_content":"[et_pb_section fb_built=\"1\" _builder_version=\"4.17.3\" _module_preset=\"default\" global_colors_info=\"{}\"][et_pb_row _builder_version=\"4.17.3\" _module_preset=\"default\" global_colors_info=\"{}\"][et_pb_column type=\"4_4\" _builder_version=\"4.17.3\" _module_preset=\"default\" global_colors_info=\"{}\"][et_pb_icon font_icon=\"N||divi||400\" icon_color=\"#FE6A00\" _builder_version=\"4.17.3\" _module_preset=\"default\" global_colors_info=\"{}\"][\/et_pb_icon][et_pb_text _builder_version=\"4.17.3\" _module_preset=\"default\" text_orientation=\"center\" global_colors_info=\"{}\"]\n\n<span style=\"color: #008000;\"><strong>Compra conclu\u00edda com sucesso!<\/strong><\/span>\n\nSeja bem-vindo ao Augin PRO.\n\nSe voc\u00ea realizou o pagamento por <strong>cart\u00e3o de cr\u00e9dito<\/strong> ou <strong>Google Pay<\/strong>, sua conta j\u00e1 est\u00e1 <strong>ativa<\/strong>.\n\nSe voc\u00ea escolheu o pagamento por <strong>boleto banc\u00e1rio<\/strong>, sua conta ser\u00e1 ativada em at\u00e9 <strong>3 dias \u00fateis<\/strong> ap\u00f3s a quita\u00e7\u00e3o.\n\n&nbsp;\n\n[\/et_pb_text][\/et_pb_column][\/et_pb_row][et_pb_row _builder_version=\"4.17.3\" _module_preset=\"default\" global_colors_info=\"{}\"][et_pb_column type=\"4_4\" _builder_version=\"4.17.3\" _module_preset=\"default\" global_colors_info=\"{}\"][et_pb_text _builder_version=\"4.17.3\" _module_preset=\"default\" header_2_text_align=\"center\" text_orientation=\"center\" global_colors_info=\"{}\"]\n<h2>Precisa de uma ajuda para come\u00e7ar?<\/h2>\nAl\u00e9m do conte\u00fado dispon\u00edvel em nosso site e <a href=\"https:\/\/www.youtube.com\/channel\/UC0NVQi8_tGIy4SK0zSgo2_g\" target=\"_blank\" rel=\"noopener\">canal no Youtube<\/a>, disponibilizamos tamb\u00e9m suporte por e-mail e Whatsapp, exclusivo para usu\u00e1rios PRO e PRO10.\nSe tiver d\u00favidas, fale com a gente ;)\n\n[\/et_pb_text][\/et_pb_column][\/et_pb_row][et_pb_row column_structure=\"1_2,1_2\" _builder_version=\"4.17.3\" _module_preset=\"default\" global_colors_info=\"{}\"][et_pb_column type=\"1_2\" _builder_version=\"4.17.3\" _module_preset=\"default\" global_colors_info=\"{}\"][et_pb_text _builder_version=\"4.17.3\" _module_preset=\"default\" text_orientation=\"center\" global_colors_info=\"{}\"]\n<h3>Whatsapp<\/h3>\nMande uma mensagem para <strong>+55 51 9985-9355<\/strong>&nbsp;se tiver d\u00favidas mais urgentes quanto ao uso da sua conta PRO.\n\n[\/et_pb_text][et_pb_button button_url=\"https:\/\/wa.me\/555199859355\" button_text=\"Enviar mensagem\" button_alignment=\"center\" _builder_version=\"4.17.3\" _module_preset=\"default\" global_colors_info=\"{}\"][\/et_pb_button][\/et_pb_column][et_pb_column type=\"1_2\" _builder_version=\"4.17.3\" _module_preset=\"default\" global_colors_info=\"{}\"][et_pb_text _builder_version=\"4.17.3\" _module_preset=\"default\" text_orientation=\"center\" global_colors_info=\"{}\"]\n<h3>E-mail<\/h3>\nMande um e-mail para <strong>augin@augin.app<\/strong> se precisar de ajuda para utilizar sua conta PRO.\n\n[\/et_pb_text][et_pb_button button_url=\"mailto:augin@augin.app\" button_text=\"Enviar e-mail\" button_alignment=\"center\" _builder_version=\"4.17.3\" _module_preset=\"default\" hover_enabled=\"0\" global_colors_info=\"{}\" sticky_enabled=\"0\"][\/et_pb_button][\/et_pb_column][\/et_pb_row][\/et_pb_section]","_et_gb_content_width":"","inline_featured_image":false,"footnotes":""},"class_list":["post-239349","page","type-page","status-publish","hentry"],"aioseo_notices":[],"_links":{"self":[{"href":"https:\/\/augin.app\/en\/wp-json\/wp\/v2\/pages\/239349","targetHints":{"allow":["GET"]}}],"collection":[{"href":"https:\/\/augin.app\/en\/wp-json\/wp\/v2\/pages"}],"about":[{"href":"https:\/\/augin.app\/en\/wp-json\/wp\/v2\/types\/page"}],"author":[{"embeddable":true,"href":"https:\/\/augin.app\/en\/wp-json\/wp\/v2\/users\/7"}],"replies":[{"embeddable":true,"href":"https:\/\/augin.app\/en\/wp-json\/wp\/v2\/comments?post=239349"}],"version-history":[{"count":4,"href":"https:\/\/augin.app\/en\/wp-json\/wp\/v2\/pages\/239349\/revisions"}],"predecessor-version":[{"id":239353,"href":"https:\/\/augin.app\/en\/wp-json\/wp\/v2\/pages\/239349\/revisions\/239353"}],"wp:attachment":[{"href":"https:\/\/augin.app\/en\/wp-json\/wp\/v2\/media?parent=239349"}],"curies":[{"name":"wp","href":"https:\/\/api.w.org\/{rel}","templated":true}]}}