{"id":239884,"date":"2023-09-18T14:57:15","date_gmt":"2023-09-18T17:57:15","guid":{"rendered":"https:\/\/augin.app\/?page_id=239884"},"modified":"2023-09-18T16:48:24","modified_gmt":"2023-09-18T19:48:24","slug":"compartilhar-historias","status":"publish","type":"page","link":"https:\/\/augin.app\/en\/compartilhar-historias\/","title":{"rendered":"Share stories"},"content":{"rendered":"<p>[et_pb_section fb_built=\u201d1\u2033 custom_padding_last_edited=\u201don|phone\u201d next_background_color=\u201d#ffffff\u201d _builder_version=\u201d4.22.1\u2033 _module_preset=\u201ddefault\u201d background_color=\u201d#E8E8F0\u2033 custom_padding=\u201d||85px||false|false\u201d custom_padding_table t= \u201d||85px||false|false\u201d custom_padding_phone=\u201d||25px||false|false\u201d top_divider_height=\u201d280px\u201d top_divider_height_tablet=\u201d\u201d top_divider_height_phone=\u201d\u201d top_divider_height_last_edited=\u201don|tablet\u201d bottom_divider_style=\u201dwave\u201d bottom_divider_repeat=\u201d 1x\u201d bottom_divider_flip=\u201dhorizontal\u201d bottom_divider_height_tablet=\u201d50px\u201d bottom_divider_height_phone=\u201d35px\u201d bottom_divider_height_last_edited=\u201don|phone\u201d global_colors_info=\u201d{}\u201d][et_pb_row column_structure=\u201d3_5,2_5\u2033 _builder_version=\u201d4.16\u2033 _mod ule_preset=\u201ddefault\u201d global_colors_info=\u201d{}\u201d][et_pb_column type=\u201d3_5\u2033 _builder_version=\u201d4.16\u2033 _module_preset=\u201ddefault\u201d custom_padding_tablet=\u201d0px||||false|false\u201d custom_padding_phone=\u201d\u201d custom_padding_last_edited=\u201don|tablet\u201d global_colors_info=\u201d {}\u201d][et_pb_text _builder_version=\u201d4.22.1\u2033 _module_preset=\u201ddefault\u201d text_font_size=\u201d17px\u201d header_text_color=\u201d#FE6A00\u2033 header_font_size=\u201d45px\u201d custom_margin_tablet=\u201d|0px|||false|false\u201d custom_margin_phone=\u201d\u201d custom_margin_ last_edited =\u201don|phone\u201d header_font_size_tablet=\u201d35px\u201d header_font_size_phone=\u201d30px\u201d header_font_size_last_edited=\u201don|desktop\u201d global_colors_info=\u201d{}\u201d]<\/p>\n<h1>Share your success story with Augin.<\/h1>\n<p>At Augin, we believe that our users are the driving force behind the innovation and success of our augmented reality platform in the Architecture, Engineering and Construction (AEC) industry. Your experiences and insights are important to us and we want to know how Augin has transformed your projects and processes. Share your Augin story with us and be part of our story.<\/p>\n<p>[\/et_pb_text][\/et_pb_column][et_pb_column type=\u201d2_5\u2033 _builder_version=\u201d4.16\u2033 _module_preset=\u201ddefault\u201d global_colors_info=\u201d{}\u201d][et_pb_image src=\u201dhttps:\/\/augin.app\/wp-content\/uploads \/2021\/11\/contrutoras.png\u201d title_text=\u201dcontrutoras\u201d align=\u201dcenter\u201d _builder_version=\u201d4.22.1\u2033 _module_preset=\u201ddefault\u201d transform_scale_tablet=\u201d\u201d transform_scale_phone=\u201d\u201d transform_scale_last_edited=\u201don|desktop\u201d transform_translate=\u201d- 150px | transform_skew_phone =\u201d\u201d transform_skew_last_edited=\u201don|desktop\u201d transform_origin_tablet=\u201d\u201d transform_origin_phone=\u201d\u201d transform_origin_last_edited=\u201don|desktop\u201d transform_styles_last_edited=\u201don|phone\u201d width=\u201d150%\u201d width_tablet=\u201d60%\u201d width_phone=\u201d100%\u201d width_last_edited= \u201d on|desktop\u201d max_height=\u201d360px\u201d custom_margin=\u201d0px||-15px||false|false\u201d custom_margin_tablet=\u201d0px||||false|false\u201d custom_margin_phone=\u201d0px||-25px||false|false\u201d custom_margin_last_edited =\u201don|phone\u201d transform_styles_tablet=\u201d\u201d transform_styles_phone=\u201d\u201d global_colors_info=\u201d{}\u201d][\/et_pb_image][\/et_pb_column][\/et_pb_row][et_pb_row column_structure=\u201d1_3,1_3,1_3\u2033 _builder_version=\u201d4.16\u2033 _module_preset =\u201ddefault\u201d global_colors_info=\u201d{}\u201d][et_pb_column type=\u201d1_3\u2033 _builder_version=\u201d4.16\u2033 _module_preset=\u201ddefault\u201d global_colors_info=\u201d{}\u201d][et_pb_blurb title=\u201dINSPIRE OTHERS\u201d image=\u201dhttps:\/\/ Augin.app\/wp-content\/uploads\/2021\/11\/veja-o-potencial.svg\u201d icon_placement=\u201dleft\u201d image_icon_width=\u201d50px\u201d _builder_version=\u201d4.22.1\u2033 _module_preset=\u201ddefault\u201d header_level=\u201dh5\u2033 header_text_color =\u201d#FE6A00\u2033 image_max_width=\u201d50px\u201d global_colors_info=\u201d{}\u201d]<\/p>\n<p style=\"text-align: left;\">Your story can inspire other Augin users and AEC professionals around the world to explore the limitless possibilities of augmented reality.<\/p>\n<p>[\/et_pb_blurb][\/et_pb_column][et_pb_column type=\u201d1_3\u2033 _builder_version=\u201d4.16\u2033 _module_preset=\u201ddefault\u201d global_colors_info=\u201d{}\u201d][et_pb_blurb title=\u201dSHOW YOUR WORK\u201d image=\u201dhttps:\/\/augin. app\/wp-content\/uploads\/2021\/11\/propostas-com-confianca.svg\u201d icon_placement=\u201dleft\u201d image_icon_width=\u201d50px\u201d _builder_version=\u201d4.22.1\u2033 _module_preset=\u201ddefault\u201d header_level=\u201dh5\u2033 header_text_color=\u201d #FE6A00\u2033 image_max_width=\u201d50px\u201d global_colors_info=\u201d{}\u201d]<\/p>\n<p>Get recognition and showcase your projects to a global audience.<\/p>\n<p>[\/et_pb_blurb][\/et_pb_column][et_pb_column type=\u201d1_3\u2033 _builder_version=\u201d4.16\u2033 _module_preset=\u201ddefault\u201d global_colors_info=\u201d{}\u201d][et_pb_blurb title=\u201dCONTRIBUTE TO THE GROWTH OF AUGIN\u201d image=\u201dhttps:\/ \/augin.app\/wp-content\/uploads\/2021\/11\/informacoes-acionaveis.svg\u201d icon_placement=\u201dleft\u201d image_icon_width=\u201d50px\u201d _builder_version=\u201d4.22.1\u2033 _module_preset=\u201ddefault\u201d header_level=\u201dh5\u2033 header_text_color= \u201d#FE6A00\u2033 image_max_width=\u201d50px\u201d global_colors_info=\u201d{}\u201d]<\/p>\n<p>Your feedback and experiences help us continually improve and refine our platform to better serve you.<\/p>\n<p>[\/et_pb_blurb][\/et_pb_column][\/et_pb_row][\/et_pb_section][et_pb_section fb_built=&#8221;1&#8243; _builder_version=&#8221;4.22.1&#8243; _module_preset=&#8221;default&#8221; global_colors_info=&#8221;{}&#8221;][et_pb_row _builder_version=&#8221;4.22.1&#8243; _module_preset=&#8221;default&#8221; background_color=&#8221;#e8e8f0&#8243; custom_padding=&#8221;20px|20px|20px|20px|false|false&#8221; global_colors_info=&#8221;{}&#8221;][et_pb_column type=&#8221;4_4&#8243; _builder_version=&#8221;4.22.1&#8243; _module_preset=&#8221;default&#8221; global_colors_info=&#8221;{}&#8221;][et_pb_contact_form email=&#8221;mariana@augin.app&#8221; title=&#8221;Conte-nos sua hist\u00f3ria com o Augin&#8221; custom_message=&#8221;Nome: %%Name%%||et_pb_line_break_holder||Empresa: %%Empresa%%||et_pb_line_break_holder||E-mail: %%Email%%||et_pb_line_break_holder||Telefone: %%Telefone%%||et_pb_line_break_holder||Hist\u00f3ria: %%Historia%%&#8221; success_message=&#8221;Obrigado por enviar a sua hist\u00f3ria.&#8221; _builder_version=&#8221;4.22.1&#8243; _module_preset=&#8221;default&#8221; _unique_id=&#8221;47eeb9e9-d262-4d9f-852e-146c63ee2b56&#8243; form_field_background_color=&#8221;#FFFFFF&#8221; form_field_focus_background_color=&#8221;#FFFFFF&#8221; title_line_height=&#8221;2.4em&#8221; hover_enabled=&#8221;0&#8243; global_colors_info=&#8221;{}&#8221; sticky_enabled=&#8221;0&#8243;][et_pb_contact_field field_id=&#8221;Name&#8221; field_title=&#8221;Nome&#8221; _builder_version=&#8221;4.22.1&#8243; global_colors_info=&#8221;{}&#8221; button_text_size__hover_enabled=&#8221;off&#8221; button_one_text_size__hover_enabled=&#8221;off&#8221; button_two_text_size__hover_enabled=&#8221;off&#8221; button_text_color__hover_enabled=&#8221;off&#8221; button_one_text_color__hover_enabled=&#8221;off&#8221; button_two_text_color__hover_enabled=&#8221;off&#8221; button_border_width__hover_enabled=&#8221;off&#8221; button_one_border_width__hover_enabled=&#8221;off&#8221; button_two_border_width__hover_enabled=&#8221;off&#8221; button_border_color__hover_enabled=&#8221;off&#8221; button_one_border_color__hover_enabled=&#8221;off&#8221; button_two_border_color__hover_enabled=&#8221;off&#8221; button_border_radius__hover_enabled=&#8221;off&#8221; button_one_border_radius__hover_enabled=&#8221;off&#8221; button_two_border_radius__hover_enabled=&#8221;off&#8221; button_letter_spacing__hover_enabled=&#8221;off&#8221; button_one_letter_spacing__hover_enabled=&#8221;off&#8221; button_two_letter_spacing__hover_enabled=&#8221;off&#8221; button_bg_color__hover_enabled=&#8221;off&#8221; button_one_bg_color__hover_enabled=&#8221;off&#8221; button_two_bg_color__hover_enabled=&#8221;off&#8221;][\/et_pb_contact_field][et_pb_contact_field field_id=&#8221;Email&#8221; field_title=&#8221;E-mail&#8221; field_type=&#8221;email&#8221; _builder_version=&#8221;4.22.1&#8243; global_colors_info=&#8221;{}&#8221; button_text_size__hover_enabled=&#8221;off&#8221; button_one_text_size__hover_enabled=&#8221;off&#8221; button_two_text_size__hover_enabled=&#8221;off&#8221; button_text_color__hover_enabled=&#8221;off&#8221; button_one_text_color__hover_enabled=&#8221;off&#8221; button_two_text_color__hover_enabled=&#8221;off&#8221; button_border_width__hover_enabled=&#8221;off&#8221; button_one_border_width__hover_enabled=&#8221;off&#8221; button_two_border_width__hover_enabled=&#8221;off&#8221; button_border_color__hover_enabled=&#8221;off&#8221; button_one_border_color__hover_enabled=&#8221;off&#8221; button_two_border_color__hover_enabled=&#8221;off&#8221; button_border_radius__hover_enabled=&#8221;off&#8221; button_one_border_radius__hover_enabled=&#8221;off&#8221; button_two_border_radius__hover_enabled=&#8221;off&#8221; button_letter_spacing__hover_enabled=&#8221;off&#8221; button_one_letter_spacing__hover_enabled=&#8221;off&#8221; button_two_letter_spacing__hover_enabled=&#8221;off&#8221; button_bg_color__hover_enabled=&#8221;off&#8221; button_one_bg_color__hover_enabled=&#8221;off&#8221; button_two_bg_color__hover_enabled=&#8221;off&#8221;][\/et_pb_contact_field][et_pb_contact_field field_id=&#8221;Empresa&#8221; field_title=&#8221;Empresa&#8221; required_mark=&#8221;off&#8221; _builder_version=&#8221;4.22.1&#8243; _module_preset=&#8221;default&#8221; global_colors_info=&#8221;{}&#8221;][\/et_pb_contact_field][et_pb_contact_field field_id=&#8221;Telefone&#8221; field_title=&#8221;Telefone&#8221; required_mark=&#8221;off&#8221; _builder_version=&#8221;4.22.1&#8243; _module_preset=&#8221;default&#8221; global_colors_info=&#8221;{}&#8221;][\/et_pb_contact_field][et_pb_contact_field field_id=&#8221;Historia&#8221; field_title=&#8221;Compartilhe suas experi\u00eancias, projetos e como Augin fez a diferen\u00e7a em seu trabalho. Sinta-se \u00e0 vontade para incluir quaisquer desafios que voc\u00ea superou ou solu\u00e7\u00f5es exclusivas que voc\u00ea desenvolveu com Augin. Seja voc\u00ea um profissional aut\u00f4nomo, parte de uma empresa, acad\u00eamico ou estudante.&#8221; field_type=&#8221;text&#8221; fullwidth_field=&#8221;on&#8221; _builder_version=&#8221;4.22.1&#8243; global_colors_info=&#8221;{}&#8221; button_text_size__hover_enabled=&#8221;off&#8221; button_one_text_size__hover_enabled=&#8221;off&#8221; button_two_text_size__hover_enabled=&#8221;off&#8221; button_text_color__hover_enabled=&#8221;off&#8221; button_one_text_color__hover_enabled=&#8221;off&#8221; button_two_text_color__hover_enabled=&#8221;off&#8221; button_border_width__hover_enabled=&#8221;off&#8221; button_one_border_width__hover_enabled=&#8221;off&#8221; button_two_border_width__hover_enabled=&#8221;off&#8221; button_border_color__hover_enabled=&#8221;off&#8221; button_one_border_color__hover_enabled=&#8221;off&#8221; button_two_border_color__hover_enabled=&#8221;off&#8221; button_border_radius__hover_enabled=&#8221;off&#8221; button_one_border_radius__hover_enabled=&#8221;off&#8221; button_two_border_radius__hover_enabled=&#8221;off&#8221; button_letter_spacing__hover_enabled=&#8221;off&#8221; button_one_letter_spacing__hover_enabled=&#8221;off&#8221; button_two_letter_spacing__hover_enabled=&#8221;off&#8221; button_bg_color__hover_enabled=&#8221;off&#8221; button_one_bg_color__hover_enabled=&#8221;off&#8221; button_two_bg_color__hover_enabled=&#8221;off&#8221;][\/et_pb_contact_field][et_pb_contact_field field_id=&#8221;Consentimento&#8221; field_title=&#8221;Consentimento para Publica\u00e7\u00e3o&#8221; field_type=&#8221;checkbox&#8221; checkbox_options=&#8221;%91{%22value%22:%22Ao enviar sua hist\u00f3ria, voc\u00ea concede permiss\u00e3o \u00e0 Augin para public\u00e1-la em nosso site, canais de m\u00eddia social e materiais promocionais.%22,%22checked%22:0,%22dragID%22:-1}%93&#8243; fullwidth_field=&#8221;on&#8221; _builder_version=&#8221;4.22.1&#8243; _module_preset=&#8221;default&#8221; global_colors_info=&#8221;{}&#8221;][\/et_pb_contact_field][\/et_pb_contact_form][et_pb_text _builder_version=&#8221;4.22.1&#8243; _module_preset=&#8221;default&#8221; global_colors_info=&#8221;{}&#8221;]<\/p>\n<p style=\"text-align: center;\"><strong>Augin respects your privacy<\/strong><br \/>We will not share your personal contact information without your consent.<\/p>\n<p style=\"text-align: center;\"><strong>Questions or Assistance<\/strong><br \/>If you have any questions or need help with your submission, please contact our team at mariana@augin.app.<\/p>\n<p>[\/et_pb_text][\/et_pb_column][\/et_pb_row][\/et_pb_section]<\/p>","protected":false},"excerpt":{"rendered":"<p>Share your success story with Augin. At Augin, we believe that our users are the driving force behind the innovation and success of our augmented reality platform in the Architecture, Engineering and Construction (AEC) industry. Your experiences and insights are important to us and we want to know how Augin transformed your [\u2026]<\/p>","protected":false},"author":7,"featured_media":0,"parent":0,"menu_order":0,"comment_status":"closed","ping_status":"closed","template":"","meta":{"_et_pb_use_builder":"on","_et_pb_old_content":"<!-- wp:divi\/placeholder \/-->","_et_gb_content_width":"","inline_featured_image":false,"footnotes":""},"class_list":["post-239884","page","type-page","status-publish","hentry"],"aioseo_notices":[],"_links":{"self":[{"href":"https:\/\/augin.app\/en\/wp-json\/wp\/v2\/pages\/239884","targetHints":{"allow":["GET"]}}],"collection":[{"href":"https:\/\/augin.app\/en\/wp-json\/wp\/v2\/pages"}],"about":[{"href":"https:\/\/augin.app\/en\/wp-json\/wp\/v2\/types\/page"}],"author":[{"embeddable":true,"href":"https:\/\/augin.app\/en\/wp-json\/wp\/v2\/users\/7"}],"replies":[{"embeddable":true,"href":"https:\/\/augin.app\/en\/wp-json\/wp\/v2\/comments?post=239884"}],"version-history":[{"count":9,"href":"https:\/\/augin.app\/en\/wp-json\/wp\/v2\/pages\/239884\/revisions"}],"predecessor-version":[{"id":239898,"href":"https:\/\/augin.app\/en\/wp-json\/wp\/v2\/pages\/239884\/revisions\/239898"}],"wp:attachment":[{"href":"https:\/\/augin.app\/en\/wp-json\/wp\/v2\/media?parent=239884"}],"curies":[{"name":"wp","href":"https:\/\/api.w.org\/{rel}","templated":true}]}}