{"id":1269,"date":"2021-10-18T11:18:57","date_gmt":"2021-10-18T14:18:57","guid":{"rendered":"https:\/\/augin.app\/?page_id=1269"},"modified":"2025-12-05T17:09:07","modified_gmt":"2025-12-05T20:09:07","slug":"pagina-inicial","status":"publish","type":"page","link":"https:\/\/augin.app\/es\/","title":{"rendered":"P\u00e1gina de inicio"},"content":{"rendered":"<p>[et_pb_section fb_built=\u201d1\u2033 _builder_version=\u201d4.16\u2033 _module_preset=\u201ddefault\u201d background_color=\u201d#E8E8F0\u2033 top_divider_height=\u201d280px\u201d top_divider_height_tablet=\u201d\u201d top_divider_height_phone=\u201d\u201d top_divider_height_last_edited\u201dbottom_vider_style=\u201don | #FFFFFF\u201d bottom_divider_repeat=\u201d1x\u201d bottom_divider_flip =\u201dhorizontal\u201d bottom_divider_height_tablet=\u201d50px\u201d bottom_divider_height_phone=\u201d35px\u201d bottom_divider_height_last_edited=\u201don|phone\u201d bloqueado=\u201doff\u201d global_colors_info=\u201d{}\u201d][etstructure_pb_row column_1_\u201d2\u2033, _builder_version=\u201d4.16\u2033 _module_preset=\u201ddefault\u201d global_colors_info=\u201d{}\u201d][et_pb_column type=\u201d1_2\u2033 _builder_version=\u201d4.16\u2033 _module_preset=\u201ddefault\u201d custom_padding=\u201d60px||||false|false\u201d custom_padding_tablet=\u201d0px ||||false|false\u201d custom_padding_phone= \u201d\u201d custom_padding_last_edited=\u201don|phone\u201d global_colors_info=\u201d{}\u201d][et_pb_text _builder_version=\u201d4.16\u2033 _module_preset=\u201ddefault\u201d text_font_size=\u201d17px\u201d header_text_color=\u201d#FE6A00\u2033 header_font_size= &quot;45px&quot; custom_margin_tablet=\u201d|0px|||false|false\u201d custom_margin_phone=\u201d\u201d custom_margin_last_edited=\u201den|tel\u00e9fono\u201d header_font_size_tablet=\u201d35px\u201d header_font_size_phone=\u201d30px\u201d header_font_size_last_edited=\u201den|escritorio\u201d global_colors_info=\u201d{}\u201d]<\/p>\n<h1><strong>Comunicarse mejor,<br \/>construir mejor\u00a0<\/strong><\/h1>\n<p><span style=\"font-weight: 400;\">Saque sus modelos BIM de la oficina y p\u00f3ngalos en manos de sus clientes y equipo en el lugar de trabajo <\/span><strong>en entornos colaborativos inmersivos.<\/strong><\/p>\n<p>[\/et_pb_text][et_pb_button button_url=\u201d#download-augin-hub\u201d button_text=\u201dPru\u00e9belo ahora\u201d _builder_version=\u201d4.16\u2033 _module_preset=\u201ddefault\u201d custom_button=\u201don\u201d button_text_size=\u201d17px\u201d button_bg_color=\u201d#FE6A00\u2033 button_border_radius=\u201d 10px \u201d button_font=\u201dCircular Pro Negrita||||||||\u201d but- button_text_color__hover_enabled=\u201don|hover\u201d button_text_color__hover=\u201d#FE6A00\u2033][\/et_pb_button][\/et_pb_column][et_pb_column type=\u201d1_2\u2033 _builder_version=\u201d4.16\u2033 _module_preset=\u201ddefault\u201d global_colors_info=\u201d{=\u201d_bimage][et_pb_image][et_pb_image][et_pb_image] \u201d_image https:\/\/augin.app\/wp-content\/uploads\/2021\/10\/augin-app-responsivo.png\u201d title_text=\u201daugin-app-responsivo\u201d show_bottom_space=\u201doff\u201d align=\u201dcenter\u201d align_tablet=\u201d right\u201d align_phone=\u201d\u201d align_last_edited=\u201den|tel\u00e9fono\u201d _builder_version=\u201d4.16\u2033 _module_preset=\u201ddefault\u201d width=\u201d135%\u201d width_tablet=\u201d100%\u201d width_phone=\u201d\u201d width_last_edited=\u201den|escritorio\u201d custom_margin=\u201d||- 150px| |false|false\u201d custom_margin_tablet=\u201d||0px|70px|false|false\u201d custom_margin_phone=\u201d|||30px|false|false\u201d custom_margin_last_edited=\u201danimaci\u00f3n en|escritorio\u201d n_style=\u201dslide\u201d animation_direction=\u201dright\u201d animation_intensity_slide=\u201d5%\u201d animation_speed_curve=\u201dease-out\u201d global_colors_info=\u201d{}\u201d width__hover_enabled=\u201doff|escritorio\u201d][\/et_pb_image][\/et_pb_column][\/et_pb_row][\/ et_pb_section][et_pb_section fb_built=\u201d1\u2033 _builder_version=\u201d4.16\u2033 _module_preset=\u201ddefault\u201dlocked=\u201doff\u201d global_colors_info=\u201d{}\u201d][et_pb_row _builder_version=\u201d4.16\u2033 _module_preset=\u201ddefault\u201dlocked=\u201doff\u201d global_colors_info= \u201d{}\u201d][et_pb_column type=\u201d4_4\u2033 _builder_version=\u201d4.16\u2033 _module_preset=\u201ddefault\u201d global_colors_info=\u201d{}\u201d][et_pb_text _builder_version=\u201d4.16\u2033 _module_preset=\u201ddefault\u201d text_font_size=\u201d17px\u201d header_2_text_color6=\u201d1004T \u2033 custom_padding=\u201d|16%||16%|false|true\u201d custom_padding_tablet=\u201d|0%||0%|false|true\u201d custom_padding_phone=\u201d\u201d custom_padding_last_edited=\u201don|phone\u201d global_colors_info=\u201d{}\u201d custom_padding__hover_enabled=\u201doff|desktop \u201d]<\/p>\n<h2 style=\"text-align: center;\"><span style=\"font-weight: 400;\">\u00bfQu\u00e9 es Augin?<\/span><\/h2>\n<p style=\"text-align: center;\">\u00a0<span style=\"font-weight: 400;\">La plataforma Augin pone sus proyectos en un entorno colaborativo inmersivo. Somos una soluci\u00f3n que busca optimizar tu comunicaci\u00f3n, con clientes y empleados, en el d\u00eda a d\u00eda.<\/span><span style=\"font-weight: 400;\"> <\/span><\/p>\n<p>[\/et_pb_text][\/et_pb_column][\/et_pb_row][et_pb_row column_structure=\u201d1_4,1_4,1_4,1_4\u2033 use_custom_gutter=\u201don\u201d gutter_width=\u201d2\u2033 _builder_version=\u201d4.16\u2033 _module_preset=\u201ddefault\u201d global_colors_info=\u201d{} \u201d][et_pb_column type=\u201d1_4\u2033 _builder_version=\u201d4.16\u2033 _module_preset=\u201ddefault\u201d global_colors_info=\u201d{}\u201d][et_pb_blurb title=\u201dServicio en la nube\u201d image=\u201dhttps:\/\/augin.app\/wp-content\/ uploads \/2021\/10\/servico-de-nuvem.svg\u201d image_icon_width=\u201d45%\u201d image_icon_width_tablet=\u201d45%\u201d image_icon_width_phone=\u201d30%\u201d image_icon_width_last_edited=\u201den|tel\u00e9fono\u201d _builder_version=\u201d4.16\u2033 _module_width5 header_level=\u201dfont \u2033default header=\u201d \u201d|||en|||||\u201d header_text_color=\u201d#FE6A00\u2033 text_orientation=\u201dcenter\u201d animation_style=\u201dfade\u201d border_radii_image=\u201don|25px|25px|25px|25px\u201d border_width_all_image=\u201d3px\u201d border_color_all_image=\u201d#E8E8F0\u2033 image_max_width=\u201d45%\u201d image_max_widthphone=\u201dt_th\u201d image_width_tablet =\u201d 30%\u201d image_max_width_last_edited=\u201dencendido|tel\u00e9fono\u201d bloqueado=\u201dapagado\u201d global_colors_info=\u201d{}\u201d]<\/p>\n<p><span style=\"font-weight: 400;\">Comparta sin problemas sus proyectos con todos, en cualquier lugar.<\/span><span style=\"font-weight: 400;\"> <\/span><\/p>\n<p>[\/et_pb_blurb][\/et_pb_column][et_pb_column type=\u201d1_4\u2033 _builder_version=\u201d4.16\u2033 _module_preset=\u201ddefault\u201d global_colors_info=\u201d{}\u201d][et_pb_blurb title=\u201dRealidad aumentada\u201d image=\u201dhttps:\/\/augin.app \/wp-content\/uploads\/2021\/10\/reality-augmented.svg\u201d image_icon_width=\u201d45%\u201d image_icon_width_tablet=\u201d45%\u201d image_icon_width_phone=\u201d30%\u201d image_icon_widath_last_edited=\u201den|tel\u00e9fono\u201d _builder_version=\u201d4.16\u2033 header_level_default_preset= \u201d =\u201dh5\u2033 header_font=\u201d|||en|||||\u201d header_text_color=\u201d#FE6A00\u2033 text_orientation=\u201dcenter\u201d animation_style=\u201dfade\u201d border_radii_image=\u201don|25px|25px|25px|25px\u201d border_width_all_image=\u201d3px\u201d border_color_all_image=\u201d#E8E8F0\u2033 image_max_width=\u201d45%\u201d image_max_widthphone=\u201dt_th\u201d image_width_tablet =\u201d 30%\u201d image_max_width_last_edited=\u201dencendido|tel\u00e9fono\u201d bloqueado=\u201dapagado\u201d global_colors_info=\u201d{}\u201d]<\/p>\n<p><span style=\"font-weight: 400;\">Garantice un formato y una experiencia de visualizaci\u00f3n m\u00e1s interactivos y realistas para su proyecto.<\/span><span style=\"font-weight: 400;\"> <\/span><\/p>\n<p>[\/et_pb_blurb][\/et_pb_column][et_pb_column type=\u201d1_4\u2033 _builder_version=\u201d4.16\u2033 _module_preset=\u201ddefault\u201d global_colors_info=\u201d{}\u201d][et_pb_blurb title=\u201dVelocidad\u201d image=\u201dhttps:\/\/augin.app\/ wp-content\/uploads\/2021\/10\/velocidade.svg\u201d image_icon_width=\u201d45%\u201d image_icon_width_tablet=\u201d45%\u201d image_icon_width_phone=\u201d30%\u201d image_icon_width_last_edited=\u201don|phone\u201d _builder_version=\u201d4.16\u2033 _module\u201d\u201dpreset_default=\u201dheader\u201d 5 header_level=\u201d \u2033 header_font=\u201d|||en|||||\u201d header_text_color=\u201d#FE6A00\u2033 text_orientation=\u201dcenter\u201d animation_style=\u201dfade\u201d border_radii_image=\u201don|25px|25px|25px|25px\u201d border_width_all_image=\u201d3px\u201d border_color_all_image=\u201d#E8E8F0\u2033 image_max_width=\u201d45%\u201d image_max_widthphone=\u201dt_th\u201d image_width_tablet =\u201d 30%\u201d image_max_width_last_edited=\u201dencendido|tel\u00e9fono\u201d bloqueado=\u201dapagado\u201d global_colors_info=\u201d{}\u201d]<\/p>\n<p><span style=\"font-weight: 400;\">Visualiza y consulta tus proyectos con fluidez, nuestro formato de archivo permite abrir proyectos grandes en segundos.<\/span><span style=\"font-weight: 400;\"> <\/span><\/p>\n<p>[\/et_pb_blurb][\/et_pb_column][et_pb_column type=\u201d1_4\u2033 _builder_version=\u201d4.16\u2033 _module_preset=\u201ddefault\u201d global_colors_info=\u201d{}\u201d][et_pb_blurb title=\u201dInteracci\u00f3n con su equipo\u201d image=\u201dhttps:\/\/augin .app\/wp-content\/uploads\/2021\/10\/equipe.svg\u201d image_icon_width=\u201d45%\u201d image_icon_width_tablet=\u201d45%\u201d image_icon_width_phone=\u201d30%\u201d image_icon_width_last_edited=\u201don|phone\u201d _builder_version=\u201d4.16\u2033 _module_preault\u201d headerset =\u201d =\u201d \u201dh5\u2033 header_font=\u201d|||en|||||\u201d header_text_color=\u201d#FE6A00\u2033 text_orientation=\u201dcenter\u201d animation_style=\u201dfade\u201d border_radii_image=\u201don|25px|25px|25px|25px\u201d border_width_all_image=\u201d3px\u201d border_color_all_image=\u201d#E8E8F0\u2033 image_max_width=\u201d45%\u201d image_max_widthphone=\u201dt_th\u201d image_width_tablet =\u201d 30%\u201d image_max_width_last_edited=\u201dencendido|tel\u00e9fono\u201d bloqueado=\u201dapagado\u201d global_colors_info=\u201d{}\u201d]<\/p>\n<p><span style=\"font-weight: 400;\">Visualiza tu proyecto a escala humana y junto con otros en un entorno inmersivo. <\/span><\/p>\n<p>[\/et_pb_blurb][\/et_pb_column][\/et_pb_row][\/et_pb_section][et_pb_section fb_built=\u201d1\u2033 _builder_version=\u201d4.16\u2033 _module_preset=\u201ddefault\u201d background_image=\u201dhttps:\/\/augin.app\/wp-content\/uploads\/ 2021\/10\/m\u00e1s-de-300-mil-proyectos.jpg\u201d bloqueado=\u201ddesactivado\u201d global_colors_info=\u201d{}\u201d][et_pb_row column_structure=\u201d1_2,1_2\u2033 _builder_version=\u201d4.16\u2033 _module_preset=\u201ddefault\u201d global_colors_info=\u201d {}\u201d][et_pb_column type=\u201d1_2\u2033 _builder_version=\u201d4.16\u2033 _module_preset=\u201ddefault\u201d global_colors_info=\u201d{}\u201d][\/et_pb_column][et_pb_column type=\u201d1_2\u2033 _builder_version=\u201d4.16\u2033 _module_preset=\u201ddefault\u201d global_colors_info =\u201d{}\u201d][et_pb_text _builder_version=\u201d4.16\u2033 _module_preset=\u201ddefault\u201d text_font_size=\u201d20px\u201d header_font=\u201d||on||||||\u201d header_font_size=\u201d70px\u201d header_line_height=\u201d0.8em\u201d background_layout=\u201doscuro\u201d header_font_size_tablet=\u201d70px\u201d header_font_size_phone=\u201d60px\u201d header_font_size_last_edited=\u201den|tel\u00e9fono\u201d global_colors_info=\u201d{}\u201d]<\/p>\n<h2>M\u00e1s que<\/h2>\n<h1>300.000<\/h1>\n<h2>proyectos alrededor del mundo<\/h2>\n<p>[\/et_pb_text][et_pb_text _builder_version=\u201d4.16\u2033 _module_preset=\u201ddefault\u201d text_font_size=\u201d20px\u201d header_font=\u201d||on||||||\u201d header_font_size=\u201d70px\u201d header_line_height=\u201d0.8em\u201d background_layout=\u201doscuro\u201d header_font_size_tablet=\u201d70px\u201d header_font_size_phone=\u201d60px\u201d header_font_size_last_edited=\u201den|tel\u00e9fono\u201d global_colors_info=\u201d{}\u201d]<\/p>\n<p>Ayudar a las empresas de todos los tama\u00f1os a comunicarse m\u00e1s f\u00e1cilmente.<\/p>\n<p>[\/et_pb_text][et_pb_button button_url=\u201d#download-augin-hub\u201d button_text=\u201dComenzar ahora\u201d button_alignment=\u201dleft\u201d _builder_version=\u201d4.16\u2033 _module_preset=\u201ddefault\u201d custom_button=\u201don\u201d button_text_size=\u201d17px\u201d button_text_color=\u201d#FE6A00 \u2033 button_bg_color=\u201d#FFFFFF\u201d button_border_radius=\u201d10px\u201d button_font=\u201dCircular Pro Bold||||||||\u201d but- \u201don|hover\u201d button_text_color__hover_enabled=\u201don|hover\u201d button_text_color__hover=\u201d#FFFFFF\u201d][\/et_pb_button][\/et_pb_column][\/et_pb_row][\/et_pb_section][et_pb_section fb_built=\u201d1\u2033 special=\u201don\u201d _builder_version= \u201d4.16 \u2033 _module_preset=\u201ddefault\u201d background_color=\u201d#F3F4F9\u2033 custom_margin=\u201d||-120px||false|false\u201d custom_margin_tablet=\u201d||0px||false|false\u201d custom_margin_phone=\u201d\u201d custom_margin_last_edited=\u201don|desktop\u201d bloqueado =\u201d off\u201d global_colors_info=\u201d{}\u201d][et_pb_column type=\u201d1_3\u2033 _builder_version=\u201d4.16\u2033 custom_padding=\u201d|||\u201d global_colors_info=\u201d{}\u201d custom_padding__hover=\u201d|||\u201d][et_pb_image src=\u201dhttps:\/\/augin.app\/wp-content\/uploads\/2021\/10\/augin-app-celular.png\u201d title_text=\u201daugin- aplicaci\u00f3n m\u00f3vil\u201d show_bottom_space=\u201doff\u201d align=\u201dcenter\u201d _builder_version=\u201d4.16\u2033 _module_preset=\u201ddefault\u201d width=\u201d115%\u201d width_tablet=\u201d50%\u201d width_phone=\u201d75%\u201d width_last_edited=\u201don|desktop\u201d animation_direction=\u201dbottom\u201d global_colors_info=\u201d{}\u201d][\/et_pb_image][\/et_pb_column][et_pb_column type=\u201d2_3\u2033 special_columns=\u201d2\u2033 _builder_version=\u201d4.16\u2033 custom_padding=\u201d|||\u201d global_colors_info=\u201d{}\u201d custom_padding__hover=\u201d|||\u201d][et_pb_row_inner _builder_version=\u201d4.16\u2033 _module_preset=\u201ddefault\u201d custom_padding=\u201d||0px||false|false\u201d global_colors_info=\u201d{}\u201d][et_pb_column_inner Saved_specialty_column_type=\u201d 2_3\u2033 _builder_version=\u201d4.16\u2033 _module_preset=\u201dpredeterminado\u201d global_colors_info=\u201d{}\u201d][et_pb_text _builder_version=\u201d4.16\u2033 _module_preset=\u201dpredeterminado\u201d text_font_size=\u201d17px\u201d header_2_text_color=\u201d#FE6A00\u2033 custom_padding0%=\u201dT\u201d_false| \u201d custom_padding_last_edited=\u201dencendido|tel\u00e9fono\u201d bloqueado=\u201dapagado\u201d global_colors_info=\u201d{}\u201d custom_padding__hover_enabled=\u201dapagado|escritorio\u201d]<\/p>\n<h2 style=\"text-align: left;\"><span style=\"font-weight: 400;\">\u00bfC\u00f3mo funciona Augin?<\/span><span style=\"font-weight: 400;\"><\/span><span style=\"font-weight: 400;\"><\/span><\/h2>\n<p>[\/et_pb_text][\/et_pb_column_inner][\/et_pb_row_inner][et_pb_row_inner column_structure=\u201d1_2,1_2\u2033 _builder_version=\u201d4.16\u2033 _module_preset=\u201ddefault\u201d global_colors_info=\u201d{}\u201d][et_pb_column_inner type=\u201d1_2\u2033_3_specialty_version=\u201d_builder_version=\u201d \u201d4.16\u2033 _module_preset=\u201ddefault\u201d global_colors_info=\u201d{}\u201d][et_pb_blurb title=\u201dDESCARGA LA APLICACI\u00d3N AUGIN A TU DISPOSITIVO\u201d image=\u201dhttps:\/\/augin.app\/wp-content\/uploads\/2021\/10 \/download -o-app.svg\u201d icon_placement=\u201dleft\u201d image_icon_width=\u201d50px\u201d _builder_version=\u201d4.16\u2033 _module_preset=\u201ddefault\u201d header_level=\u201dh5\u2033 header_text_color=\u201d#FE6A00\u2033 image_max_width=\u201d50px\u201d global_colors_info=\u201d{}\u201d ]<\/p>\n<p style=\"text-align: left;\">Descarga la aplicaci\u00f3n en tu m\u00f3vil. Instalar y registrarse de forma gratuita.<\/p>\n<p>[\/et_pb_blurb][et_pb_blurb title=\u201dCARGA TU PROYECTO\u201d image=\u201dhttps:\/\/augin.app\/wp-content\/uploads\/2021\/10\/faca-upload.svg\u201d icon_placement=\u201dleft\u201d image_icon_width= \u201d50px\u201d _builder_version=\u201d4.16\u2033 _module_preset=\u201ddefault\u201d header_level=\u201dh5\u2033 header_text_color=\u201d#FE6A00\u2033 image_max_width=\u201d50px\u201d global_colors_info=\u201d{}\u201d]<\/p>\n<p><span style=\"font-weight: 400;\">Acceda a Augin HUB y cargue su archivo .ifc o descargue uno de nuestros complementos y c\u00e1rguelo directamente a trav\u00e9s del software de su elecci\u00f3n.<\/span><\/p>\n<p>[\/et_pb_blurb][et_pb_blurb title=\u201dIMPRIMIR EL OBJETIVO POR DEFECTO\u201d image=\u201dhttps:\/\/augin.app\/wp-content\/uploads\/2021\/10\/imprima-o-alvo.svg\u201d icon_placement=\u201dleft\u201d image_icon_width= \u201d50px\u201d _builder_version=\u201d4.16\u2033 _module_preset=\u201ddefault\u201d header_level=\u201dh5\u2033 header_text_color=\u201d#FE6A00\u2033 image_max_width=\u201d50px\u201d global_colors_info=\u201d{}\u201d]<\/p>\n<p><span style=\"font-weight: 400;\">Si su dispositivo m\u00f3vil no tiene AR CORE\/AR KIT, use el objetivo predeterminado para dise\u00f1ar sus modelos.<\/span><\/p>\n<p>[\/et_pb_blurb][\/et_pb_column_inner][et_pb_column_inner type=\u201d1_2\u2033 Saved_specialty_column_type=\u201d2_3\u2033 _builder_version=\u201d4.16\u2033 _module_preset=\u201ddefault\u201d global_colors_info=\u201d{}\u201d][et_pb_blurb] \/augin.app\/wp-content\/uploads \/2021\/10\/compartilhe.svg\u201d icon_placement=\u201dleft\u201d image_icon_width=\u201d50px\u201d _builder_version=\u201d4.16\u2033 _module_preset=\u201ddefault\u201d header_level=\u201dh5\u2033 header_text_color=\u201d#FE6A00\u2033 image_max_width =\u201d50px\u201d global_colors_info=\u201d{}\u201d ]<\/p>\n<p><span style=\"font-weight: 400;\">Sea Augin PRO y comparta esta experiencia con otros. Impacta a tus clientes y ayuda a tus empleados.\u00a0<\/span><\/p>\n<p>[\/et_pb_blurb][et_pb_blurb title=\u201dCOLABORE \u201d image=\u201dhttps:\/\/augin.app\/wp-content\/uploads\/2021\/10\/colabore.svg\u201d icon_placement=\u201dleft\u201d image_icon_width=\u201d50px\u201d _builder_version=\u201d4.16 \u2033 _module_preset=\u201dpredeterminado\u201d header_level=\u201dh5\u2033 header_text_color=\u201d#FE6A00\u2033 image_max_width=\u201d50px\u201d global_colors_info=\u201d{}\u201d]<\/p>\n<p><span style=\"font-weight: 400;\">Interact\u00fae con otras partes interesadas del proyecto en un entorno virtual optimizado para reuniones remotas.<\/span><\/p>\n<p>[\/et_pb_blurb][et_pb_text _builder_version=\u201d4.16\u2033 _module_preset=\u201ddefault\u201d global_colors_info=\u201d{}\u201d]<\/p>\n<p><a href=\"https:\/\/apps.apple.com\/br\/app\/augin\/id1403006392\"><img loading=\"lazy\" decoding=\"async\" src=\"https:\/\/augin.app\/wp-content\/uploads\/2021\/10\/download-app-store.svg\" width=\"152\" height=\"47\" alt=\"\" class=\"wp-image-1579 alignnone size-medium\" \/><\/a> \u00a0<a href=\"https:\/\/play.google.com\/store\/apps\/details?id=com.VisualJoy.AugePauluzzi&amp;hl=pt_BR&amp;gl=US\"><img loading=\"lazy\" decoding=\"async\" src=\"https:\/\/augin.app\/wp-content\/uploads\/2021\/10\/download-google-play.svg\" width=\"150\" height=\"47\" alt=\"\" class=\"wp-image-1580 alignnone size-medium\" \/><\/a><\/p>\n<p>[\/et_pb_text][\/et_pb_column_inner][\/et_pb_row_inner][\/et_pb_column][\/et_pb_section][et_pb_section fb_built=\u201d1\u2033 _builder_version=\u201d4.16\u2033 _module_preset=\u201ddefault\u201d background_color=\u201d#F3F4F9\u2033 custom_margin_phone=\u201d_margin_\u201dt custom=\u201d_margin_table custom_margin_last_edited=\u201dencendido|tel\u00e9fono\u201d bloqueado=\u201dapagado\u201d global_colors_info=\u201d{}\u201d][et_pb_row _builder_version=\u201d4.16\u2033 _module_preset=\u201ddefault\u201d global_colors_info=\u201d{}\u201d][et_pb_column type=\u201d4_4\u2033 _builder_version=\u201d4.16\u2033 _module_preset=\u201dpredeterminado\u201d global_colors_info=\u201d{}\u201d][et_pb_text _builder_version=\u201d4.16\u2033 _module_preset=\u201dpredeterminado\u201d text_font_size=\u201d17px\u201d header_2_text_color=\u201d#FE6A00\u2033 custom_padding_tablet=\u201d|0%||0%|false|_true\u201d=\u201dcustom_padding \u201d \u201d custom_padding_last_edited=\u201dencendido|tel\u00e9fono\u201d bloqueado=\u201dapagado\u201d global_colors_info=\u201d{}\u201d custom_padding__hover_enabled=\u201dapagado|escritorio\u201d]<\/p>\n<h2 style=\"text-align: center;\"><span style=\"font-weight: 400;\">\u00bfPor qu\u00e9 usar Augin?<\/span><span style=\"font-weight: 400;\"><\/span><span style=\"font-weight: 400;\"><\/span><\/h2>\n<p>[\/et_pb_text][\/et_pb_column][\/et_pb_row][et_pb_row column_structure=\u201d1_3,1_3,1_3\u2033 _builder_version=\u201d4.16\u2033 _module_preset=\u201ddefault\u201d bloqueado=\u201doff\u201d global_colors_info=\u201d{}\u201d][et_pb_column type=\u201d 1_3\u2033 _builder_version=\u201d4.16\u2033 _module_preset=\u201ddefault\u201d global_colors_info=\u201d{}\u201d][et_pb_blurb title=\u201dF\u00e1cil de usar\u201d image=\u201dhttps:\/\/augin.app\/wp-content\/uploads\/2021\/10\/facil -de-usar.svg\u201d image_icon_width=\u201d35%\u201d image_icon_width_tablet=\u201d20%\u201d image_icon_width_phone=\u201d35%\u201d image_icon_width_last_edited=\u201don|desktop\u201d _builder_version=\u201d4.16\u2033 _module||_preset=\u201ddefault\u201d header_level=\u201dh5\u2033 header| on |||||\u201d header_text_color=\u201d#FE6A00\u2033 text_orientation=\u201dcenter\u201d animation_style=\u201dfade\u201d border_radii_image=\u201don|25px|25px|25px|25px\u201d border_width_all_image=\u201d3px\u201d border_color_all_image=\u201d#E8E8F0\u2033 image_max_width=\u201d35%\u201d image_max_width_phoneT\u201d35=\u201dth image2 image_max_width_last_edited=\u201den|escritorio\u201d global_colors_info=\u201d{}\u201d]<\/p>\n<p><span style=\"font-weight: 400;\">Configure en minutos. Accede desde escritorio, tablet o m\u00f3vil. Sin configuraciones avanzadas de hardware. Interfaz intuitiva, perfecta para sus clientes finales.\u00a0<\/span><\/p>\n<p>[\/et_pb_blurb][\/et_pb_column][et_pb_column type=\u201d1_3\u2033 _builder_version=\u201d4.16\u2033 _module_preset=\u201ddefault\u201d global_colors_info=\u201d{}\u201d][et_pb_blurb title=\u201dTecnolog\u00eda\u201d image=\u201dhttps:\/\/augin.app\/ wp-content\/uploads\/2021\/10\/tecnologia.svg\u201d image_icon_width=\u201d35%\u201d image_icon_width_tablet=\u201d20%\u201d image_icon_width_phone=\u201d35%\u201d image_icon_width_last_edited=\u201don|desktop\u201d _builder_version=\u201d4.16\u2033 _module\u201d\u201dpreset_default=\u201dheader\u201d \u2033 header_font=\u201d|||en|||||\u201d header_text_color=\u201d#FE6A00\u2033 text_orientation=\u201dcenter\u201d animation_style=\u201dfade\u201d border_radii_image=\u201don|25px|25px|25px|25px\u201d border_width_all_image=\u201d3px\u201d border_color_all_image=\u201d#E8E8F0\u2033 image_max_width=\u201d35%\u201d image_max_width_phoneT\u201d35=\u201dth image2 image_max_width_last_edited=\u201den|escritorio\u201d global_colors_info=\u201d{}\u201d]<\/p>\n<p><span style=\"font-weight: 400;\">Nuestra plataforma se actualiza constantemente para brindar la mejor experiencia a nuestros usuarios.<\/span><\/p>\n<p>[\/et_pb_blurb][\/et_pb_column][et_pb_column type=\u201d1_3\u2033 _builder_version=\u201d4.16\u2033 _module_preset=\u201ddefault\u201d global_colors_info=\u201d{}\u201d][et_pb_blurb title=\u201dIntegraci\u00f3n e interoperabilidad\u201d image=\u201dhttps:\/\/augin. app\/wp-content\/uploads\/2021\/10\/integracao.svg\u201d image_icon_width=\u201d35%\u201d image_icon_width_tablet=\u201d20%\u201d image_icon_width_phone=\u201d35%\u201d image_icon_width_last_edited=\u201don|desktop\u201d _builder_version=\u201d4.16\u2033 header_level=preault\u201d \u201dh5\u2033 header_font=\u201d|||en|||||\u201d header_text_color=\u201d#FE6A00\u2033 text_orientation=\u201dcenter\u201d animation_style=\u201dfade\u201d border_radii_image=\u201don|25px|25px|25px|25px\u201d border_width_all_image=\u201d3px\u201d border_color_all_image=\u201d#E8E8F0\u2033 image_max_width=\u201d35%\u201d image_max_width_phoneT\u201d35=\u201dth image2 image_max_width_last_edited=\u201den|escritorio\u201d global_colors_info=\u201d{}\u201d]<\/p>\n<p><span style=\"font-weight: 400;\">Trabaje de la manera que desee, junto con todas las herramientas que desee, admitimos los formatos IFC 2X3, IFC 4.<\/span><\/p>\n<p>[\/et_pb_blurb][\/et_pb_column][\/et_pb_row][\/et_pb_section]<\/p>","protected":false},"excerpt":{"rendered":"<p>Comun\u00edquese mejor, construya mejor Saque sus modelos BIM de la oficina y p\u00f3ngalos en manos de sus clientes y equipo en el lugar de trabajo en entornos colaborativos inmersivos. \u00bfQu\u00e9 es Augin? La plataforma Augin pone sus proyectos en un entorno colaborativo inmersivo. Somos una soluci\u00f3n que busca optimizar tu comunicaci\u00f3n, [\u2026]<\/p>","protected":false},"author":7,"featured_media":0,"parent":0,"menu_order":0,"comment_status":"closed","ping_status":"closed","template":"","meta":{"_et_pb_use_builder":"on","_et_pb_old_content":"","_et_gb_content_width":"","inline_featured_image":false,"footnotes":""},"class_list":["post-1269","page","type-page","status-publish","hentry"],"aioseo_notices":[],"_links":{"self":[{"href":"https:\/\/augin.app\/es\/wp-json\/wp\/v2\/pages\/1269","targetHints":{"allow":["GET"]}}],"collection":[{"href":"https:\/\/augin.app\/es\/wp-json\/wp\/v2\/pages"}],"about":[{"href":"https:\/\/augin.app\/es\/wp-json\/wp\/v2\/types\/page"}],"author":[{"embeddable":true,"href":"https:\/\/augin.app\/es\/wp-json\/wp\/v2\/users\/7"}],"replies":[{"embeddable":true,"href":"https:\/\/augin.app\/es\/wp-json\/wp\/v2\/comments?post=1269"}],"version-history":[{"count":276,"href":"https:\/\/augin.app\/es\/wp-json\/wp\/v2\/pages\/1269\/revisions"}],"predecessor-version":[{"id":239875,"href":"https:\/\/augin.app\/es\/wp-json\/wp\/v2\/pages\/1269\/revisions\/239875"}],"wp:attachment":[{"href":"https:\/\/augin.app\/es\/wp-json\/wp\/v2\/media?parent=1269"}],"curies":[{"name":"wp","href":"https:\/\/api.w.org\/{rel}","templated":true}]}}