{"id":1765,"date":"2021-10-26T10:06:05","date_gmt":"2021-10-26T13:06:05","guid":{"rendered":"https:\/\/augin.app\/?page_id=1765"},"modified":"2022-05-10T15:00:10","modified_gmt":"2022-05-10T18:00:10","slug":"app","status":"publish","type":"page","link":"https:\/\/augin.app\/es\/app\/","title":{"rendered":"App"},"content":{"rendered":"<p>[et_pb_section fb_built=\u201d1\u2033 next_background_color=\u201d#ffffff\u201d _builder_version=\u201d4.16\u2033 _module_preset=\u201ddefault\u201d background_color=\u201d#E8E8F0\u2033 top_divider_height=\u201d280px\u201d top_divider_height_tablet=\u201d\u201d top_divider_height_phone=\u201d\u201d top_divider_ed\u201d_last_edit=\u201dtable wave\u201d bottom_divider_repeat=\u201d1x\u201d bottom_divider_flip=\u201dhorizontal\u201d bottom_divider_height_tablet=\u201d50px\u201d bottom_divider_height_phone=\u201d35px\u201d bottom_divider_height_last_edited=\u201den|tel\u00e9fono\u201d global_colors_info=\u201d{}\u201d][et_pb_row column_structure\u20336\u2033 _module_preset=\u201ddefault\u201d global_colors_info {}\u201d][et_pb_column type=\u201d1_2\u2033 _builder_version=\u201d4.16\u2033 _module_preset=\u201ddefault\u201d custom_padding=\u201d70px||||false|false\u201d custom_padding_tablet=\u201d0px||||false |false\u201d custom_padding_phone=\u201d\u201d custom_padding_last_edited =\u201den|tableta\u201d global_colors_info=\u201d{}\u201d][et_pb_text _builder_version=\u201d4.16\u2033 _module_preset=\u201ddefault\u201d text_font_size=\u201d17px\u201d header_text_color=\u201d#FE6A00\u2033 header_font_size=\u201d45px\u201d custom_mar gin_tablet=\u201d|0px|||false|false\u201d custom_margin_phone=\u201d\u201d custom_margin_last_edited=\u201den|tel\u00e9fono\u201d header_font_size_tablet=\u201d35px\u201d header_font_size_phone=\u201d30px\u201d header_font_size_last_edited=\u201den|escritorio\u201d global_colors_info=\u201d{}\u201d]<\/p>\n<h1>Lleva todos tus proyectos en tu bolsillo<\/h1>\n<p>Con Augin, todos los involucrados en el proyecto se mantienen informados, sin importar d\u00f3nde se encuentren.<\/p>\n<p>[\/et_pb_text][et_pb_button button_url=\u201d#download-now\u201d button_text=\u201dDescargar ahora\u201d _builder_version=\u201d4.16\u2033 _module_preset=\u201ddefault\u201d custom_button=\u201don\u201d button_text_size=\u201d17px\u201d button_bg_color=\u201d#FE6A00\u2033 button_border_radius=\u201d10px\u201d button_font =\u201dCircular Pro Negrita||||||||\u201d but- button_text_color__hover_enabled=\u201don|hover\u201d button_text_color__hover=\u201d#FE6A00\u2033][\/et_pb_button][\/et_pb_column][et_pb_column type=\u201d1_2\u2033 _builder_version=\u201d4.16\u2033 _module_preset=\u201ddefault\u201d global_colors_info=\u201d{=\u201d_bimage][et_pb_image][et_pb_image] \u201d_image https:\/\/augin.app\/wp-content\/uploads\/2021\/10\/augin-app.png\u201d title_text=\u201daugin-app\u201d show_bottom_space=\u201doff\u201d _builder_version=\u201d4.16\u2033 _module_preset=\u201ddefault\u201d width= \u201d95% \u201d width_tablet=\u201d95%\u201d width_phone=\u201d95%\u201d width_last_edited=\u201don|phone\u201d custom_margin=\u201d-40px||-60px||false|false\u201d custom_margin_tablet=\u201d-40px||-80px||false|false\u201d custom_margin_phone= \u201d0px||-70px||false|false\u201d custom_margin_last_edited=\u201don|desktop\u201d animation_style=\u201dslide\u201d animation_direction=\u201dright\u201d animation_intensity_slide=\u201d10%\u201d global_c olors_info=\u201d{}\u201d][\/et_pb_image][\/et_pb_column][\/et_pb_row][\/et_pb_section][et_pb_section fb_built=\u201d1\u2033 _builder_version=\u201d4.16\u2033 _module_preset=\u201ddefault\u201d global_colors_info=\u201d{}\u201d][et_pb_row column_structure =\u201d2_5,3_5\u2033 _builder_version=\u201d4.16\u2033 _module_preset=\u201ddefault\u201d bloqueado=\u201doff\u201d global_colors_info=\u201d{}\u201d][et_pb_column type=\u201d2_5\u2033 _builder_version=\u201d4.16\u2033 _module_preset=\u201ddefault\u201d global_colors_info=\u201d{} \u201d][et_pb_text _builder_version=\u201d4.16\u2033 _module_preset=\u201ddefault\u201d text_font_size=\u201d20px\u201d header_font=\u201d||on||||||\u201d header_text_color=\u201d#FE6A00\u2033 header_font_size=\u201d70px\u201d header_line_height=\u201d0.8em\u201d header_2_text_color=\u201d#0D1317\u2033 header_3_text_color=\u201d#FE6A00\u2033 header_font_size_tablet=\u201d70px\u201d header_font_size_phone=\u201d60px\u201d header_phone_size_last\u201dglobal_edit=on\u201doff\u201d_colors \u201d{}\u201d]<\/p>\n<h2><strong>M\u00e1s que<\/strong><\/h2>\n<h1><strong>200.000<\/strong><\/h1>\n<h2><span style=\"font-weight: 400;\">los usuarios usan Augin<br \/>Para optimizar su comunicaci\u00f3n, comience hoy:<\/span><strong><span style=\"font-weight: 400;\"><\/span><\/strong><\/h2>\n<p>[\/et_pb_text][\/et_pb_column][et_pb_column type=\u201d3_5\u2033 _builder_version=\u201d4.16\u2033 _module_preset=\u201ddefault\u201d global_colors_info=\u201d{}\u201d][et_pb_blurb use_icon=\u201don\u201d font_icon=\u201d\ue052||divi||400\u2033 icon_color=\u201d#FE6A00\u2033 image_icon_background_color=\u201dRGBA(255,255,255,0)\u201d icon_placement=\u201dleft\u201d image_icon_width=\u201d20px\u201d _builder_version=\u201d4.16\u2033 _module_preset=\u201dpredeterminado\u201d body_font_size=\u201d17px\u201d custom_margin=\u201d||10px||false| falso\u201d global_colors_info=\u201d{}\u201d]<\/p>\n<p>Experimenta proyectos en Realidad Aumentada (AR)<\/p>\n<p>[\/et_pb_blurb][et_pb_blurb use_icon=\u201don\u201d font_icon=\u201d\ue052||divi||400\u2033 icon_color=\u201d#FE6A00\u2033 image_icon_background_color=\u201dRGBA(255,255,255,0)\u201d icon_placement=\u201dleft\u201d image_icon_width=\u201d20px\u201d _builder_width=\u201d 20px\u201d _builder_blurb=version\u201d 4.17.3\u2033 _module_preset=\u201ddefault\u201d body_font_size=\u201d17px\u201d custom_margin=\u201d||10px||false|false\u201d global_colors_info=\u201d{}\u201d]<\/p>\n<p>Comparte proyectos a trav\u00e9s del c\u00f3digo QR <a href=\"https:\/\/augin.app\/es\/planos\/\"><img loading=\"lazy\" decoding=\"async\" src=\"https:\/\/augin.app\/wp-content\/uploads\/2022\/05\/tag-pro.png\" width=\"46\" height=\"21\" alt=\"\" class=\"wp-image-239250 alignnone size-full\" srcset=\"https:\/\/augin.app\/wp-content\/uploads\/2022\/05\/tag-pro.png 46w, https:\/\/augin.app\/wp-content\/uploads\/2022\/05\/tag-pro-18x8.png 18w\" sizes=\"(max-width: 46px) 100vw, 46px\" \/> <img loading=\"lazy\" decoding=\"async\" src=\"https:\/\/augin.app\/wp-content\/uploads\/2022\/05\/tag-pro-10.png\" width=\"46\" height=\"21\" alt=\"\" class=\"wp-image-239251 alignnone size-full\" srcset=\"https:\/\/augin.app\/wp-content\/uploads\/2022\/05\/tag-pro-10.png 46w, https:\/\/augin.app\/wp-content\/uploads\/2022\/05\/tag-pro-10-18x8.png 18w\" sizes=\"(max-width: 46px) 100vw, 46px\" \/><\/a><\/p>\n<p>[\/et_pb_blurb][et_pb_blurb use_icon=\u201don\u201d font_icon=\u201d\ue052||divi||400\u2033 icon_color=\u201d#FE6A00\u2033 image_icon_background_color=\u201dRGBA(255,255,255,0)\u201d icon_placement=\u201dleft\u201d image_icon_width=\u201d20px\u201d _builder_width=\u201d 20px\u201d _builder_blurb=version\u201d 4.17.3\u2033 _module_preset=\u201ddefault\u201d body_font_size=\u201d17px\u201d custom_margin=\u201d||10px||false|false\u201d global_colors_info=\u201d{}\u201d]<\/p>\n<p>Cree modelos federados de forma optimizada <a href=\"https:\/\/augin.app\/es\/planos\/\"><img loading=\"lazy\" decoding=\"async\" src=\"https:\/\/augin.app\/wp-content\/uploads\/2022\/05\/tag-pro.png\" width=\"46\" height=\"21\" alt=\"\" class=\"wp-image-239250 alignnone size-full\" srcset=\"https:\/\/augin.app\/wp-content\/uploads\/2022\/05\/tag-pro.png 46w, https:\/\/augin.app\/wp-content\/uploads\/2022\/05\/tag-pro-18x8.png 18w\" sizes=\"(max-width: 46px) 100vw, 46px\" \/> <img loading=\"lazy\" decoding=\"async\" src=\"https:\/\/augin.app\/wp-content\/uploads\/2022\/05\/tag-pro-10.png\" width=\"46\" height=\"21\" alt=\"\" class=\"wp-image-239251 alignnone size-full\" srcset=\"https:\/\/augin.app\/wp-content\/uploads\/2022\/05\/tag-pro-10.png 46w, https:\/\/augin.app\/wp-content\/uploads\/2022\/05\/tag-pro-10-18x8.png 18w\" sizes=\"(max-width: 46px) 100vw, 46px\" \/><\/a><\/p>\n<p>[\/et_pb_blurb][et_pb_blurb use_icon=\u201don\u201d font_icon=\u201d\ue052||divi||400\u2033 icon_color=\u201d#FE6A00\u2033 image_icon_background_color=\u201dRGBA(255,255,255,0)\u201d icon_placement=\u201dleft\u201d image_icon_width=\u201d20px\u201d _builder_width=\u201d 20px\u201d _builder_blurb=version\u201d 4.16\u2033 _module_preset=\u201ddefault\u201d body_font_size=\u201d17px\u201d custom_margin=\u201d||10px||false|false\u201d global_colors_info=\u201d{}\u201d]<\/p>\n<p>Filtra y presenta informaci\u00f3n sobre tus proyectos<\/p>\n<p>[\/et_pb_blurb][et_pb_blurb use_icon=\u201don\u201d font_icon=\u201d\ue052||divi||400\u2033 icon_color=\u201d#FE6A00\u2033 image_icon_background_color=\u201dRGBA(255,255,255,0)\u201d icon_placement=\u201dleft\u201d image_icon_width=\u201d20px\u201d _builder_width=\u201d 20px\u201d _builder_blurb=version\u201d 4.17.3\u2033 _module_preset=\u201ddefault\u201d body_font_size=\u201d17px\u201d custom_margin=\u201d||10px||false|false\u201d global_colors_info=\u201d{}\u201d]<\/p>\n<p>Comprueba tus modelos en equipo en reuniones inmersivas <a href=\"https:\/\/augin.app\/es\/planos\/\"><img loading=\"lazy\" decoding=\"async\" src=\"https:\/\/augin.app\/wp-content\/uploads\/2022\/05\/tag-pro-10.png\" width=\"46\" height=\"21\" alt=\"\" class=\"wp-image-239251 alignnone size-full\" srcset=\"https:\/\/augin.app\/wp-content\/uploads\/2022\/05\/tag-pro-10.png 46w, https:\/\/augin.app\/wp-content\/uploads\/2022\/05\/tag-pro-10-18x8.png 18w\" sizes=\"(max-width: 46px) 100vw, 46px\" \/><\/a><\/p>\n<p>[\/et_pb_blurb][et_pb_blurb use_icon=\u201don\u201d font_icon=\u201d\ue052||divi||400\u2033 icon_color=\u201d#FE6A00\u2033 image_icon_background_color=\u201dRGBA(255,255,255,0)\u201d icon_placement=\u201dleft\u201d image_icon_width=\u201d20px\u201d _builder_width=\u201d 20px\u201d _builder_blurb=version\u201d 4.16\u2033 _module_preset=\u201ddefault\u201d body_font_size=\u201d17px\u201d custom_margin=\u201d||10px||false|false\u201d global_colors_info=\u201d{}\u201d]<\/p>\n<p>Sorprende a tus clientes con tecnolog\u00eda de punta<\/p>\n<p>[\/et_pb_blurb][\/et_pb_column][\/et_pb_row][\/et_pb_section][et_pb_section fb_built=\u201d1\u2033 _builder_version=\u201d4.16\u2033 _module_preset=\u201ddefault\u201d background_color=\u201d#F3F4F9\u2033 global_colors_info=\u201d{}\u201d][et_pb_row column_structure=\u201d 1_3,1_3,1_3\u2033 _builder_version=\u201d4.16\u2033 _module_preset=\u201dpredeterminado\u201d global_colors_info=\u201d{}\u201d][et_pb_column type=\u201d1_3\u2033 _builder_version=\u201d4.16\u2033 _module_preset=\u201dpredeterminado\u201d global_colors_info=\u201d{}\u201d][et_pb_image src =\u201dhttps:\/\/augin.app\/wp-content\/uploads\/2021\/10\/augin-app-ilustracao2.svg\u201d title_text=\u201daugin-app-ilustracao2\u2033 align_tablet=\u201dcenter\u201d align_phone=\u201dcenter\u201d align_last_edited=\u201d en|escritorio\u201d _builder_version=\u201d4.16\u2033 _module_preset=\u201ddefault\u201d width=\u201d110%\u201d width_tablet=\u201d50%\u201d width_phone=\u201d75%\u201d width_last_edited=\u201don|phone\u201d global_colors_info=\u201d{}\u201d][\/et_pb_image][\/et_pb_column ][et_pb_column type=\u201d1_3\u2033 _builder_version=\u201d4.16\u2033 _module_preset=\u201ddefault\u201d global_colors_info=\u201d{}\u201d][et_pb_blurb title=\u201dVER\u201d image=\u201dhttps:\/\/augin.app\/wp-content\/uploads\/2021 \/10\/visualizacao.svg\u201d icono _placement=\u201dleft\u201d image_icon_width=\u201d50px\u201d _builder_version=\u201d4.16\u2033 _module_preset=\u201ddefault\u201d header_level=\u201dh5\u2033 header_text_color=\u201d#FE6A00\u2033 image_max_width=\u201d50px\u201d global_colors_info=\u201d{}\u201d]<\/p>\n<p><span style=\"font-weight: 400;\">Experimente su proyecto en tama\u00f1o completo. Con la realidad aumentada puedes presentar tu proyecto en escala 1:1.\u00a0<\/span><\/p>\n<p>[\/et_pb_blurb][et_pb_blurb title=\u201dREVISI\u00d3N\u201d image=\u201dhttps:\/\/augin.app\/wp-content\/uploads\/2021\/10\/revisao.svg\u201d icon_placement=\u201dleft\u201d image_icon_width=\u201d50px\u201d _builder_version=\u201d4.16 \u2033 _module_preset=\u201dpredeterminado\u201d header_level=\u201dh5\u2033 header_text_color=\u201d#FE6A00\u2033 image_max_width=\u201d50px\u201d global_colors_info=\u201d{}\u201d]<\/p>\n<p><span style=\"font-weight: 400;\">Corta, mide y filtra tus modelos. Vea problemas y encuentre soluciones m\u00e1s r\u00e1pido.\u00a0<\/span><\/p>\n<p>[\/et_pb_blurb][et_pb_blurb title=\u201dINFO\u201d image=\u201dhttps:\/\/augin.app\/wp-content\/uploads\/2021\/10\/informacao.svg\u201d icon_placement=\u201dleft\u201d image_icon_width=\u201d50px\u201d _builder_version=\u201d4.16 \u2033 _module_preset=\u201dpredeterminado\u201d header_level=\u201dh5\u2033 header_text_color=\u201d#FE6A00\u2033 image_max_width=\u201d50px\u201d global_colors_info=\u201d{}\u201d]<\/p>\n<p><span style=\"font-weight: 400;\">Vaya m\u00e1s all\u00e1 de lo que el ojo puede ver y confirme datos, par\u00e1metros e informaci\u00f3n de los elementos de su modelo.<\/span><\/p>\n<p>[\/et_pb_blurb][\/et_pb_column][et_pb_column type=\u201d1_3\u2033 _builder_version=\u201d4.16\u2033 _module_preset=\u201ddefault\u201d global_colors_info=\u201d{}\u201d][et_pb_blurb title=\u201dCOORDINACI\u00d3N\u201d image=\u201dhttps:\/\/augin.app\/ wp-content\/uploads\/2021\/10\/coordenacao.svg\u201d icon_placement=\u201dleft\u201d image_icon_width=\u201d50px\u201d _builder_version=\u201d4.17.3\u2033 _module_preset=\u201ddefault\u201d header_level=\u201dh5\u2033 header_text_color=\u201d#FE6A00\u2033 image_max_width=\u201d50px \u201d global_colors_info=\u201d{}\u201d]<\/p>\n<p><span style=\"font-weight: 400;\">Con la funci\u00f3n de modelo federado, explore diferentes disciplinas de su proyecto con una poderosa herramienta de visualizaci\u00f3n.\u00a0<\/span><\/p>\n<p><span style=\"font-weight: 400;\"><a href=\"https:\/\/augin.app\/es\/planos\/\"><img loading=\"lazy\" decoding=\"async\" src=\"https:\/\/augin.app\/wp-content\/uploads\/2022\/05\/tag-pro.png\" width=\"46\" height=\"21\" alt=\"\" class=\"wp-image-239250 alignnone size-full\" srcset=\"https:\/\/augin.app\/wp-content\/uploads\/2022\/05\/tag-pro.png 46w, https:\/\/augin.app\/wp-content\/uploads\/2022\/05\/tag-pro-18x8.png 18w\" sizes=\"(max-width: 46px) 100vw, 46px\" \/> <img loading=\"lazy\" decoding=\"async\" src=\"https:\/\/augin.app\/wp-content\/uploads\/2022\/05\/tag-pro-10.png\" width=\"46\" height=\"21\" alt=\"\" class=\"wp-image-239251 alignnone size-full\" srcset=\"https:\/\/augin.app\/wp-content\/uploads\/2022\/05\/tag-pro-10.png 46w, https:\/\/augin.app\/wp-content\/uploads\/2022\/05\/tag-pro-10-18x8.png 18w\" sizes=\"(max-width: 46px) 100vw, 46px\" \/><\/a><\/span><\/p>\n<p>[\/et_pb_blurb][et_pb_blurb title=\u201dF\u00c1CIL ALINEACI\u00d3N\u201d image=\u201dhttps:\/\/augin.app\/wp-content\/uploads\/2021\/10\/reference-tracker.svg\u201d icon_placement=\u201dleft\u201d image_icon_width=\u201d50px\u201d _builder_version =\u201d4.16\u2033 _module_preset=\u201dpredeterminado\u201d header_level=\u201dh5\u2033 header_text_color=\u201d#FE6A00\u2033 image_max_width=\u201d50px\u201d global_colors_info=\u201d{}\u201d]<\/p>\n<p><span style=\"font-weight: 400;\">Para una experiencia \u00fanica de realidad aumentada con alineaci\u00f3n de campo optimizada, use el Rastreador de referencia.\u00a0<\/span><\/p>\n<p>https: \/\/augin.app\/wp-content\/uploads\/2021\/10\/baixe-agora-background-parallax.jpg\u201d parallax=\u201don\u201d parallax_method=\u201doff\u201d custom_padding=\u201d||0px||false|false\u201d global_colors_info= \u201d{}\u201d][et_pb_row column_structure=\u201d1_2,1_2\u2033 _builder_version=\u201d4.16\u2033 _module_preset=\u201ddefault\u201d custom_padding=\u201d||0px||false|false\u201d bloqueado=\u201doff\u201d global_colors_info=\u201d{}\u201d][et_pb_column type=\u201d1_2\u2033 _builder_version=\u201d4.16\u2033 _module_preset=\u201ddefault\u201d custom_padding=\u201d70px||||false|false\u201d custom_padding_tablet=\u201d0px||||false|false\u201d custom_padding_phone=\u201d0px||||false|false \u201d custom_padding_last_edited=\u201don|phone\u201d global_colors_info=\u201d{}\u201d][et_pb_text _builder_version=\u201d4.16\u2033 _module_preset=\u201ddefault\u201d text_font_size=\u201d20px\u201d header_font=\u201d||||||||\u201d header_font_size=\u201d50px\u201d header_line_height=\u201d0.8em\u201d background_layout=\u201doscuro\u201d header_font_size_tablet=\u201d50px\u201d header_font_size_phone=\u201d35px\u201d header_font_size_last_edited=\u201den|escritorio\u201d global_colors_info=\u201d{}\u201d]<\/p>\n<h1>Descargar ahora<br \/><strong><\/strong><\/h1>\n<p>[\/et_pb_text][et_pb_text _builder_version=\u201d4.16\u2033 _module_preset=\u201dpredeterminado\u201d bloqueado=\u201doff\u201d global_colors_info=\u201d{}\u201d]<\/p>\n<p><a href=\"https:\/\/apps.apple.com\/br\/app\/augin\/id1403006392\"><img loading=\"lazy\" decoding=\"async\" src=\"https:\/\/augin.app\/wp-content\/uploads\/2021\/10\/download-app-store.svg\" width=\"152\" height=\"47\" alt=\"\" class=\"wp-image-1579 alignnone size-medium\" \/><\/a> \u00a0<a href=\"https:\/\/play.google.com\/store\/apps\/details?id=com.VisualJoy.AugePauluzzi&amp;hl=pt_BR&amp;gl=US\"><img loading=\"lazy\" decoding=\"async\" src=\"https:\/\/augin.app\/wp-content\/uploads\/2021\/10\/download-google-play.svg\" width=\"150\" height=\"47\" alt=\"\" class=\"wp-image-1580 alignnone size-medium\" \/><\/a><\/p>\n<p>[\/et_pb_text][\/et_pb_column][et_pb_column type=\u201d1_2\u2033 _builder_version=\u201d4.16\u2033 _module_preset=\u201ddefault\u201d global_colors_info=\u201d{}\u201d][et_pb_image src=\u201dhttps:\/\/augin.app\/wp-content\/uploads \/2021\/10\/augin-app-celular-1.png\u201d title_text=\u201daugin-app-celular\u201d align_tablet=\u201dcenter\u201d align_phone=\u201dcenter\u201d align_last_edited=\u201don|phone\u201d _builder_version=\u201d4.17.3\u2033 _module_preset= \u201dpredeterminado\u201d max_height=\u201d420px\u201d custom_margin=\u201d-100px||||false|false\u201d custom_margin_tablet=\u201d0px||||false|false\u201d custom_margin_phone=\u201d0px||||false|false\u201d custom_margin_last_edited=\u201don| escritorio\u201d custom_padding=\u201d||0px||false|false\u201d global_colors_info=\u201d{}\u201d][\/et_pb_image][\/et_pb_column][\/et_pb_row][\/et_pb_section][et_pb_section fb_built=\u201d1\u2033 _builder_version=\u201d4.17.3 \u2033 _module_preset=\u201dpredeterminado\u201d background_color=\u201d#F3F4F9\u2033 global_colors_info=\u201d{}\u201d][et_pb_row _builder_version=\u201d4.16\u2033 _module_preset=\u201dpredeterminado\u201d bloqueado=\u201ddesactivado\u201d global_colors_info=\u201d{}\u201d][et_pb_column type=\u201d4_4\u2033 _builder_version =\u201d4.16\u2033 _module_preset=\u201dpredeterminado\u201d global_colors_info=\u201d{}\u201d][et_pb_ text _builder_version=\u201d4.16\u2033 _module_preset=\u201ddefault\u201d text_font_size=\u201d17px\u201d header_2_text_color=\u201d#FE6A00\u2033 custom_padding=\u201d|16%||16%|false|true\u201d custom_padding_tablet=\u201d|0%||0%|false|true\u201d=\u201dcustom_padding_phone \u201d=\u201dcustom_padding_phone\u201d=\u201dcustom_padding_phone\u201d custom_padding_last_edited=\u201don|phone\u201d global_colors_info=\u201d{}\u201d custom_padding__hover_enabled=\u201doff|escritorio\u201d]<\/p>\n<h2 style=\"text-align: center;\"><span style=\"font-weight: 400;\">Vea lo que dicen nuestros usuarios sobre la aplicaci\u00f3n\u00a0<\/span><\/h2>\n<p style=\"text-align: center;\">Nos enorgullecemos de optimizar el d\u00eda a d\u00eda de tantas empresas y profesionales. <br \/>Hay m\u00e1s de 200.000 usuarios, mira lo que tienen que decir sobre nosotros.<\/p>\n<p>[\/et_pb_text][\/et_pb_column][\/et_pb_row][et_pb_row column_structure=\u201d1_3,1_3,1_3\u2033 _builder_version=\u201d4.17.3\u2033 _module_preset=\u201ddefault\u201d global_colors_info=\u201d{}\u201d][et_pb_column type=\u201d1_3\u2033 _builder_version =\u201d4.17.3\u2033 _module_preset=\u201ddefault\u201d global_colors_info=\u201d{}\u201d][et_pb_testimonial author=\u201dRangel Lage\u201d job_title=\u201dProfesor y socio director en SOMMA Structural Calculation\u201d portrait_url=\u201dhttps:\/\/augin.app\/ wp -content\/uploads\/2021\/11\/rangel-lage.png\u201d _builder_version=\u201d4.17.3\u2033 _module_preset=\u201ddefault\u201d hover_enabled=\u201d0\u2033 global_colors_info=\u201d{}\u201d title_text=\u201drangel-lage\u201d sticky_enabled=\u201d0 \u2033 ]<\/p>\n<p>Augin aport\u00f3 una evoluci\u00f3n fant\u00e1stica en la presentaci\u00f3n del proyecto al cliente ya la obra, con un enfoque intuitivo, con informaci\u00f3n precisa, practicidad y claridad en la informaci\u00f3n, fundamentales para la buena ejecuci\u00f3n de un proyecto.<\/p>\n<p>[\/et_pb_testimonial][\/et_pb_column][et_pb_column type=\u201d1_3\u2033 _builder_version=\u201d4.17.3\u2033 _module_preset=\u201ddefault\u201d global_colors_info=\u201d{}\u201d][et_pb_testimonial author=\u201dIng. Dion\u00edsio A. Souza \u201d job_title=\u201dCEO de Proger Engenharia\u201d portrait_url=\u201dhttps:\/\/augin.app\/wp-content\/uploads\/2021\/11\/dionisio-souza.png\u201d _builder_version=\u201d4.17.3\u2033 _module_preset=\u201d default\u201d hover_enabled=\u201d0\u2033 global_colors_info=\u201d{}\u201d job_title_last_edited=\u201don|desktop\u201d title_text=\u201ddionisio-souza\u201d sticky_enabled=\u201d0\u2033 job_title_tablet=\u201dCEO de Proger Engenharia\u201d job_title_phone=\u201dCEO de Proger Engenharia\u201d]<\/p>\n<p>Las herramientas proporcionadas por Augin han brindado experiencias muy apreciadas por nuestros clientes y empleados. La posibilidad de mantener nuestros proyectos en modelos BIM federados, en un entorno de realidad aumentada, con toda la informaci\u00f3n relevante, es sencillamente fant\u00e1stica y muy \u00fatil en reuniones presenciales y virtuales, dejando muy claras todas las soluciones del proyecto. Tambi\u00e9n es v\u00e1lido para visualizar los detalles de armaduras de piezas de hormig\u00f3n armado, que siempre ha sido un problema en los modelos BIM, y ahora se resuelve de forma muy fluida en el entorno de Augin. \u00a1Un espect\u00e1culo!<\/p>\n<p>[\/et_pb_testimonial][\/et_pb_column][et_pb_column type=\u201d1_3\u2033 _builder_version=\u201d4.17.3\u2033 _module_preset=\u201ddefault\u201d global_colors_info=\u201d{}\u201d][et_pb_testimonial author=\u201dIng. especialmente Rui Raoli \u201d job_title=\u201dDise\u00f1ador y consultor BIM\u201d portrait_url=\u201dhttps:\/\/augin.app\/wp-content\/uploads\/2021\/11\/rui-raoli.png\u201d _builder_version=\u201d4.17.3\u2033 _module_preset=\u201ddefault\u201d hover_enabled=\u201d0\u2033 global_colors_info=\u201d{}\u201d title_text=\u201drui-raoli\u201d sticky_enabled=\u201d0\u2033]<\/p>\n<p>Conoc\u00ed a Augin poco despu\u00e9s de terminar mi investigaci\u00f3n sobre Realidad Aumentada, y cu\u00e1nto mejor hubiera sido el trabajo final si \u00e9l ya existiera cuando comenc\u00e9. Desde entonces, he seguido todo su desarrollo, y c\u00f3mo ha evolucionado esta poderosa herramienta que ha cambiado la forma en que presentamos nuestros proyectos.<\/p>\n<p>[\/et_pb_testimonial][\/et_pb_column][\/et_pb_row][\/et_pb_section]<\/p>","protected":false},"excerpt":{"rendered":"<p>Lleva todos tus proyectos en tu bolsillo Con Augin, todos los involucrados en el proyecto se mantienen informados, sin importar d\u00f3nde se encuentren M\u00e1s de 200.000 usuarios utilizan Augin para optimizar su comunicaci\u00f3n, comienza hoy: Prueba proyectos en Realidad Aumentada (AR) Comparte proyectos a trav\u00e9s de QR C\u00f3digo Crear modelos federados de forma simplificada Filtrar y presentar informaci\u00f3n de [\u2026]<\/p>","protected":false},"author":7,"featured_media":0,"parent":0,"menu_order":0,"comment_status":"closed","ping_status":"closed","template":"","meta":{"_et_pb_use_builder":"on","_et_pb_old_content":"","_et_gb_content_width":"","inline_featured_image":false,"footnotes":""},"class_list":["post-1765","page","type-page","status-publish","hentry"],"aioseo_notices":[],"_links":{"self":[{"href":"https:\/\/augin.app\/es\/wp-json\/wp\/v2\/pages\/1765","targetHints":{"allow":["GET"]}}],"collection":[{"href":"https:\/\/augin.app\/es\/wp-json\/wp\/v2\/pages"}],"about":[{"href":"https:\/\/augin.app\/es\/wp-json\/wp\/v2\/types\/page"}],"author":[{"embeddable":true,"href":"https:\/\/augin.app\/es\/wp-json\/wp\/v2\/users\/7"}],"replies":[{"embeddable":true,"href":"https:\/\/augin.app\/es\/wp-json\/wp\/v2\/comments?post=1765"}],"version-history":[{"count":132,"href":"https:\/\/augin.app\/es\/wp-json\/wp\/v2\/pages\/1765\/revisions"}],"predecessor-version":[{"id":239256,"href":"https:\/\/augin.app\/es\/wp-json\/wp\/v2\/pages\/1765\/revisions\/239256"}],"wp:attachment":[{"href":"https:\/\/augin.app\/es\/wp-json\/wp\/v2\/media?parent=1765"}],"curies":[{"name":"wp","href":"https:\/\/api.w.org\/{rel}","templated":true}]}}