{"id":239301,"date":"2022-06-06T13:31:23","date_gmt":"2022-06-06T16:31:23","guid":{"rendered":"https:\/\/augin.app\/?page_id=239301"},"modified":"2024-04-08T11:33:57","modified_gmt":"2024-04-08T14:33:57","slug":"teamplay","status":"publish","type":"page","link":"https:\/\/augin.app\/es\/teamplay\/","title":{"rendered":"TeamPlay"},"content":{"rendered":"<p>[et_pb_section fb_built = \u201d1 \u2033 _builder_version =\u201d 4.24.3 \u2033 _module_preset = \u201ddefault\u201d background_color = \u201d#292f36 \u2033 min_height =\u201d 511.1px \u201dCustom_padding =\u201d 0px ||| False ||| False | _tel\u00e9fono =\u201d\u201d top_divider_height_last_edited=\u201don|tablet\u201d bottom_divider_style=\u201dwave\u201d bottom_divider_color=\u201d#FFFFFF\u201d bottom_divider_repeat=\u201d1x\u201d bottom_divider_flip=\u201dhorizontal\u201d bottom_divider_height_tablet=\u201d50px\u201d bottom_divider_height_phone=\u201d35px\u201d _height_last_edited=\u201don|phone\u201d bloqueado =\u201doff\u201d informaci\u00f3n_colores_global =\u201d{}\u201d][et_pb_row column_structure=\u201d1_2,1_2\u2033 _builder_version=\u201d4.16\u2033 _module_preset=\u201ddefault\u201d global_colors_info=\u201d{}\u201d][et_pb_column type=\u201d1_2\u2033 _builder_version=\u201d4.16\u2033 _module_preset =\u201ddefault\u201d custom_padding =\u201d70px||||false|false\u201d custom_padding_tablet=\u201d0px||||false|false\u201d custom_padding_phone=\u201d\u201d custom_padding_last_edited=\u201don|tablet\u201d global_colors_info=\u201d{}\u201d][et_pb_text _builder_version= \u201d4.24.3\u2033 _module_preset=\u201ddefault\u201d text_text_color=\u201d#FFFFFF\u201d text_font_size=\u201d18px\u201d text_line_height=\u201d32px\u201d header_text_color=\u201d#FE6A00\u2033 header_font_size=\u201d60px\u201d custom_margin_tablet=\u201d|0px|||false|custom_margin_ phone=\u201d \u201d custom_margin_last_edited=\u201don| tel\u00e9fono\u201d header_font_size_tablet=\u201d35px\u201d header_font_size_phone=\u201d30px\u201d header_font_size_last_edited=\u201den|escritorio\u201d global_colors_info=\u201d{}\u201d]<\/p>\n<h1>reuniones inmersivas<\/h1>\n<p>Con TeamPlay, su modelo 3D se convierte en un entorno colaborativo donde pueden reunirse hasta 10 personas. Realice presentaciones, discuta ideas y lleve la comunicaci\u00f3n de su proyecto al siguiente nivel.<\/p>\n<p>[\/et_pb_text][et_pb_button button_url=\u201dhttps:\/\/augin.app\/planos\u201d button_text=\u201dPru\u00e9balo gratis\u201d button_alignment=\u201dleft\u201d _builder_version=\u201d4.24.3\u2033 _module_preset=\u201ddefault\u201d custom_button=\u201don\u201d button_text_size= \u201d 17px\u201d button_bg_color=\u201d#FE6A00\u2033 button_border_radius=\u201d10px\u201d button_font=\u201dCircular Pro Bold||||||||\u201d button_use_icon=\u201doff\u201d custom_margin=\u201d20px||||false|false\u201d custom_padding=\u201d10px|50px|10px|50px|true|true\u201d global_colors_info=\u201d{}\u201d button_bg_color__hover=\u201d#FFFFFF\u201d button_bg_color__hover_enabled=\u201don|hover\u201d button_text_color__hover=\u201d#FE6A00\u2033 button_text_color__hover_enabled=\u201don|hover\u201d button_border_width__hover_enabled=\u201don|hover\u201d][\/et_pb_button][\/et_pb_column][et_pb_column type=\u201d1_2\u2033 _builder_version=\u201d4.16\u2033 _module_preset=\u201d default\u201d =\u201d{} \u201d][et_pb_image src=\u201dhttps:\/\/augin.app\/wp-content\/uploads\/2021\/11\/simulacao-hub-app.png\u201d title_text=\u201dsimulacao-hub-app\u201d show_bottom_space=\u201doff\u201d _builder_version=\u201d 4.17.4\u2033 _module_preset=\u201ddefault\u201d width=\u201d95%\u201d width_tablet=\u201d95%\u201d width_phone=\u201d95%\u201d width_last_edited=\u201don|phone\u201d custom_margin_phone=\u201d||||false|false\u201d custom_margin_last_edited=\u201doff|desktop\u201d estilo de animaci\u00f3n =\u201dslide\u201d Animation_direction=\u201dright\u201d Animation_intensity_slide=\u201d10%\u201d hover_enabled=\u201d0\u2033 global_colors_info=\u201d{}\u201d sticky_enabled=\u201d0\u2033][\/et_pb_image][\/et_pb_column][\/et_pb_row][\/et_pb_section][et_pb_section fb_built =\u201d1\u2033 _builder_version=\u201d4.24.3\u2033 _module_preset=\u201ddefault\u201d background_enable_color=\u201doff\u201d custom_padding=\u201d0px|||||\u201d top_divider_height=\u201d16px\u201d global_colors_info=\u201d{}\u201d][et_pb_row _builder_version=\u201d4.24.3\u2033 _module_preset=\u201ddefault\u201d custom_padding=\u201d||0px|||\u201d global_colors_info=\u201d{}\u201d][et_pb_column type=\u201d4_4\u2033 _builder_version=\u201d4.24.3\u2033 _module_preset=\u201ddefault\u201d global_colors_info=\u201d{}\u201d][et_pb_text _builder_version=\u201d4.24.3\u2033 _module_preset=\u201ddefault\u201d text_font_size=\u201d 18px\u201d text_line_height=\u201d32px\u201d header_2_text_align=\u201dcenter\u201d header_2_font_size=\u201d40px\u201d header_2_line_height=\u201d48px\u201d custom_padding=\u201d||0px|||\u201d global_colors_info=\u201d{}\u201d]<\/p>\n<h2><strong>\u00bfComo funciona?<\/strong><\/h2>\n<p>[\/et_pb_text][\/et_pb_column][\/et_pb_row][et_pb_row column_structure=\u201d1_4,1_4,1_4,1_4\u2033 _builder_version=\u201d4.17.4\u2033 _module_preset=\u201ddefault\u201d global_colors_info=\u201d{}\u201d][et_pb_column type=\u201d1_4 \u2033 _builder_version=\u201d4.17.4\u2033 _module_preset=\u201ddefault\u201d global_colors_info=\u201d{}\u201d][et_pb_text _builder_version=\u201d4.24.3\u2033 _module_preset=\u201ddefault\u201d text_text_color=\u201d#000000\u2033 text_font_size=\u201d16px\u201d text_line_height=\u201d24p x\u201d header_3_font_size =\u201d24px\u201d global_colors_info =\u201d{}\u201d]<\/p>\n<h2 style=\"text-align: center;\"><span style=\"font-weight: 400;\">1<\/span><\/h2>\n<p><span style=\"font-weight: 400;\">Cargue su proyecto 3D a trav\u00e9s de complementos o Augin Hub<\/span><\/p>\n<p>[\/et_pb_text][\/et_pb_column][et_pb_column type=\u201d1_4\u2033 _builder_version=\u201d4.17.4\u2033 _module_preset=\u201ddefault\u201d global_colors_info=\u201d{}\u201d][et_pb_text _builder_version=\u201d4.24.3\u2033 _module_preset=\u201ddefault\u201d text_text_color= \u201d#000000\u2033 text_font_size=\u201d16px\u201d text_line_height=\u201d24px\u201d header_3_font_size=\u201d24px\u201d global_colors_info=\u201d{}\u201d]<\/p>\n<h2 style=\"text-align: center;\"><span style=\"font-weight: 400;\">2<\/span><\/h2>\n<p>Iniciar una sesi\u00f3n de TeamPlay a trav\u00e9s de Augin Hub<\/p>\n<p>[\/et_pb_text][\/et_pb_column][et_pb_column type=\u201d1_4\u2033 _builder_version=\u201d4.17.4\u2033 _module_preset=\u201ddefault\u201d global_colors_info=\u201d{}\u201d][et_pb_text _builder_version=\u201d4.24.3\u2033 _module_preset=\u201ddefault\u201d text_text_color= \u201d#000000\u2033 text_font_size=\u201d16px\u201d text_line_height=\u201d24px\u201d header_3_font_size=\u201d24px\u201d global_colors_info=\u201d{}\u201d]<\/p>\n<h2 style=\"text-align: center;\"><span style=\"font-weight: 400;\">3<\/span><\/h2>\n<p>Invite a los participantes y, juntos, comiencen a explorar el proyecto con avatares.<\/p>\n<p>[\/et_pb_text][\/et_pb_column][et_pb_column type=\u201d1_4\u2033 _builder_version=\u201d4.17.4\u2033 _module_preset=\u201ddefault\u201d global_colors_info=\u201d{}\u201d][et_pb_text _builder_version=\u201d4.24.3\u2033 _module_preset=\u201ddefault\u201d text_text_color= \u201d#000000\u2033 text_font_size=\u201d16px\u201d text_line_height=\u201d24px\u201d header_3_font_size=\u201d24px\u201d global_colors_info=\u201d{}\u201d]<\/p>\n<h2 style=\"text-align: center;\"><span style=\"font-weight: 400;\">4<\/span><\/h2>\n<p>No olvide utilizar nuestras funciones para explorar completamente el proyecto.<\/p>\n<p>[\/et_pb_text][\/et_pb_column][\/et_pb_row][\/et_pb_section][et_pb_section fb_built=\u201d1\u2033 _builder_version=\u201d4.17.4\u2033 _module_preset=\u201ddefault\u201d custom_padding=\u201d0px|||||\u201d global_colors_info=\u201d{}\u201d][et_pb_row _builder_version=\u201d4.17.4\u2033 _module_preset=\u201ddefault\u201d custom_padding=\u201d||0px|||\u201d global_colors_info=\u201d{}\u201d][et_pb_column type=\u201d4_4\u2033 _builder_version=\u201d4.17.4\u2033 _module_preset=\u201ddefault\u201d global_colors_info=\u201d{}\u201d][et_pb_text _builder_version=\u201d4.17.4\u2033 _module_preset=\u201ddefault\u201d text_font_size=\u201d 18px\u201d text_line_height=\u201d32px\u201d header_2_text_align=\u201dcenter\u201d header_2_font_size=\u201d40px\u201d header_2_line_height=\u201d48px\u201d custom_padding=\u201d||0px|||\u201d global_colors_info=\u201d{}\u201d]<\/p>\n<h2><strong>Reunir a todos los involucrados en el proyecto.<\/strong><\/h2>\n<p>[\/et_pb_text][\/et_pb_column][\/et_pb_row][et_pb_row _builder_version=\u201d4.17.4\u2033 _module_preset=\u201ddefault\u201d global_colors_info=\u201d{}\u201d][et_pb_column type=\u201d4_4\u2033 _builder_version=\u201d4.17.4\u2033 _module_preset=\u201d default\u201d global_colors_info=\u201d{}\u201d][et_pb_video src=\u201dhttps:\/\/www.youtube.com\/watch?v=FbBe8MLh7NE\u201d _builder_version=\u201d4.17.4\u2033 _module_preset=\u201ddefault\u201d global_colors_info=\u201d{}\u201d][ \/et_pb_video][\/et_pb_column][\/et_pb_row][\/et_pb_section][et_pb_section fb_built=\u201d1\u2033 prev_background_color=\u201d#ffffff\u201d _builder_version=\u201d4.17.4\u2033 _module_preset=\u201ddefault\u201d background_color=\u201d#292F36\u2033 top_divider_style=\u201dtriangle\u201d derecho =\u201d16px\u201d global_colors_info=\u201d{}\u201d][et_pb_row _builder_version=\u201d4.17.4\u2033 _module_preset=\u201ddefault\u201d custom_padding=\u201d||0px|||\u201d global_colors_info=\u201d{}\u201d][et_pb_column type=\u201d4_4\u2033 _builder_version=\u201d4.17.4\u2033 _module_preset=\u201ddefault\u201d global_colors_info=\u201d{}\u201d][et_pb_text _builder_version=\u201d4.24.3\u2033 _module_preset=\u201ddefault\u201d text_font_size=\u201d 18px\u201d text_line_height=\u201d32px\u201d header_2_text_align=\u201dcenter\u201d header_2_font_size=\u201d40px\u201d header_2_line_height=\u201d48px\u201d custom_padding=\u201d||0px|||\u201d global_colors_info=\u201d{}\u201d]<\/p>\n<h2><strong>\u00bfQui\u00e9n puede usarlo?<\/strong><\/h2>\n<p>[\/et_pb_text][\/et_pb_column][\/et_pb_row][et_pb_row _builder_version=\u201d4.17.4\u2033 _module_preset=\u201ddefault\u201d global_colors_info=\u201d{}\u201d][et_pb_column type=\u201d4_4\u2033 _builder_version=\u201d4.17.4\u2033 _module_preset=\u201d default\u201d global_colors_info=\u201d{}\u201d][et_pb_text _builder_version=\u201d4.24.3\u2033 _module_preset=\u201ddefault\u201d text_text_color=\u201d#FFFFFF\u201d text_font_size=\u201d20px\u201d text_line_height=\u201d24px\u201d header_3_font_size=\u201d24px\u201d global_colors_info=\u201d{}\u201d]<\/p>\n<p>Para crear reuniones inmersivas e invitar a participantes a Augin TeamPlay necesitar\u00e1s una licencia Augin PRO10, otros participantes pueden usar una versi\u00f3n gratuita de Augin para unirse a la reuni\u00f3n que crees.<\/p>\n<p>[\/et_pb_text][\/et_pb_column][\/et_pb_row][et_pb_row _builder_version=\u201d4.24.3\u2033 _module_preset=\u201ddefault\u201d global_colors_info=\u201d{}\u201d][et_pb_column type=\u201d4_4\u2033 _builder_version=\u201d4.24.3\u2033 _module_preset=\u201d default\u201d global_colors_info=\u201d{}\u201d][et_pb_button button_url=\u201dhttps:\/\/augin.app\/planos\u201d button_text=\u201dDescubre nuestros planes\u201d button_alignment=\u201dcenter\u201d _builder_version=\u201d4.24.3\u2033 _module_preset=\u201ddefault\u201d custom_button= \u201don\u201d button_text_size=\u201d17px\u201d button_bg_color=\u201d#FE6A00\u2033 button_border_radius=\u201d10px\u201d button_font=\u201dCircular Pro Bold||||||||\u201d button_use_icon=\u201doff\u201d custom_margin=\u201d20px||||false|false\u201d custom_padding=\u201d10px|50px|10px|50px|true|true\u201d global_colors_info=\u201d{}\u201d button_bg_color__hover=\u201d#FFFFFF\u201d button_bg_color__hover_enabled=\u201don|hover\u201d button_text_color__hover=\u201d#FE6A00\u2033 button_text_color__hover_enabled=\u201don|hover\u201d button_border_width__hover_enabled=\u201don|hover\u201d][\/et_pb_button][\/et_pb_column][\/et_pb_row][\/et_pb_section][et_pb_section fb_built=\u201d1\u2033 _builder_version=\u201d4 .24. 3\u2033 _module_preset=\u201ddefault\u201d top_divider_height=\u201d16px\u201d global_colors_info=\u201d{}\u201d][et_pb_row _builder_version=\u201d4.17.4\u2033 _module_preset=\u201ddefault\u201d custom_padding=\u201d||0px|||\u201d global_colors_info=\u201d{}\u201d][et_pb_column type=\u201d4_4\u2033 _builder_version=\u201d4.17.4\u2033 _module_preset=\u201ddefault\u201d global_colors_info=\u201d{}\u201d][et_pb_text _builder_version=\u201d4.24.3\u2033 _module_preset=\u201ddefault\u201d text_font_size=\u201d 18px\u201d text_line_height=\u201d32px\u201d header_2_text_align=\u201dcenter\u201d header_2_font_size=\u201d40px\u201d header_2_line_height=\u201d48px\u201d custom_padding=\u201d||0px|||\u201d global_colors_info=\u201d{}\u201d]<\/p>\n<h2><strong>Beneficios<\/strong><\/h2>\n<p>[\/et_pb_text][\/et_pb_column][\/et_pb_row][et_pb_row column_structure=\u201d1_3,1_3,1_3\u2033 _builder_version=\u201d4.17.4\u2033 _module_preset=\u201ddefault\u201d global_colors_info=\u201d{}\u201d][et_pb_column type=\u201d1_3\u2033 _builder_version =\u201d4.17.4\u2033 _module_preset=\u201ddefault\u201d global_colors_info=\u201d{}\u201d][et_pb_text _builder_version=\u201d4.24.3\u2033 _module_preset=\u201ddefault\u201d text_font_size=\u201d16px\u201d text_line_height=\u201d24px\u201d header_3_font_size=\u201d24px\u201d global_colors_info=\u201d {}\u201d]<\/p>\n<h3>Di adi\u00f3s al uso compartido de pantalla<\/h3>\n<p>Con las herramientas tradicionales, debe abrir su modelo 3D en un software espec\u00edfico, compartir una pantalla de computadora y los participantes solo pueden mirar pasivamente. Con TeamPlay, el modelo 3D es la sala de reuniones donde todos los participantes se encuentran y pueden explorar los detalles del proyecto de forma independiente y colaborativa.<\/p>\n<p>[\/et_pb_text][\/et_pb_column][et_pb_column type=\u201d1_3\u2033 _builder_version=\u201d4.17.4\u2033 _module_preset=\u201ddefault\u201d global_colors_info=\u201d{}\u201d][et_pb_text _builder_version=\u201d4.17.4\u2033 _module_preset=\u201ddefault\u201d text_font_size= \u201d16px\u201d text_line_height=\u201d24px\u201d header_3_font_size=\u201d24px\u201d global_colors_info=\u201d{}\u201d]<\/p>\n<h3>Dar a los participantes las herramientas para explorar<\/h3>\n<p>En una reuni\u00f3n virtual tradicional, los participantes dependen completamente del presentador para mostrarles el proyecto. Con TeamPlay cada participante tiene acceso a muchas herramientas e informaci\u00f3n para poder interactuar con el proyecto durante la reuni\u00f3n. Como resultado, la generaci\u00f3n de ideas se vuelve m\u00e1s espont\u00e1nea y el ambiente mucho m\u00e1s din\u00e1mico.<\/p>\n<p>[\/et_pb_text][\/et_pb_column][et_pb_column type=\u201d1_3\u2033 _builder_version=\u201d4.17.4\u2033 _module_preset=\u201ddefault\u201d global_colors_info=\u201d{}\u201d][et_pb_text _builder_version=\u201d4.17.4\u2033 _module_preset=\u201ddefault\u201d text_font_size= \u201d16px\u201d text_line_height=\u201d24px\u201d header_3_font_size=\u201d24px\u201d global_colors_info=\u201d{}\u201d]<\/p>\n<h3>No est\u00e9s atado a la computadora de la oficina<\/h3>\n<p>Con TeamPlay, el presentador y los invitados son libres de crear y acceder a reuniones en cualquier PC o dispositivo m\u00f3vil a trav\u00e9s de la aplicaci\u00f3n Augin y HUB. Con el proyecto guardado en Augin, todos tienen acceso remoto al modelo compartido de forma r\u00e1pida y segura.<\/p>\n<p>[\/et_pb_text][\/et_pb_column][\/et_pb_row][et_pb_row _builder_version=\u201d4.24.3\u2033 _module_preset=\u201ddefault\u201d global_colors_info=\u201d{}\u201d][et_pb_column type=\u201d4_4\u2033 _builder_version=\u201d4.24.3\u2033 _module_preset=\u201d default\u201d global_colors_info=\u201d{}\u201d][et_pb_button button_url=\u201dhttps:\/\/augin.app\/planos\u201d button_text=\u201dQuiero actualizar\u201d button_alignment=\u201dcenter\u201d _builder_version=\u201d4.24.3\u2033 _module_preset=\u201ddefault\u201d custom_button =\u201don\u201d button_text_size=\u201d17px\u201d button_bg_color=\u201d#FE6A00\u2033 button_border_radius=\u201d10px\u201d button_font=\u201dCircular Pro Bold||||||||\u201d button_use_icon=\u201doff\u201d custom_margin=\u201d20px||||false|false\u201d custom_padding=\u201d10px|50px|10px|50px|true|true\u201d global_colors_info=\u201d{}\u201d button_bg_color__hover=\u201d#FFFFFF\u201d button_bg_color__hover_enabled=\u201don|hover\u201d button_text_color__hover=\u201d#FE6A00\u2033 button_text_color__hover_enabled=\u201don|hover\u201d button_border_width__hover_enabled=\u201don|hover\u201d][\/et_pb_button][\/et_pb_column][\/et_pb_row][\/et_pb_section][et_pb_section fb_built=\u201d1\u2033 _builder_version=\u201d4 .17. 4\u2033 _module_preset=\u201ddefault\u201d background_enable_color=\u201doff\u201d lock=\u201doff\u201d global_colors_info=\u201d{}\u201d][et_pb_row column_structure=\u201d1_3,1_3,1_3\u2033 _builder_version=\u201d4.17.3\u2033 _module_preset=\u201ddefault\u201d global_colors_info=\u201d{} \u201d][et_pb_column type=\u201d1_3\u2033 _builder_version=\u201d4.17.3\u2033 _module_preset=\u201ddefault\u201d global_colors_info=\u201d{}\u201d][et_pb_testimonial Author=\u201dRangel Lage\u201d job_title=\u201dProfesor y socio director de SOMMA Structural Calculus\u201d Portrait_url = \u201dhttps:\/\/augin.app\/wp-content\/uploads\/2021\/11\/rangel-lage.png\u201d _builder_version=\u201d4.17.3\u2033 _module_preset=\u201ddefault\u201d global_colors_info=\u201d{}\u201d]<\/p>\n<p>Augin aport\u00f3 una evoluci\u00f3n fant\u00e1stica en la presentaci\u00f3n del proyecto al cliente ya la obra, con un enfoque intuitivo, con informaci\u00f3n precisa, practicidad y claridad en la informaci\u00f3n, fundamentales para la buena ejecuci\u00f3n de un proyecto.<\/p>\n<p>[\/et_pb_testimonial][\/et_pb_column][et_pb_column type=\u201d1_3\u2033 _builder_version=\u201d4.17.3\u2033 _module_preset=\u201ddefault\u201d global_colors_info=\u201d{}\u201d][et_pb_testimonial author=\u201dIng. Dion\u00edsio A. Souza \u201d job_title=\u201dCEO de Proger Engenharia\u201d portrait_url=\u201dhttps:\/\/augin.app\/wp-content\/uploads\/2021\/11\/dionisio-souza.png\u201d job_title_tablet=\u201dCEO de Proger Engenharia\u201d job_title_phone= \u201dCEO de Proger Engenharia\u201d job_title_last_edited=\u201don|desktop\u201d _builder_version=\u201d4.17.3\u2033 _module_preset=\u201ddefault\u201d global_colors_info=\u201d{}\u201d]<\/p>\n<p>Las herramientas proporcionadas por Augin han brindado experiencias muy apreciadas por nuestros clientes y empleados.\u00a0<\/p>\n<p>[\/et_pb_testimonial][\/et_pb_column][et_pb_column type=\u201d1_3\u2033 _builder_version=\u201d4.17.3\u2033 _module_preset=\u201ddefault\u201d global_colors_info=\u201d{}\u201d][et_pb_testimonial author=\u201dIng. especialmente Rui Raoli \u201d job_title=\u201dDise\u00f1ador y consultor BIM\u201d portrait_url=\u201dhttps:\/\/augin.app\/wp-content\/uploads\/2021\/11\/rui-raoli.png\u201d _builder_version=\u201d4.17.3\u2033 _module_preset=\u201ddefault\u201d global_colors_info=&quot;{}&quot;]<\/p>\n<p>Conoc\u00ed a Augin poco despu\u00e9s de terminar mi investigaci\u00f3n sobre Realidad Aumentada, y cu\u00e1nto mejor hubiera sido el trabajo final si \u00e9l ya existiera cuando comenc\u00e9. Desde entonces, he seguido todo su desarrollo, y c\u00f3mo ha evolucionado esta poderosa herramienta que ha cambiado la forma en que presentamos nuestros proyectos.<\/p>\n<p>[\/et_pb_testimonial][\/et_pb_column][\/et_pb_row][\/et_pb_section][et_pb_section fb_built=\u201d1\u2033 _builder_version=\u201d4.21.0\u2033 _module_preset=\u201ddefault\u201d background_color=\u201d#E8E8F0\u2033 custom_padding=\u201d40px||20px||false |false\u201d top_divider_style=\u201dtriangle\u201d top_divider_color=\u201d#FFFFFF\u201d top_divider_height=\u201d16px\u201d lock=\u201doff\u201d global_colors_info=\u201d{}\u201d][et_pb_row column_structure=\u201d2_5,3_5\u2033 _builder_version=\u201d4.16\u2033 _module_preset=\u201ddefault\u201d custom_padding =\u201d||0px|||\u201d lock=\u201doff\u201d global_colors_info=\u201d{}\u201d][et_pb_column type=\u201d2_5\u2033 _builder_version=\u201d4.16\u2033 _module_preset=\u201ddefault\u201d global_colors_info=\u201d{}\u201d][et_pb_text _builder_version=\u201d4.17.4\u2033 _module_preset=\u201ddefault\u201d text_font_size=\u201d28px\u201d text_line_height=\u201d1.3em\u201d header_font=\u201d||on||||||\u201d header_text_color=\u201d#FE6A00\u2033 header_font_size=\u201d70px\u201d header_line_height=\u201d0.8em\u201d header_2_text_color=\u201d#0D1317\u2033 header_3_text_color=\u201d#FE6A00\u2033 header_font_size_tablet=\u201d70px\u201d header_font_size_phone=\u201d60p x\u201d header_font_size_last_edited= \u201dencendido|tel\u00e9fono\u201d bloqueado=\u201dapagado\u201d global_colors_info = &quot;{}&quot;]<\/p>\n<p style=\"text-align: right;\">Actualizar a<br \/><strong>Augin PRO10<\/strong> y lleva tus proyectos al siguiente nivel<\/p>\n<p>[\/et_pb_text][\/et_pb_column][et_pb_column type=\u201d3_5\u2033 _builder_version=\u201d4.16\u2033 _module_preset=\u201ddefault\u201d global_colors_info=\u201d{}\u201d][et_pb_blurb use_icon=\u201don\u201d font_icon=\u201d\ue052||divi||400\u2033 icon_color=\u201d#FE6A00\u2033 image_icon_background_color=\u201dRGBA(255,255,255,0)\u201d icon_placement=\u201dleft\u201d image_icon_width=\u201d20px\u201d _builder_version=\u201d4.21.0\u2033 _module_preset=\u201ddefault\u201d body_font_size=\u201d17px\u201d custom_margin=\u201d||10px|| falso|falso\u201d global_colors_info=\u201d{}\u201d]<\/p>\n<p>Importa proyectos hasta 1Gb<\/p>\n<p>[\/et_pb_blurb][et_pb_blurb use_icon=\u201don\u201d font_icon=\u201d\ue052||divi||400\u2033 icon_color=\u201d#FE6A00\u2033 image_icon_background_color=\u201dRGBA(255,255,255,0)\u201d icon_placement=\u201dleft\u201d image_icon_width=\u201d20px\u201d _builder_width=\u201d 20px\u201d _builder_blurb=version\u201d 4.17.4\u2033 _module_preset=\u201ddefault\u201d body_font_size=\u201d17px\u201d custom_margin=\u201d||10px||false|false\u201d global_colors_info=\u201d{}\u201d]<\/p>\n<p>Comparta proyectos a trav\u00e9s de c\u00f3digos QR y enlaces<\/p>\n<p>[\/et_pb_blurb][et_pb_blurb use_icon=\u201don\u201d font_icon=\u201d\ue052||divi||400\u2033 icon_color=\u201d#FE6A00\u2033 image_icon_background_color=\u201dRGBA(255,255,255,0)\u201d icon_placement=\u201dleft\u201d image_icon_width=\u201d20px\u201d _builder_width=\u201d 20px\u201d _builder_blurb=version\u201d 4.17.4\u2033 _module_preset=\u201ddefault\u201d body_font_size=\u201d17px\u201d custom_margin=\u201d||10px||false|false\u201d global_colors_info=\u201d{}\u201d]<\/p>\n<p>Crear modelos federados<\/p>\n<p>_builder_version=\u201d 4.21.0\u2033 _module_preset=\u201ddefault\u201d body_font_size=\u201d17px\u201d custom_margin=\u201d||10px||false|false\u201d global_colors_info=\u201d{}\u201d]<\/p>\n<p>Haga que las reuniones sean inmersivas en su modelo 3D<\/p>\n<p>[\/et_pb_blurb][\/et_pb_column][\/et_pb_row][et_pb_row _builder_version=\u201d4.17.4\u2033 _module_preset=\u201ddefault\u201d custom_padding=\u201d0px|||||\u201d global_colors_info=\u201d{}\u201d][et_pb_column type=\u201d4_4\u2033 _builder_version=\u201d4.17.4\u2033 _module_preset=\u201ddefault\u201d global_colors_info=\u201d{}\u201d][et_pb_button button_url=\u201dhttps:\/\/augin.app\/planos\u201d button_text= \u201dVer planos\u201d button_alignment=\u201dcenter\u201d _builder_version=\u201d4.21.0\u2033 _module_preset=\u201ddefault\u201d custom_button=\u201don\u201d button_text_size=\u201d17px\u201d button_bg_color=\u201d#FE6A00\u2033 button_border_radius=\u201d10px\u201d button_font=\u201dCircular Pro Bold||| |||||\u201d button_use_icon=\u201doff\u201d custom_margin=\u201d20px||||false|false\u201d custom_padding=\u201d10px|50px|10px|50px|true|true\u201d global_colors_info=\u201d{}\u201d custom_padding__hover_enabled=\u201doff|escritorio\u201d button_bg_color__hover=\u201d#FFFFFF\u201d button_bg_color__hover_enabled=\u201don|hover\u201d button_text_color__hover=\u201d#FE6A00\u2033 button_text_color__hover_enabled=\u201don|hover\u201d button_border_width__hover_enabled=\u201don|hover\u201d][\/et_pb_button][\/et_pb_column][\/et_pb_row][\/et_pb_section]<\/p>","protected":false},"excerpt":{"rendered":"<p>Reuniones inmersivas Con TeamPlay tu modelo 3D se convierte en un entorno colaborativo donde pueden reunirse hasta 10 personas. Realice presentaciones, discuta ideas y lleve la comunicaci\u00f3n de su proyecto al siguiente nivel.\u00bfC\u00f3mo funciona?1 Cargue su proyecto 3D a trav\u00e9s de complementos o Augin Hub2 Inicie una sesi\u00f3n de TeamPlay a trav\u00e9s de Augin [\u2026]<\/p>","protected":false},"author":7,"featured_media":0,"parent":0,"menu_order":0,"comment_status":"closed","ping_status":"closed","template":"","meta":{"_et_pb_use_builder":"on","_et_pb_old_content":"","_et_gb_content_width":"","inline_featured_image":false,"footnotes":""},"class_list":["post-239301","page","type-page","status-publish","hentry"],"aioseo_notices":[],"_links":{"self":[{"href":"https:\/\/augin.app\/es\/wp-json\/wp\/v2\/pages\/239301","targetHints":{"allow":["GET"]}}],"collection":[{"href":"https:\/\/augin.app\/es\/wp-json\/wp\/v2\/pages"}],"about":[{"href":"https:\/\/augin.app\/es\/wp-json\/wp\/v2\/types\/page"}],"author":[{"embeddable":true,"href":"https:\/\/augin.app\/es\/wp-json\/wp\/v2\/users\/7"}],"replies":[{"embeddable":true,"href":"https:\/\/augin.app\/es\/wp-json\/wp\/v2\/comments?post=239301"}],"version-history":[{"count":18,"href":"https:\/\/augin.app\/es\/wp-json\/wp\/v2\/pages\/239301\/revisions"}],"predecessor-version":[{"id":239922,"href":"https:\/\/augin.app\/es\/wp-json\/wp\/v2\/pages\/239301\/revisions\/239922"}],"wp:attachment":[{"href":"https:\/\/augin.app\/es\/wp-json\/wp\/v2\/media?parent=239301"}],"curies":[{"name":"wp","href":"https:\/\/api.w.org\/{rel}","templated":true}]}}