{"id":239447,"date":"2022-09-27T10:33:37","date_gmt":"2022-09-27T13:33:37","guid":{"rendered":"https:\/\/augin.app\/?page_id=239447"},"modified":"2022-11-10T12:00:04","modified_gmt":"2022-11-10T15:00:04","slug":"tutoriais","status":"publish","type":"page","link":"https:\/\/augin.app\/es\/tutoriais\/","title":{"rendered":"Tutoriales"},"content":{"rendered":"<p>[et_pb_section fb_built=\u201d1\u2033 next_background_color=\u201d#ffffff\u201d _builder_version=\u201d4.16\u2033 _module_preset=\u201ddefault\u201d background_color=\u201d#E8E8F0\u2033 top_divider_height=\u201d280px\u201d top_divider_height_tablet=\u201d\u201d top_divider_height_phone=\u201d\u201d top_divider_ed\u201d_last_edit=\u201dtable wave\u201d bottom_divider_repeat=\u201d1x\u201d bottom_divider_flip=\u201dhorizontal\u201d bottom_divider_height_tablet=\u201d50px\u201d bottom_divider_height_phone=\u201d35px\u201d bottom_divider_height_last_edited=\u201don|phone\u201d bloqueado=\u201doff\u201d global_colors_info=\u201d{}\u201d][et_pb_row column_structure=\u201d1_2,1_2\u2033 _builder_version=\u201d4.16\u2033 _module_preset=\u201dpredeterminado\u201d global_colors_info=\u201d{}\u201d][et_pb_column type=\u201d1_2\u2033 _builder_version=\u201d4.16\u2033 _module_preset=\u201dpredeterminado\u201d custom_padding=\u201d70px||||false|false\u201d custom_padding_tablet=\u201d0px ||||falso|falso\u201d custom_padding_phone=\u201d\u201d custom_padding_last_edited=\u201don|tablet\u201d global_colors_info=\u201d{}\u201d][et_pb_text _builder_version=\u201d4.18.0\u2033 _module_preset=\u201dpredeterminado\u201d text_font_size=\u201d17px\u201d header_text_color=\u201d#FE6A00\u2033 header_font_size=\u201d4 5px\u201d custom_margin_tablet=\u201d|0px|||false|false\u201d custom_margin_phone=\u201d\u201d custom_margin_last_edited=\u201den|tel\u00e9fono\u201d header_font_size_tablet=\u201d35px\u201d header_font_size_phone=\u201d30px\u201d header_font_size_last_edited=\u201den|escritorio\u201d global_colors_info=\u201d{}\u201d]<\/p>\n<h1>Tutoriales para instalar, configurar y utilizar la plataforma Augin<\/h1>\n<p>Hemos creado tutoriales en video y texto para guiarlo paso a paso en el uso de nuestra plataforma.\u00a0<\/p>\n<p>[\/et_pb_text][\/et_pb_column][et_pb_column type=\u201d1_2\u2033 _builder_version=\u201d4.16\u2033 _module_preset=\u201ddefault\u201d global_colors_info=\u201d{}\u201d][et_pb_image src=\u201dhttps:\/\/augin.app\/wp-content\/uploads \/2021\/10\/augin-app-illustracao2.svg\u201d title_text=\u201daugin-app-illustracao2\u2033 show_bottom_space=\u201doff\u201d _builder_version=\u201d4.18.0\u2033 _module_preset=\u201ddefault\u201d width=\u201d95%\u201d width_tablet=\u201d95%\u201d width_phone =\u201d50%\u201d width_last_edited=\u201don|phone\u201d custom_margin=\u201d-40px||-60px||false|false\u201d custom_margin_tablet=\u201d-40px||-80px||false|false\u201d custom_margin_phone=\u201d0px||-70px| |false|false\u201d custom_margin_last_edited=\u201don|desktop\u201d animation_style=\u201dslide\u201d animation_direction=\u201dright\u201d animation_intensity_slide=\u201d10%\u201d module_alignment_tablet=\u201d\u201d module_alignment_phone=\u201dcenter\u201d module_alignment_last_edited=\u201don|phone\u201d global_colors_info=\u201d{}\u201d] [\/et_pb_image][\/et_pb_column][\/et_pb_row][\/et_pb_section][et_pb_section fb_built=\u201d1\u2033 _builder_version=\u201d4.18.0\u2033 _module_preset=\u201ddefault\u201d custom_padding=\u201d60px||0px|||\u201d global_colors_info=\u201d{}\u201d][et_pb_row _builder_version=\u201d4.18.0\u2033 _module_preset=\u201ddefault\u201d custom_padding=\u201d50px|||||\u201d global_colors_info=\u201d{}\u201d][et_pb_column type=\u201d4_4\u2033 _builder_version=\u201d4.18.0\u2033 _module_preset=\u201ddefault\u201d global_colors_info=\u201d{}\u201d][et_pb_search exclude_pages=\u201don\u201d placeholder=\u201d\u00bfQu\u00e9 le gustar\u00eda aprender? \u201d button_color=\u201d#FE6A00\u2033 _builder_version=\u201d4.18.0\u2033 _module_preset=\u201ddefault\u201d button_text_color=\u201d#FFFFFF\u201d button_font_size=\u201d21px\u201d form_field_font_size=\u201d21px\u201d width=\u201d800px\u201d width_tablet=\u201d800px\u201d width_phone=\u201d1001TP2_Tedited width_last_edited \u201d en|tel\u00e9fono\u201d module_alignment=\u201dcenter\u201d button_font_size_tablet=\u201d21px\u201d button_font_size_phone=\u201d12px\u201d button_font_size_last_edited=\u201den|tel\u00e9fono\u201d form_field_font_size_tablet=\u201d21px\u201d form_field_font_size_phone=\u201d12px\u201d form_field_font_size_last_edited=\u201den|tel\u00e9fono\u201d border_radii=\u201don| 30px |30px|30px\u201d border_color_all=\u201d#FE6A00\u2033 global_colors_info=\u201d{}\u201d][\/et_pb_search][\/et_pb_column][\/et_pb_row][\/et_pb_section][et_pb_section fb_built=\u201d1\u2033 _builder_version=\u201d4.18.0\u2033 _module_preset=_module_preset \u201dpredeterminado\u201d custom_padding=\u201d31px||31px||falso|\u201d global_colors_info=\u201d{}\u201d][et_pb_row column_structure=\u201d1_2,1_2\u2033 _builder_version=\u201d4.18.0\u2033 _module_preset=\u201ddefault\u201d global_colors_info=\u201d{}\u201d][et_pb_column type=\u201d1_2\u2033 _builder_version=\u201d4.18.0\u2033 _module_preset =\u201dpredeterminado\u201d background_color=\u201d#F3F4F9\u2033 custom_padding=\u201d20px|30px|20px|30px|false|false\u201d border_radii=\u201don|10px|10px|10px|10px\u201d border_width_all=\u201d1px\u201d global_colors_info=\u201d{}\u201d][ et_pb_icon font_icon=\u201d\ue004||divi||400\u2033 icon_color=\u201d#F3F4F9\u2033 icon_width=\u201d48px\u201d _builder_version=\u201d4.18.0\u2033 _module_preset=\u201ddefault\u201d background_color=\u201d#FE6A00\u2033 custom_margin=\u201d||0px||false|false \u201d custom_padding=\u201d15px|15px|15px|15px|false|false\u201d border_radii=\u201don|340px|340px|340px|340px\u201d border_width_all=\u201d1px\u201d border_color_all=\u201dRGBA(255,255,255,0)\u201d global_colors_info=\u201d{}\u201d ][\/et_pb_icon][et_pb_text _builder_version=\u201d4.18.0\u2033 _module_preset=\u201ddefault\u201d text_text_color=\u201d#FE6A00\u2033 text_orientation=\u201dcenter\u201d custom_margin=\u201d||||false|false\u201d custom_padding=\u201d||||false|false \u201d header_font_size_tablet=\u201d\u201d header_font_size_phone=\u201d 22px\u201d header_font_size_last_edited=\u201den|tel\u00e9fono\u201d global_colors_info=\u201d{}\u201d]<\/p>\n<h1>Instalaci\u00f3n<\/h1>\n<p>[\/et_pb_text][et_pb_text _builder_version=\u201d4.18.0\u2033 _module_preset=\u201ddefault\u201d text_orientation=\u201dcenter\u201d global_colors_info=\u201d{}\u201d]<\/p>\n<p><a href=\"https:\/\/augin.app\/es\/como-criar-uma-conta-no-augin\/\">C\u00f3mo crear una cuenta en Augin<\/a><\/p>\n<p><a href=\"https:\/\/augin.app\/es\/como-recuperar-sua-senha-no-augin\/\"><span data-sheets-value=\"{&quot;1&quot;:2,&quot;2&quot;:&quot;Como recuperar senha&quot;}\" data-sheets-userformat=\"{&quot;2&quot;:33559169,&quot;3&quot;:{&quot;1&quot;:0},&quot;10&quot;:1,&quot;12&quot;:0,&quot;15&quot;:&quot;Roboto&quot;,&quot;28&quot;:1}\">como recuperar contrase\u00f1a<\/span><\/a><\/p>\n<p><a href=\"https:\/\/augin.app\/es\/como-confirmar-seu-e-mail-no-augin\/\"><span data-sheets-value=\"{&quot;1&quot;:2,&quot;2&quot;:&quot;Como recuperar senha&quot;}\" data-sheets-userformat=\"{&quot;2&quot;:33559169,&quot;3&quot;:{&quot;1&quot;:0},&quot;10&quot;:1,&quot;12&quot;:0,&quot;15&quot;:&quot;Roboto&quot;,&quot;28&quot;:1}\">C\u00f3mo confirmar el correo electr\u00f3nico<\/span><\/a><\/p>\n<p><a href=\"https:\/\/augin.app\/es\/como-gerenciar-dispositivos-no-augin\/\"><span data-sheets-value=\"{&quot;1&quot;:2,&quot;2&quot;:&quot;Como recuperar senha&quot;}\" data-sheets-userformat=\"{&quot;2&quot;:33559169,&quot;3&quot;:{&quot;1&quot;:0},&quot;10&quot;:1,&quot;12&quot;:0,&quot;15&quot;:&quot;Roboto&quot;,&quot;28&quot;:1}\">C\u00f3mo administrar dispositivos<\/span><\/a><\/p>\n<p><a href=\"https:\/\/augin.app\/es\/como-instalar-o-augin-para-windows\/\"><span data-sheets-value=\"{&quot;1&quot;:2,&quot;2&quot;:&quot;Como recuperar senha&quot;}\" data-sheets-userformat=\"{&quot;2&quot;:33559169,&quot;3&quot;:{&quot;1&quot;:0},&quot;10&quot;:1,&quot;12&quot;:0,&quot;15&quot;:&quot;Roboto&quot;,&quot;28&quot;:1}\">C\u00f3mo instalar Augin Hub para Windows<\/span><\/a><\/p>\n<p><a href=\"https:\/\/augin.app\/es\/como-testar-o-augin-pro10-gratuitamente\/\"><span data-sheets-value=\"{&quot;1&quot;:2,&quot;2&quot;:&quot;Como recuperar senha&quot;}\" data-sheets-userformat=\"{&quot;2&quot;:33559169,&quot;3&quot;:{&quot;1&quot;:0},&quot;10&quot;:1,&quot;12&quot;:0,&quot;15&quot;:&quot;Roboto&quot;,&quot;28&quot;:1}\">C\u00f3mo probar Augin PRO10 gratis<\/span><\/a><\/p>\n<p>&nbsp;<\/p>\n<p>[\/et_pb_text][\/et_pb_column][et_pb_column type=\u201d1_2\u2033 _builder_version=\u201d4.18.0\u2033 _module_preset=\u201ddefault\u201d background_color=\u201d#F3F4F9\u2033 custom_padding=\u201d20px|30px|20px|30px|false|false\u201d border_radii=\u201d on|10px|10px|10px|10px\u201d border_width_all=\u201d1px\u201d global_colors_info=\u201d{}\u201d][et_pb_icon font_icon=\u201df||divi||400\u2033 icon_color=\u201d#F3F4F9\u2033 icon_width=\u201d48px\u201d _builder_version=\u201d4.18. 0\u2033 _module_preset=\u201ddefault\u201d background_color=\u201d#FE6A00\u2033 custom_margin=\u201d||0px||false|false\u201d custom_padding=\u201d15px|15px|15px|15px|false|false\u201d border_radii=\u201don|340px|340px|340px| 340px\u201d border_width_all=\u201d1px\u201d border_color_all=\u201dRGBA(255,255,255,0)\u201d global_colors_info=\u201d{}\u201d][\/et_pb_icon][et_pb_text _builder_version=\u201d4.18.0\u2033 _module_preset=\u201ddefault\u201d text_text_color=\u201d#FE6A00\u2033 text_orientation center\u201d custom_margin=\u201d||||false|false\u201d custom_padding=\u201d||||false|false\u201d header_font_size_tablet=\u201d\u201d header_font_size_phone=\u201d22px\u201d header_font_size_last_edited=\u201don|phone\u201d global_colors_info=\u201d{}\u201d]<\/p>\n<h1>Ajustes<\/h1>\n<p>[\/et_pb_text][et_pb_text _builder_version=\u201d4.18.0\u2033 _module_preset=\u201ddefault\u201d text_orientation=\u201dcenter\u201d global_colors_info=\u201d{}\u201d]<\/p>\n<p><a href=\"https:\/\/augin.app\/es\/como-editar-seu-perfil-no-augin\/\">C\u00f3mo editar tu perfil<\/a><\/p>\n<p><a href=\"https:\/\/augin.app\/es\/customizar-avatar-augin\/\"><span data-sheets-value=\"{&quot;1&quot;:2,&quot;2&quot;:&quot;Como alterar para o modo HD no Augin Hub&quot;}\" data-sheets-userformat=\"{&quot;2&quot;:33559169,&quot;3&quot;:{&quot;1&quot;:0},&quot;10&quot;:1,&quot;12&quot;:0,&quot;15&quot;:&quot;Roboto&quot;,&quot;28&quot;:1}\">C\u00f3mo personalizar el avatar<\/span><\/a><\/p>\n<p><span data-sheets-value=\"{&quot;1&quot;:2,&quot;2&quot;:&quot;Como alterar para o modo HD no Augin Hub&quot;}\" data-sheets-userformat=\"{&quot;2&quot;:33559169,&quot;3&quot;:{&quot;1&quot;:0},&quot;10&quot;:1,&quot;12&quot;:0,&quot;15&quot;:&quot;Roboto&quot;,&quot;28&quot;:1}\"><\/span><a href=\"https:\/\/augin.app\/es\/verificar-notificacoes-augin-hub\/\"><span data-sheets-value=\"{&quot;1&quot;:2,&quot;2&quot;:&quot;Como alterar para o modo HD no Augin Hub&quot;}\" data-sheets-userformat=\"{&quot;2&quot;:33559169,&quot;3&quot;:{&quot;1&quot;:0},&quot;10&quot;:1,&quot;12&quot;:0,&quot;15&quot;:&quot;Roboto&quot;,&quot;28&quot;:1}\">C\u00f3mo verificar notificaciones y env\u00edos<\/span><\/a><\/p>\n<p><a href=\"https:\/\/augin.app\/es\/acessar-ajuda-augin\/\"><span data-sheets-value=\"{&quot;1&quot;:2,&quot;2&quot;:&quot;Como alterar para o modo HD no Augin Hub&quot;}\" data-sheets-userformat=\"{&quot;2&quot;:33559169,&quot;3&quot;:{&quot;1&quot;:0},&quot;10&quot;:1,&quot;12&quot;:0,&quot;15&quot;:&quot;Roboto&quot;,&quot;28&quot;:1}\">C\u00f3mo acceder a la ayuda<\/span><\/a><\/p>\n<p><a href=\"https:\/\/augin.app\/es\/modo-hd-augin\/\"><span data-sheets-value=\"{&quot;1&quot;:2,&quot;2&quot;:&quot;Como alterar para o modo HD no Augin Hub&quot;}\" data-sheets-userformat=\"{&quot;2&quot;:33559169,&quot;3&quot;:{&quot;1&quot;:0},&quot;10&quot;:1,&quot;12&quot;:0,&quot;15&quot;:&quot;Roboto&quot;,&quot;28&quot;:1}\">C\u00f3mo cambiar al modo HD<\/span><\/a><\/p>\n<p>[\/et_pb_text][\/et_pb_column][\/et_pb_row][et_pb_row column_structure=\u201d1_2,1_2\u2033 _builder_version=\u201d4.18.0\u2033 _module_preset=\u201ddefault\u201d global_colors_info=\u201d{}\u201d][et_pb_column type=\u201d1_2\u2033 _builder_version=\u201d 4.18.0\u2033 _module_preset=\u201ddefault\u201d background_color=\u201d#F3F4F9\u2033 custom_padding=\u201d20px|30px|20px|30px|false|false\u201d border_radii=\u201don|10px|10px|10px|10px\u201d border_width_all=\u201d1px\u201d global_colors_info=\u201d {}\u201d][et_pb_icon font_icon=\u201dm||divi||400\u2033 icon_color=\u201d#F3F4F9\u2033 icon_width=\u201d48px\u201d _builder_version=\u201d4.18.0\u2033 _module_preset=\u201ddefault\u201d background_color=\u201d#FE6A00\u2033 custom_margin=\u201d||0px ||falso|falso\u201d custom_padding=\u201d15px|15px|15px|15px|false|false\u201d border_radii=\u201don|340px|340px|340px|340px\u201d border_width_all=\u201d1px\u201d border_color_all=\u201dRGBA(255,255,255,0)\u201d global_colors_info =\u201d{}\u201d][\/et_pb_icon][et_pb_text _builder_version=\u201d4.18.0\u2033 _module_preset=\u201ddefault\u201d text_text_color=\u201d#FE6A00\u2033 text_orientation=\u201dcenter\u201d custom_margin=\u201d||||false|false\u201d custom_padding=\u201d|| ||falso|falso\u201d header_font_size_tablet=&quot;\u201d header_f ont_size_phone=\u201d22px\u201d header_font_size_last_edited=\u201den|tel\u00e9fono\u201d global_colors_info=\u201d{}\u201d]<\/p>\n<h1>Presentaci\u00f3n y gesti\u00f3n de proyectos<\/h1>\n<p>[\/et_pb_text][et_pb_text _builder_version=\u201d4.18.0\u2033 _module_preset=\u201ddefault\u201d text_orientation=\u201dcenter\u201d global_colors_info=\u201d{}\u201d]<\/p>\n<p><a href=\"https:\/\/augin.app\/es\/enviar-projeto-com-augin-hub\/\"><span data-sheets-value=\"{&quot;1&quot;:2,&quot;2&quot;:&quot;Renomear projeto&quot;}\" data-sheets-userformat=\"{&quot;2&quot;:33559169,&quot;3&quot;:{&quot;1&quot;:0},&quot;10&quot;:1,&quot;12&quot;:0,&quot;15&quot;:&quot;Roboto&quot;,&quot;28&quot;:1}\">C\u00f3mo enviar un proyecto<\/span><\/a><\/p>\n<p><a href=\"https:\/\/augin.app\/es\/como-renomear-um-projeto-no-augin\/\"><span data-sheets-value=\"{&quot;1&quot;:2,&quot;2&quot;:&quot;Renomear projeto&quot;}\" data-sheets-userformat=\"{&quot;2&quot;:33559169,&quot;3&quot;:{&quot;1&quot;:0},&quot;10&quot;:1,&quot;12&quot;:0,&quot;15&quot;:&quot;Roboto&quot;,&quot;28&quot;:1}\">renombrar proyecto<\/span><\/a><\/p>\n<p><a href=\"https:\/\/augin.app\/es\/como-acessar-projeto-compartilhado\/\"><span data-sheets-value=\"{&quot;1&quot;:2,&quot;2&quot;:&quot;Renomear projeto&quot;}\" data-sheets-userformat=\"{&quot;2&quot;:33559169,&quot;3&quot;:{&quot;1&quot;:0},&quot;10&quot;:1,&quot;12&quot;:0,&quot;15&quot;:&quot;Roboto&quot;,&quot;28&quot;:1}\">C\u00f3mo acceder a un proyecto compartido\u00a0<\/span><\/a><\/p>\n<p><a href=\"https:\/\/augin.app\/es\/abrir-projeto-via-link\/\"><span data-sheets-value=\"{&quot;1&quot;:2,&quot;2&quot;:&quot;Renomear projeto&quot;}\" data-sheets-userformat=\"{&quot;2&quot;:33559169,&quot;3&quot;:{&quot;1&quot;:0},&quot;10&quot;:1,&quot;12&quot;:0,&quot;15&quot;:&quot;Roboto&quot;,&quot;28&quot;:1}\">C\u00f3mo abrir un proyecto a trav\u00e9s de un enlace<\/span><\/a><\/p>\n<p><a href=\"https:\/\/augin.app\/es\/criar-editar-pastas-augin\/\"><span data-sheets-value=\"{&quot;1&quot;:2,&quot;2&quot;:&quot;Renomear projeto&quot;}\" data-sheets-userformat=\"{&quot;2&quot;:33559169,&quot;3&quot;:{&quot;1&quot;:0},&quot;10&quot;:1,&quot;12&quot;:0,&quot;15&quot;:&quot;Roboto&quot;,&quot;28&quot;:1}\">C\u00f3mo crear y editar carpetas<\/span><\/a><\/p>\n<p><a href=\"https:\/\/augin.app\/es\/criar-projetos-federados-augin\/\"><span data-sheets-value=\"{&quot;1&quot;:2,&quot;2&quot;:&quot;Renomear projeto&quot;}\" data-sheets-userformat=\"{&quot;2&quot;:33559169,&quot;3&quot;:{&quot;1&quot;:0},&quot;10&quot;:1,&quot;12&quot;:0,&quot;15&quot;:&quot;Roboto&quot;,&quot;28&quot;:1}\">C\u00f3mo crear y editar proyectos federados<\/span><\/a><\/p>\n<p><span data-sheets-value=\"{&quot;1&quot;:2,&quot;2&quot;:&quot;Renomear projeto&quot;}\" data-sheets-userformat=\"{&quot;2&quot;:33559169,&quot;3&quot;:{&quot;1&quot;:0},&quot;10&quot;:1,&quot;12&quot;:0,&quot;15&quot;:&quot;Roboto&quot;,&quot;28&quot;:1}\">C\u00f3mo buscar, ordenar, filtrar, descargar y eliminar archivos <em>(pronto)<\/em><\/span><\/p>\n<p><span data-sheets-value=\"{&quot;1&quot;:2,&quot;2&quot;:&quot;Renomear projeto&quot;}\" data-sheets-userformat=\"{&quot;2&quot;:33559169,&quot;3&quot;:{&quot;1&quot;:0},&quot;10&quot;:1,&quot;12&quot;:0,&quot;15&quot;:&quot;Roboto&quot;,&quot;28&quot;:1}\">C\u00f3mo marcar como favoritos y compartir archivos <em>(pronto)<\/em><\/span><\/p>\n<p><span data-sheets-value=\"{&quot;1&quot;:2,&quot;2&quot;:&quot;Renomear projeto&quot;}\" data-sheets-userformat=\"{&quot;2&quot;:33559169,&quot;3&quot;:{&quot;1&quot;:0},&quot;10&quot;:1,&quot;12&quot;:0,&quot;15&quot;:&quot;Roboto&quot;,&quot;28&quot;:1}\">C\u00f3mo actualizar el proyecto a la nueva versi\u00f3n <em>(pronto)<\/em><\/span><\/p>\n<p>[\/et_pb_text][\/et_pb_column][et_pb_column type=\u201d1_2\u2033 _builder_version=\u201d4.18.0\u2033 _module_preset=\u201ddefault\u201d background_color=\u201d#F3F4F9\u2033 custom_padding=\u201d20px|30px|20px|30px|false|false\u201d border_radii=\u201d on|10px|10px|10px|10px\u201d border_width_all=\u201d1px\u201d global_colors_info=\u201d{}\u201d][et_pb_icon font_icon=\u201d\ue0ef||divi||400\u2033 icon_color=\u201d#F3F4F9\u2033 icon_width=\u201d48px\u201d _builder_version=\u201d4.18. 0\u2033 _module_preset=\u201ddefault\u201d background_color=\u201d#FE6A00\u2033 custom_margin=\u201d||0px||false|false\u201d custom_padding=\u201d15px|15px|15px|15px|false|false\u201d border_radii=\u201don|340px|340px|340px| 340px\u201d border_width_all=\u201d1px\u201d border_color_all=\u201dRGBA(255,255,255,0)\u201d global_colors_info=\u201d{}\u201d][\/et_pb_icon][et_pb_text _builder_version=\u201d4.18.0\u2033 _module_preset=\u201ddefault\u201d text_text_color=\u201d#FE6A00\u2033 text_orientation center\u201d custom_margin=\u201d||||false|false\u201d custom_padding=\u201d||||false|false\u201d header_font_size_tablet=\u201d\u201d header_font_size_phone=\u201d22px\u201d header_font_size_last_edited=\u201don|phone\u201d global_colors_info=\u201d{}\u201d]<\/p>\n<h1>vista del proyecto<\/h1>\n<p>[\/et_pb_text][et_pb_text _builder_version=\u201d4.19.0\u2033 _module_preset=\u201ddefault\u201d text_orientation=\u201dcenter\u201d hover_enabled=\u201d0\u2033 global_colors_info=\u201d{}\u201d sticky_enabled=\u201d0\u2033]<\/p>\n<p><a href=\"https:\/\/augin.app\/es\/abrir-projeto-com-filtro-augin\/\"><span data-sheets-value=\"{&quot;1&quot;:2,&quot;2&quot;:&quot;Como abrir projeto com filtro no Augin&quot;}\" data-sheets-userformat=\"{&quot;2&quot;:33559169,&quot;3&quot;:{&quot;1&quot;:0},&quot;10&quot;:1,&quot;12&quot;:0,&quot;15&quot;:&quot;Roboto&quot;,&quot;28&quot;:1}\">C\u00f3mo abrir un proyecto con filtro<\/span><\/a><\/p>\n<p><a href=\"https:\/\/augin.app\/es\/filtro-visualizador-augin\/\"><span data-sheets-value=\"{&quot;1&quot;:2,&quot;2&quot;:&quot;Como abrir projeto com filtro no Augin&quot;}\" data-sheets-userformat=\"{&quot;2&quot;:33559169,&quot;3&quot;:{&quot;1&quot;:0},&quot;10&quot;:1,&quot;12&quot;:0,&quot;15&quot;:&quot;Roboto&quot;,&quot;28&quot;:1}\">C\u00f3mo usar las opciones de filtro en el visor<\/span><\/a><\/p>\n<p><a href=\"https:\/\/augin.app\/es\/como-usar-o-menu-editar-no-visualizador-do-augin\/\"><span data-sheets-value=\"{&quot;1&quot;:2,&quot;2&quot;:&quot;Como abrir projeto com filtro no Augin&quot;}\" data-sheets-userformat=\"{&quot;2&quot;:33559169,&quot;3&quot;:{&quot;1&quot;:0},&quot;10&quot;:1,&quot;12&quot;:0,&quot;15&quot;:&quot;Roboto&quot;,&quot;28&quot;:1}\">C\u00f3mo usar el men\u00fa de edici\u00f3n en el visor<\/span><\/a><\/p>\n<p><a href=\"https:\/\/augin.app\/es\/como-usar-alpha-raio-x-e-skybox-no-visualizador-do-augin\/\"><span data-sheets-value=\"{&quot;1&quot;:2,&quot;2&quot;:&quot;Como abrir projeto com filtro no Augin&quot;}\" data-sheets-userformat=\"{&quot;2&quot;:33559169,&quot;3&quot;:{&quot;1&quot;:0},&quot;10&quot;:1,&quot;12&quot;:0,&quot;15&quot;:&quot;Roboto&quot;,&quot;28&quot;:1}\">C\u00f3mo usar Alpha, X-Ray y Skybox en el visor<\/span><\/a><\/p>\n<p><a href=\"https:\/\/augin.app\/es\/como-usar-avatar-e-drone-no-visualizador-do-augin\/\"><span data-sheets-value=\"{&quot;1&quot;:2,&quot;2&quot;:&quot;Como abrir projeto com filtro no Augin&quot;}\" data-sheets-userformat=\"{&quot;2&quot;:33559169,&quot;3&quot;:{&quot;1&quot;:0},&quot;10&quot;:1,&quot;12&quot;:0,&quot;15&quot;:&quot;Roboto&quot;,&quot;28&quot;:1}\">C\u00f3mo usar Avatar y Drone en el visor<\/span><\/a><\/p>\n<p><a href=\"https:\/\/augin.app\/es\/como-usar-reference-tracker-no-visualizador-do-augin\/\"><span data-sheets-value=\"{&quot;1&quot;:2,&quot;2&quot;:&quot;Como abrir projeto com filtro no Augin&quot;}\" data-sheets-userformat=\"{&quot;2&quot;:33559169,&quot;3&quot;:{&quot;1&quot;:0},&quot;10&quot;:1,&quot;12&quot;:0,&quot;15&quot;:&quot;Roboto&quot;,&quot;28&quot;:1}\">C\u00f3mo usar Reference Tracker en el visor<\/span><\/a><\/p>\n<p><a href=\"https:\/\/augin.app\/es\/como-utilizar-os-docs-no-visualizador-do-augin\/\"><span data-sheets-value=\"{&quot;1&quot;:2,&quot;2&quot;:&quot;Como abrir projeto com filtro no Augin&quot;}\" data-sheets-userformat=\"{&quot;2&quot;:33559169,&quot;3&quot;:{&quot;1&quot;:0},&quot;10&quot;:1,&quot;12&quot;:0,&quot;15&quot;:&quot;Roboto&quot;,&quot;28&quot;:1}\">C\u00f3mo acceder a documentos en el visor de Augin<\/span><\/a><\/p>\n<p><a href=\"https:\/\/augin.app\/es\/importar-bcf-no-augin\/\">C\u00f3mo importar un archivo BCF en Augin Hub<\/a><\/p>\n<p><a href=\"https:\/\/augin.app\/es\/como-gravar-no-visualizador-do-augin\/\"><span data-sheets-value=\"{&quot;1&quot;:2,&quot;2&quot;:&quot;Como abrir projeto com filtro no Augin&quot;}\" data-sheets-userformat=\"{&quot;2&quot;:33559169,&quot;3&quot;:{&quot;1&quot;:0},&quot;10&quot;:1,&quot;12&quot;:0,&quot;15&quot;:&quot;Roboto&quot;,&quot;28&quot;:1}\">C\u00f3mo grabar (foto, miniatura y video) en el visor<\/span><\/a><\/p>\n<p><span data-sheets-value=\"{&quot;1&quot;:2,&quot;2&quot;:&quot;Como abrir projeto com filtro no Augin&quot;}\" data-sheets-userformat=\"{&quot;2&quot;:33559169,&quot;3&quot;:{&quot;1&quot;:0},&quot;10&quot;:1,&quot;12&quot;:0,&quot;15&quot;:&quot;Roboto&quot;,&quot;28&quot;:1}\">C\u00f3mo cambiar la configuraci\u00f3n en el visor <em>(pronto)<\/em><\/span><\/p>\n<p><span data-sheets-value=\"{&quot;1&quot;:2,&quot;2&quot;:&quot;Como abrir projeto com filtro no Augin&quot;}\" data-sheets-userformat=\"{&quot;2&quot;:33559169,&quot;3&quot;:{&quot;1&quot;:0},&quot;10&quot;:1,&quot;12&quot;:0,&quot;15&quot;:&quot;Roboto&quot;,&quot;28&quot;:1}\">Accesos directos del visor <em>(pronto)<\/em><\/span><\/p>\n<p>[\/et_pb_text][\/et_pb_column][\/et_pb_row][\/et_pb_section]<\/p>","protected":false},"excerpt":{"rendered":"<p>Tutoriales para instalar, configurar y utilizar la plataforma Augin Hemos creado tutoriales en v\u00eddeo y texto para guiarte paso a paso en el uso de nuestra plataforma. Instalaci\u00f3nC\u00f3mo crear una cuenta de Augin C\u00f3mo recuperar la contrase\u00f1a C\u00f3mo confirmar el correo electr\u00f3nico C\u00f3mo administrar dispositivos C\u00f3mo instalar Augin Hub para Windows C\u00f3mo probar Augin PRO10 gratis Configuraci\u00f3nC\u00f3mo editar [\u2026]<\/p>","protected":false},"author":7,"featured_media":0,"parent":0,"menu_order":0,"comment_status":"closed","ping_status":"closed","template":"","meta":{"_et_pb_use_builder":"on","_et_pb_old_content":"","_et_gb_content_width":"","inline_featured_image":false,"footnotes":""},"class_list":["post-239447","page","type-page","status-publish","hentry"],"aioseo_notices":[],"_links":{"self":[{"href":"https:\/\/augin.app\/es\/wp-json\/wp\/v2\/pages\/239447","targetHints":{"allow":["GET"]}}],"collection":[{"href":"https:\/\/augin.app\/es\/wp-json\/wp\/v2\/pages"}],"about":[{"href":"https:\/\/augin.app\/es\/wp-json\/wp\/v2\/types\/page"}],"author":[{"embeddable":true,"href":"https:\/\/augin.app\/es\/wp-json\/wp\/v2\/users\/7"}],"replies":[{"embeddable":true,"href":"https:\/\/augin.app\/es\/wp-json\/wp\/v2\/comments?post=239447"}],"version-history":[{"count":19,"href":"https:\/\/augin.app\/es\/wp-json\/wp\/v2\/pages\/239447\/revisions"}],"predecessor-version":[{"id":239824,"href":"https:\/\/augin.app\/es\/wp-json\/wp\/v2\/pages\/239447\/revisions\/239824"}],"wp:attachment":[{"href":"https:\/\/augin.app\/es\/wp-json\/wp\/v2\/media?parent=239447"}],"curies":[{"name":"wp","href":"https:\/\/api.w.org\/{rel}","templated":true}]}}