{"id":239830,"date":"2022-12-15T12:46:58","date_gmt":"2022-12-15T15:46:58","guid":{"rendered":"https:\/\/augin.app\/?page_id=239830"},"modified":"2022-12-15T13:27:47","modified_gmt":"2022-12-15T16:27:47","slug":"plan-upgrade","status":"publish","type":"page","link":"https:\/\/augin.app\/es\/plan-upgrade\/","title":{"rendered":"Solicitar actualizaci\u00f3n de plan"},"content":{"rendered":"<p>[et_pb_section fb_built=\u201d1\u2033 _builder_version=\u201d4.17.3\u2033 _module_preset=\u201ddefault\u201d global_colors_info=\u201d{}\u201d][et_pb_row _builder_version=\u201d4.17.3\u2033 _module_preset=\u201ddefault\u201d global_colors_info=\u201d{}\u201d][et_pb_column type =\u201d4_4\u2033 _builder_version=\u201d4.17.3\u2033 _module_preset=\u201ddefault\u201d global_colors_info=\u201d{}\u201d][et_pb_text _builder_version=\u201d4.19.3\u2033 _module_preset=\u201ddefault\u201d text_orientation=\u201dcenter\u201d hover_enabled=\u201d0\u2033 global_colors_info=\u201d {}\u201d sticky_enabled=\u201d0\u2033]<\/p>\n<p>Para actualizar al plan PRO10, debe comunicarse con nuestro soporte.<\/p>\n<p>Consulte a continuaci\u00f3n las opciones de contacto disponibles.<\/p>\n<p>&nbsp;<\/p>\n<p>[\/et_pb_text][\/et_pb_column][\/et_pb_row][et_pb_row column_structure=\u201d1_2,1_2\u2033 _builder_version=\u201d4.17.3\u2033 _module_preset=\u201ddefault\u201d global_colors_info=\u201d{}\u201d][et_pb_column type=\u201d1_2\u2033 _builder_version=\u201d 4.17.3\u2033 _module_preset=\u201dpredeterminado\u201d global_colors_info=\u201d{}\u201d][et_pb_text _builder_version=\u201d4.19.3\u2033 _module_preset=\u201dpredeterminado\u201d text_orientation=\u201dcenter\u201d hover_enabled=\u201d0\u2033 global_colors_info=\u201d{}\u201d sticky_enabled=\u201d0 \u2033]<\/p>\n<h3>Whatsapp<\/h3>\n<p>Env\u00eda un mensaje a <strong>+55 51 9985-9355<\/strong> solicitando el upgrade al plan PRO10.<\/p>\n<p>[\/et_pb_text][et_pb_button button_url=\u201dhttps:\/\/wa.me\/555199859355\u2033 button_text=\u201dEnviar mensaje\u201d button_alignment=\u201dcenter\u201d _builder_version=\u201d4.17.3\u2033 _module_preset=\u201ddefault\u201d global_colors_info=\u201d{}\u201d][ \/et_pb_button][\/et_pb_column][et_pb_column type=\u201d1_2\u2033 _builder_version=\u201d4.17.3\u2033 _module_preset=\u201ddefault\u201d global_colors_info=\u201d{}\u201d][et_pb_text _builder_version=\u201d4.19.3\u2033 _module_preset=\u201ddefault\u201d text_orientation=\u201d centro\u201d hover_enabled=\u201d0\u2033 global_colors_info=\u201d{}\u201d sticky_enabled=\u201d0\u2033]<\/p>\n<h3>Correo electr\u00f3nico<\/h3>\n<p>Enviar un correo electr\u00f3nico a <strong>augin@augin.app<\/strong> solicitando el upgrade al plan PRO10.<\/p>\n<p>[\/et_pb_text][et_pb_button button_url=\u201dmailto:augin@augin.app\u201d button_text=\u201dEnviar correo electr\u00f3nico\u201d button_alignment=\u201dcenter\u201d _builder_version=\u201d4.17.3\u2033 _module_preset=\u201dpredeterminado\u201d global_colors_info=\u201d{}\u201d][ \/et_pb_button ][\/et_pb_column][\/et_pb_row][\/et_pb_section]<\/p>","protected":false},"excerpt":{"rendered":"<p>Para actualizar al plan PRO10, debe comunicarse con nuestro soporte. Consulte a continuaci\u00f3n las opciones de contacto disponibles. Whatsapp Env\u00eda un mensaje al +55 51 9985-9355 solicitando el upgrade al plan PRO10.E-mail Env\u00eda un email a augin@augin.app solicitando el upgrade al plan PRO10.<\/p>","protected":false},"author":7,"featured_media":0,"parent":0,"menu_order":0,"comment_status":"closed","ping_status":"closed","template":"","meta":{"_et_pb_use_builder":"on","_et_pb_old_content":"[et_pb_section fb_built=\"1\" _builder_version=\"4.17.3\" _module_preset=\"default\" global_colors_info=\"{}\"][et_pb_row _builder_version=\"4.17.3\" _module_preset=\"default\" global_colors_info=\"{}\"][et_pb_column type=\"4_4\" _builder_version=\"4.17.3\" _module_preset=\"default\" global_colors_info=\"{}\"][et_pb_icon font_icon=\"N||divi||400\" icon_color=\"#FE6A00\" _builder_version=\"4.17.3\" _module_preset=\"default\" global_colors_info=\"{}\"][\/et_pb_icon][et_pb_text _builder_version=\"4.17.3\" _module_preset=\"default\" text_orientation=\"center\" global_colors_info=\"{}\"]\n\n<span style=\"color: #008000;\"><strong>Compra conclu\u00edda com sucesso!<\/strong><\/span>\n\nSeja bem-vindo ao Augin PRO.\n\nSe voc\u00ea realizou o pagamento por <strong>cart\u00e3o de cr\u00e9dito<\/strong> ou <strong>Google Pay<\/strong>, sua conta j\u00e1 est\u00e1 <strong>ativa<\/strong>.\n\nSe voc\u00ea escolheu o pagamento por <strong>boleto banc\u00e1rio<\/strong>, sua conta ser\u00e1 ativada em at\u00e9 <strong>3 dias \u00fateis<\/strong> ap\u00f3s a quita\u00e7\u00e3o.\n\n&nbsp;\n\n[\/et_pb_text][\/et_pb_column][\/et_pb_row][et_pb_row _builder_version=\"4.17.3\" _module_preset=\"default\" global_colors_info=\"{}\"][et_pb_column type=\"4_4\" _builder_version=\"4.17.3\" _module_preset=\"default\" global_colors_info=\"{}\"][et_pb_text _builder_version=\"4.17.3\" _module_preset=\"default\" header_2_text_align=\"center\" text_orientation=\"center\" global_colors_info=\"{}\"]\n<h2>Precisa de uma ajuda para come\u00e7ar?<\/h2>\nAl\u00e9m do conte\u00fado dispon\u00edvel em nosso site e <a href=\"https:\/\/www.youtube.com\/channel\/UC0NVQi8_tGIy4SK0zSgo2_g\" target=\"_blank\" rel=\"noopener\">canal no Youtube<\/a>, disponibilizamos tamb\u00e9m suporte por e-mail e Whatsapp, exclusivo para usu\u00e1rios PRO e PRO10.\nSe tiver d\u00favidas, fale com a gente ;)\n\n[\/et_pb_text][\/et_pb_column][\/et_pb_row][et_pb_row column_structure=\"1_2,1_2\" _builder_version=\"4.17.3\" _module_preset=\"default\" global_colors_info=\"{}\"][et_pb_column type=\"1_2\" _builder_version=\"4.17.3\" _module_preset=\"default\" global_colors_info=\"{}\"][et_pb_text _builder_version=\"4.17.3\" _module_preset=\"default\" text_orientation=\"center\" global_colors_info=\"{}\"]\n<h3>Whatsapp<\/h3>\nMande uma mensagem para <strong>+55 51 9985-9355<\/strong>&nbsp;se tiver d\u00favidas mais urgentes quanto ao uso da sua conta PRO.\n\n[\/et_pb_text][et_pb_button button_url=\"https:\/\/wa.me\/555199859355\" button_text=\"Enviar mensagem\" button_alignment=\"center\" _builder_version=\"4.17.3\" _module_preset=\"default\" global_colors_info=\"{}\"][\/et_pb_button][\/et_pb_column][et_pb_column type=\"1_2\" _builder_version=\"4.17.3\" _module_preset=\"default\" global_colors_info=\"{}\"][et_pb_text _builder_version=\"4.17.3\" _module_preset=\"default\" text_orientation=\"center\" global_colors_info=\"{}\"]\n<h3>E-mail<\/h3>\nMande um e-mail para <strong>augin@augin.app<\/strong> se precisar de ajuda para utilizar sua conta PRO.\n\n[\/et_pb_text][et_pb_button button_url=\"mailto:augin@augin.app\" button_text=\"Enviar e-mail\" button_alignment=\"center\" _builder_version=\"4.17.3\" _module_preset=\"default\" hover_enabled=\"0\" global_colors_info=\"{}\" sticky_enabled=\"0\"][\/et_pb_button][\/et_pb_column][\/et_pb_row][\/et_pb_section]","_et_gb_content_width":"1080","inline_featured_image":false,"footnotes":""},"class_list":["post-239830","page","type-page","status-publish","hentry"],"aioseo_notices":[],"_links":{"self":[{"href":"https:\/\/augin.app\/es\/wp-json\/wp\/v2\/pages\/239830","targetHints":{"allow":["GET"]}}],"collection":[{"href":"https:\/\/augin.app\/es\/wp-json\/wp\/v2\/pages"}],"about":[{"href":"https:\/\/augin.app\/es\/wp-json\/wp\/v2\/types\/page"}],"author":[{"embeddable":true,"href":"https:\/\/augin.app\/es\/wp-json\/wp\/v2\/users\/7"}],"replies":[{"embeddable":true,"href":"https:\/\/augin.app\/es\/wp-json\/wp\/v2\/comments?post=239830"}],"version-history":[{"count":3,"href":"https:\/\/augin.app\/es\/wp-json\/wp\/v2\/pages\/239830\/revisions"}],"predecessor-version":[{"id":239834,"href":"https:\/\/augin.app\/es\/wp-json\/wp\/v2\/pages\/239830\/revisions\/239834"}],"wp:attachment":[{"href":"https:\/\/augin.app\/es\/wp-json\/wp\/v2\/media?parent=239830"}],"curies":[{"name":"wp","href":"https:\/\/api.w.org\/{rel}","templated":true}]}}