{"id":239858,"date":"2023-07-17T16:13:35","date_gmt":"2023-07-17T19:13:35","guid":{"rendered":"https:\/\/augin.app\/?page_id=239858"},"modified":"2023-07-18T16:39:14","modified_gmt":"2023-07-18T19:39:14","slug":"my-augin","status":"publish","type":"page","link":"https:\/\/augin.app\/es\/my-augin\/","title":{"rendered":"Mi Augin"},"content":{"rendered":"<p>[et_pb_section fb_built=\u201d1\u2033 _builder_version=\u201d4.21.0\u2033 _module_preset=\u201ddefault\u201d global_colors_info=\u201d{}\u201d][et_pb_row column_structure=\u201d1_4,3_4\u2033 _builder_version=\u201d4.21.0\u2033 _module_preset=\u201ddefault\u201d background_color=\u201d #ffd8c6\u2033 width=\u201d45%\u201d width_tablet=\u201d42%\u201d width_phone=\u201d80%\u201d width_last_edited=\u201don|desktop\u201d module_alignment=\u201dcenter\u201d hover_enabled=\u201d0\u2033 border_radii=\u201don|16px|16px|16px|16px\u201d global_colors_info=\u201d {}\u201d sticky_enabled=\u201d0\u2033][et_pb_column type=\u201d1_4\u2033 _builder_version=\u201d4.21.0\u2033 _module_preset=\u201ddefault\u201d global_colors_info=\u201d{}\u201d][et_pb_icon font_icon=\u201ds||divi||400\u2033 icon_width= \u201d80px\u201d _builder_version=\u201d4.21.0\u2033 _module_preset=\u201ddefault\u201d custom_padding=\u201d|||25px|false|false\u201d custom_padding_tablet=\u201d|||25px|false|false\u201d custom_padding_phone=\u201d\u201d custom_padding_last_edited=\u201den|tel\u00e9fono\u201d global_colors_info=\u201d{}\u201d][\/et_pb_icon][\/et_pb_column][et_pb_column type=\u201d3_4\u2033 _builder_version=\u201d4.21.0\u2033 _module_preset=\u201ddefault\u201d global_colors_info=\u201d{}\u201d][et_pb_text _builder_version=\u201d4.21.0\u2033 _module_preset=\u201ddefault\u201d text_font_size=\u201d18px\u201d custom_padding=\u201d|25px||0px|false|false\u201d custom_padding_tablet=\u201d|||25px|false|false\u201d custom_padding_phone=\u201d|25px||25px|false|false\u201d custom_padding_last_edited= \u201den|escritorio\u201d text_orientation_tablet=\u201d\u201d text_orientation_phone=\u201dcentro\u201d text_orientation_last_edited=\u201den|escritorio\u201d global_colors_info=\u201d{}\u201d]<\/p>\n<p>Estamos remodelando el espacio <strong>Mi Augin<\/strong> para mejorar la experiencia de carga de su proyecto. Durante los pr\u00f3ximos meses, te recomendamos utilizar nuestras alternativas eficientes y f\u00e1ciles de usar.<\/p>\n<p>[\/et_pb_text][\/et_pb_column][\/et_pb_row][et_pb_row column_structure=\u201d1_2,1_2\u2033 _builder_version=\u201d4.21.0\u2033 _module_preset=\u201ddefault\u201d global_colors_info=\u201d{}\u201d][et_pb_column type=\u201d1_2\u2033 _builder_version=\u201d 4.21.0\u2033 _module_preset=\u201ddefault\u201d global_colors_info=\u201d{}\u201d][et_pb_image src=\u201dhttps:\/\/augin.app\/wp-content\/uploads\/2021\/10\/augin-hub-simulacao.png\u201d title_text=\u201d augin-hub-simulacao\u201d _builder_version=\u201d4.21.0\u2033 _module_preset=\u201ddefault\u201d global_colors_info=\u201d{}\u201d][\/et_pb_image][et_pb_text _builder_version=\u201d4.21.0\u2033 _module_preset=\u201ddefault\u201d hover_enabled=\u201d0\u2033 global_colors_info= \u201d{}\u201d sticky_enabled=\u201d0\u2033]<\/p>\n<h3><strong>Centro de Augin<\/strong><\/h3>\n<p>Esta es nuestra aplicaci\u00f3n de Windows dise\u00f1ada para cargar de forma r\u00e1pida y sencilla sus proyectos IFC. Con \u00e9l podr\u00e1s importar y organizar tus proyectos, configurar tus Reference Trackers, realizar reuniones inmersivas y mucho m\u00e1s.<\/p>\n<p>[\/et_pb_text][et_pb_button button_url=\u201dhttps:\/\/augin.app\/hub\/\u201d button_text=\u201dConozca el Augin Hub\u201d _builder_version=\u201d4.21.0\u2033 _module_preset=\u201ddefault\u201d global_colors_info=\u201d{}\u201d custom_button=\u201don \u201d button_text_size=\u201d17px\u201d button_bg_color=\u201d#FE6A00\u2033 button_bg_color__hover=\u201d#FFFFFF\u201d button_bg_color__hover_enabled=\u201don|hover\u201d button_border_radius=\u201d10px\u201d button_font=\u201dCircular Pro Bold||||||||\u201d button_use_icon=\u201doff\u201d custom_padding=\u201d10px|30px|10px|30px|true|true\u201d button_text_color__hover=\u201d#FE6A00\u2033 button_text_color__hover_enabled=\u201don|hover\u201d button_border_width__hover_enabled=\u201don|hover\u201d button_alignment=\u201dcenter\u201d hover_enabled =\u201d0\u2033 sticky_enabled =\u201d0\u2033][\/et_pb_button][\/et_pb_column][et_pb_column type=\u201d1_2\u2033 _builder_version=\u201d4.21.0\u2033 _module_preset=\u201ddefault\u201d global_colors_info=\u201d{}\u201d][et_pb_image src=\u201dhttps:\/\/augin. app\/wp-content\/uploads\/2021\/10\/integracao.svg\u201d title_text=\u201dintegracao\u201d show_bottom_space=\u201doff\u201d _builder_version=\u201d4.21.0\u2033 _module_preset=\u201ddefault\u201d width=\u201d68%\u201d width_tablet=\u201d68%\u201d width_phone= \u201d70%\u201d width_last_edited=\u201don|phone\u201d module_alignment=\u201dcenter\u201d module_alignment_tablet=\u201dcenter\u201d module_alignment_phone=\u201dcenter\u201d module_alignment_last_edited=\u201don|phone\u201d global_colors_info=\u201d{}\u201d][\/et_pb_image][et_pb_text _builder_version=\u201d4.21. 0\u2033 _module_preset=\u201ddefault\u201d hover_enabled=\u201d0\u2033 global_colors_info=\u201d{}\u201d sticky_enabled=\u201d0\u2033]<\/p>\n<h3><strong>Plugins<\/strong><\/h3>\n<p>Si utiliza Revit, Sketchup, TQS, AltoQI u otras aplicaciones de creaci\u00f3n de dise\u00f1os, aproveche nuestros complementos de carga directa. Una forma pr\u00e1ctica y eficaz de trasladar tus proyectos a Augin.<\/p>\n<p>[\/et_pb_text][et_pb_button button_url=\u201dhttps:\/\/augin.app\/plugins\/\u201d button_text=\u201dConozca los complementos de Augin\u201d _builder_version=\u201d4.21.0\u2033 _module_preset=\u201ddefault\u201d global_colors_info=\u201d{}\u201d custom_button=\u201d en \u201d button_text_size=\u201d17px\u201d button_bg_color=\u201d#FE6A00\u2033 button_bg_color__hover=\u201d#FFFFFF\u201d button_bg_color__hover_enabled=\u201don|hover\u201d button_border_radius=\u201d10px\u201d button_font=\u201dCircular Pro Bold||||||||\u201d button_use_icon=\u201doff\u201d custom_padding=\u201d10px|30px|10px|30px|true|true\u201d button_text_color__hover=\u201d#FE6A00\u2033 button_text_color__hover_enabled=\u201don|hover\u201d button_border_width__hover_enabled=\u201don|hover\u201d button_alignment=\u201dcenter\u201d hover_enabled =\u201d0\u2033 sticky_enabled =\u201d0\u2033][\/et_pb_button][\/et_pb_column][\/et_pb_row][et_pb_row _builder_version=\u201d4.21.0\u2033 _module_preset=\u201ddefault\u201d global_colors_info=\u201d{}\u201d][et_pb_column type=\u201d4_4\u2033 _builder_version=\u201d4.21. 0\u2033 _module_preset=\u201ddefault\u201d global_colors_info=\u201d{}\u201d][et_pb_text _builder_version=\u201d4.21.0\u2033 _module_preset=\u201ddefault\u201d global_colors_info=\u201d{}\u201d]<\/p>\n<p>Estas alternativas te garantizan una experiencia de calidad al subir tus proyectos mientras trabajamos para traerte una versi\u00f3n renovada de <strong>Mi Augin<\/strong>.<\/p>\n<p>[\/et_pb_text][\/et_pb_column][\/et_pb_row][\/et_pb_section]<\/p>","protected":false},"excerpt":{"rendered":"<p>Estamos renovando el espacio My Augin para mejorar la experiencia de carga de proyectos. Durante los pr\u00f3ximos meses, recomendamos utilizar nuestras alternativas eficientes y f\u00e1ciles de usar: Augin Hub Esta es nuestra aplicaci\u00f3n de Windows dise\u00f1ada para cargar r\u00e1pida y f\u00e1cilmente sus proyectos IFC. Con \u00e9l importas y organizas tus proyectos, configuras [\u2026]<\/p>","protected":false},"author":7,"featured_media":0,"parent":0,"menu_order":0,"comment_status":"closed","ping_status":"closed","template":"","meta":{"_et_pb_use_builder":"on","_et_pb_old_content":"","_et_gb_content_width":"","inline_featured_image":false,"footnotes":""},"class_list":["post-239858","page","type-page","status-publish","hentry"],"aioseo_notices":[],"_links":{"self":[{"href":"https:\/\/augin.app\/es\/wp-json\/wp\/v2\/pages\/239858","targetHints":{"allow":["GET"]}}],"collection":[{"href":"https:\/\/augin.app\/es\/wp-json\/wp\/v2\/pages"}],"about":[{"href":"https:\/\/augin.app\/es\/wp-json\/wp\/v2\/types\/page"}],"author":[{"embeddable":true,"href":"https:\/\/augin.app\/es\/wp-json\/wp\/v2\/users\/7"}],"replies":[{"embeddable":true,"href":"https:\/\/augin.app\/es\/wp-json\/wp\/v2\/comments?post=239858"}],"version-history":[{"count":10,"href":"https:\/\/augin.app\/es\/wp-json\/wp\/v2\/pages\/239858\/revisions"}],"predecessor-version":[{"id":239879,"href":"https:\/\/augin.app\/es\/wp-json\/wp\/v2\/pages\/239858\/revisions\/239879"}],"wp:attachment":[{"href":"https:\/\/augin.app\/es\/wp-json\/wp\/v2\/media?parent=239858"}],"curies":[{"name":"wp","href":"https:\/\/api.w.org\/{rel}","templated":true}]}}