{"id":318,"date":"2020-02-11T01:31:12","date_gmt":"2020-02-11T04:31:12","guid":{"rendered":"http:\/\/34.199.124.154\/?page_id=318"},"modified":"2022-06-13T16:19:59","modified_gmt":"2022-06-13T19:19:59","slug":"politica-de-privacidade","status":"publish","type":"page","link":"https:\/\/augin.app\/es\/politica-de-privacidade\/","title":{"rendered":"Pol\u00edtica de privacidad"},"content":{"rendered":"<p>[et_pb_section fb_built=\u201d1\u2033 _builder_version=\u201d4.17.4\u2033 top_divider_color=\u201d#FFFFFF\u201d top_divider_height=\u201d27px\u201d bottom_divider_color=\u201d#262626\u2033 bottom_divider_height=\u201d38px\u201d global_colors_info=\u201d{}\u201d custom_padding=\u201d|||\u201d0px ][ et_pb_row _builder_version=\u201d4.16\u2033 min_height=\u201d23px\u201d custom_padding=\u201d0px||0px|||\u201d global_colors_info=\u201d{}\u201d][et_pb_column type=\u201d4_4\u2033 _builder_version=\u201d4.16\u2033 custom_padding=\u201d|||\u201d global_colors_info=\u201d{}\u201d custom_padding__hover=\u201d|||\u201d][et_pb_text _builder_version=\u201d4.16\u2033 text_font=\u201d||||||||\u201d text_font_size=\u201d18px\u201d text_line_height=\u201d1.5em\u201d header_font=\u201d||||||||\u201d header_text_color=\u201d#f29224\u2033 header_font_size=\u201d40px\u201d header_2_font=\u201d||||||||\u201d header_3_font=&quot;||||||||&quot; header_4_font=&quot;||||||||&quot; header_5_font=&quot;||||||||&quot; text_orientation=\u201dcenter\u201d background_layout=\u201ddark\u201d global_colors_info=\u201d{}\u201d]<\/p>\n<h1>Pol\u00edtica de privacidad<\/h1>\n<p>[\/et_pb_text][\/et_pb_column][\/et_pb_row][\/et_pb_section][et_pb_section fb_built=\u201d1\u2033 _builder_version=\u201d4.17.4\u2033 _module_preset=\u201ddefault\u201d global_colors_info=\u201d{}\u201d][et_pb_row _builder_version=\u201d4.17.4 \u2033 _module_preset=\u201dpredeterminado\u201d global_colors_info=\u201d{}\u201d][et_pb_column type=\u201d4_4\u2033 _builder_version=\u201d4.17.4\u2033 _module_preset=\u201dpredeterminado\u201d global_colors_info=\u201d{}\u201d][et_pb_text _builder_version=\u201d4.17.4\u2033 _module_preset= \u201dpredeterminado\u201d text_font=\u201d|||||||||\u201d text_font_size=\u201d16px\u201d text_line_height=\u201d1.9em\u201d header_3_line_height=\u201d2.4em\u201d global_colors_info=\u201d{}\u201d]<\/p>\n<p>Estos T\u00e9rminos de uso y la Pol\u00edtica de privacidad se aplican en relaci\u00f3n con la recepci\u00f3n, el almacenamiento y el uso de la Informaci\u00f3n que los usuarios ponen a disposici\u00f3n en Augin (&quot;Aplicaci\u00f3n&quot;).<\/p>\n<p>Al utilizar la Aplicaci\u00f3n, el Usuario estar\u00e1 aceptando expresamente todas las pr\u00e1cticas descritas en estos T\u00e9rminos de Uso y Pol\u00edtica de Privacidad (\u201cT\u00e9rmino\u201d). Por lo tanto, recomendamos que los usuarios que no est\u00e9n de acuerdo con este T\u00e9rmino no utilicen esta aplicaci\u00f3n.<\/p>\n<h3>1. DEFINICIONES<\/h3>\n<p>1.1 Para la correcta comprensi\u00f3n e interpretaci\u00f3n de este T\u00e9rmino, las expresiones a continuaci\u00f3n tienen las siguientes definiciones:<\/p>\n<p style=\"padding-left: 40px;\">i. \u201cAplicaci\u00f3n\u201d es la aplicaci\u00f3n Augin, una aplicaci\u00f3n de realidad aumentada que te permite mezclar elementos virtuales con el mundo real;<\/p>\n<p style=\"padding-left: 40px;\">ii. \u201cAugin\u201d AUGIN SOFTWARES LTDA., sociedad de responsabilidad limitada, registrada en el CNPJ\/MF bajo el N\u00b0 34.804.848\/0001-95, NIRE N\u00b0 43208520711.<\/p>\n<p style=\"padding-left: 40px;\">iii. \u201cInformaci\u00f3n Personal\u201d o \u201cDatos Personales\u201d significa cualquier informaci\u00f3n que pueda identificar al Usuario y sea proporcionada por \u00e9l\/ella, como su nombre, informaci\u00f3n sobre el dispositivo, cookies y otra informaci\u00f3n recopilada durante el uso.<\/p>\n<p style=\"padding-left: 40px;\">IV. \u201cLogin\u201d e-mail o nombre informado por el Usuario al registrarse, el cual deber\u00e1 ser utilizado para la Aplicaci\u00f3n;<\/p>\n<p style=\"padding-left: 40px;\">v. Modelos de \u201cProyectos\u201d enviados por los Usuarios utilizando realidad aumentada;<\/p>\n<p style=\"padding-left: 40px;\">sierra. \u201cUsuario\u201d significa todas las personas, sin restricciones, que descarguen la Aplicaci\u00f3n y realicen el Registro respectivo.<\/p>\n<h3>2. INFORMACI\u00d3N PROPORCIONADA<\/h3>\n<p>2.1. Cuando el Usuario se registra en la Aplicaci\u00f3n, se solicita Informaci\u00f3n Personal. La informaci\u00f3n enviada podr\u00e1 ser utilizada para brindar una mejor experiencia y mejorar la calidad de los servicios prestados.<\/p>\n<p>2.2. El env\u00edo de datos por parte del Usuario es totalmente voluntario. No es obligatorio que el Usuario proporcione la informaci\u00f3n personal solicitada, sin embargo, si elige no proporcionarla, esto puede resultar en la p\u00e9rdida de acceso o limitar la funcionalidad de la Aplicaci\u00f3n.<\/p>\n<p>2.3. El uso de la Aplicaci\u00f3n tambi\u00e9n puede dar lugar a la recopilaci\u00f3n de otra informaci\u00f3n sobre los dispositivos utilizados por el Usuario, como el modelo de hardware, la versi\u00f3n del sistema operativo, informaci\u00f3n de la red m\u00f3vil, identificadores \u00fanicos de productos, entre otros.<\/p>\n<p>2.4. Al utilizar la Aplicaci\u00f3n, el Usuario autoriza el env\u00edo de correos electr\u00f3nicos, mensajes a trav\u00e9s de la Aplicaci\u00f3n y notificaciones push, con contenido informativo y estrictamente relacionado con la Aplicaci\u00f3n.<\/p>\n<p>2.5. Augin puede compartir parte o la totalidad de la informaci\u00f3n personal de los usuarios con empresas relacionadas, subsidiarias, empresas conjuntas u otras empresas bajo control com\u00fan, para una variedad de prop\u00f3sitos, incluidos fines comerciales, operativos y de marketing. Augin puede y se reserva el derecho de compartir su informaci\u00f3n con cualquier otra empresa que no sea actualmente, pero que se convertir\u00e1 en matriz, subsidiaria o afiliada de Augin.<\/p>\n<p>2.6. Augin puede recopilar y usar informaci\u00f3n de ubicaci\u00f3n de su dispositivo cuando el Usuario usa la Aplicaci\u00f3n (y, si el Usuario elige habilitar el seguimiento en segundo plano mientras el Usuario no est\u00e1 interactuando directamente con la Aplicaci\u00f3n), incluido c\u00f3mo se mueve el Usuario. La Aplicaci\u00f3n puede usar la ubicaci\u00f3n del Usuario para brindar una experiencia vinculada a su ubicaci\u00f3n en el mundo real, por lo que Augin necesita saber d\u00f3nde se encuentra el Usuario para operar estas funciones y planificar la ubicaci\u00f3n de los recursos. Augin identificar\u00e1 la ubicaci\u00f3n utilizando una serie de tecnolog\u00edas, incluido el GPS, los puntos WiFi a trav\u00e9s de los cuales accede a la aplicaci\u00f3n y la triangulaci\u00f3n de la torre celular.<\/p>\n<p>2.7. Augin recopila y utiliza las acciones y los logros del Usuario en la Aplicaci\u00f3n, as\u00ed como cierta informaci\u00f3n sobre el dispositivo m\u00f3vil del Usuario (incluidos los identificadores del dispositivo, el sistema operativo del dispositivo, el modelo, la configuraci\u00f3n, los ajustes y la informaci\u00f3n sobre aplicaciones o software de terceros instalado en el dispositivo). ), para proporcionar la Aplicaci\u00f3n al Usuario y para garantizar que brindamos una experiencia de usuario adecuada para todos los usuarios, de acuerdo con los t\u00e9rminos y pol\u00edticas aplicables.<\/p>\n<h3>3. CONSENTIMIENTO<\/h3>\n<p>3.1. Al optar por proporcionar sus Datos Personales, el Usuario presta expresamente su consentimiento para la recolecci\u00f3n, uso, manejo, transferencia y retenci\u00f3n de sus Datos Personales, de conformidad con lo dispuesto en este T\u00e9rmino y en la legislaci\u00f3n vigente. Si el Usuario no est\u00e1 de acuerdo con estos T\u00e9rminos, el Usuario debe dejar de usar la Aplicaci\u00f3n.<\/p>\n<h3>4. FINALIDAD DEL TRATAMIENTO DE DATOS PERSONALES<\/h3>\n<p>4.1. Los Datos Personales de los Usuarios ser\u00e1n tratados de conformidad con las finalidades siguientes:<\/p>\n<p style=\"padding-left: 40px;\">a) Para proporcionar servicios espec\u00edficos al perfil del Usuario, env\u00edo de boletines, materiales promocionales, anuncios y otros servicios;<\/p>\n<p style=\"padding-left: 40px;\">b) Para la comunicaci\u00f3n y el ofrecimiento de apoyo y soporte t\u00e9cnico al Usuario;<\/p>\n<p style=\"padding-left: 40px;\">c) Ofrecer funciones nuevas o adicionales relacionadas con la Aplicaci\u00f3n.<\/p>\n<p>4.2. La informaci\u00f3n que no es de identificaci\u00f3n personal puede transmitirse a anunciantes, proveedores, patrocinadores y socios para mejorar la calidad de los productos y servicios. Augin puede transferir datos no personales y\/o no identificables, como estad\u00edsticas de usuarios y datos de registro, con fines de an\u00e1lisis, elaboraci\u00f3n de perfiles demogr\u00e1ficos, publicidad dirigida u otros fines.<\/p>\n<p>4.3. Augin almacenar\u00e1 los Datos Personales necesarios para los fines descritos anteriormente. El almacenamiento depender\u00e1 de los requisitos legales y de la duraci\u00f3n de la relaci\u00f3n entre las partes.<\/p>\n<h3>5. DIVULGACI\u00d3N DE INFORMACI\u00d3N<\/h3>\n<p>5.1. Augin podr\u00e1 contratar a terceros para la prestaci\u00f3n de servicios. Como parte de esto, procesar\u00e1n los Datos personales en nombre de Augin. Estos proveedores de servicios externos tienen acceso a sus Datos personales solo para prestar servicios en nombre de Augin, de conformidad con estos T\u00e9rminos, y Augin certifica que cada uno de ellos est\u00e1 obligado por contrato a no divulgar ni utilizar sus Datos personales para ning\u00fan otro fin. .<\/p>\n<p>5.2. Augin no proporciona datos sobre la identificaci\u00f3n individual de los Usuarios a terceros sin su consentimiento previo, excepto cuando:<\/p>\n<p style=\"padding-left: 40px;\">a) Hay una orden judicial para proporcionar los datos;<\/p>\n<p style=\"padding-left: 40px;\">b) De la cesi\u00f3n de datos a los socios depende la viabilidad de los negocios, productos o servicios ofrecidos por Augin o empresas del mismo grupo, transfiri\u00e9ndose \u00fanicamente la informaci\u00f3n estrictamente necesaria;<\/p>\n<p style=\"padding-left: 40px;\">c) Exista la necesidad de identificar o revelar datos del Usuario que est\u00e1 utilizando la Aplicaci\u00f3n con fines il\u00edcitos.<\/p>\n<p>5.3. La informaci\u00f3n del usuario puede transferirse a terceros como resultado de una venta, adquisici\u00f3n, fusi\u00f3n, reorganizaci\u00f3n corporativa o cualquier otro cambio en el control de Augin. Si se diera alguno de estos supuestos, dando lugar a la cesi\u00f3n de Datos Personales a terceros, se informar\u00e1 previamente al Usuario y, si no desea continuar utilizando la Aplicaci\u00f3n, podr\u00e1 eliminar su cuenta de acceso.<\/p>\n<p>5.4. El Usuario podr\u00e1 crear Proyectos, que ser\u00e1n almacenados en una base de datos de Augin y podr\u00e1n ser accedidos por el Usuario y por terceros. Augin no ser\u00e1 responsable de la creaci\u00f3n de ning\u00fan Proyecto.<\/p>\n<h3>6. SEGURIDAD<\/h3>\n<p>6.1. Es deber del Usuario mantener y asegurarse de que sus dispositivos m\u00f3viles que accedan a la Aplicaci\u00f3n est\u00e9n protegidos contra virus, malware, intrusiones u otros mecanismos que vulneren su privacidad y copien sus datos e informaci\u00f3n o accedan o muevan indebidamente la Aplicaci\u00f3n. El Usuario acepta que Augin no tendr\u00e1 ninguna responsabilidad derivada del uso o acceso promovido sin las protecciones aqu\u00ed indicadas.<\/p>\n<p>6.2. Si bien Augin se esfuerza por garantizar la seguridad e integridad de la informaci\u00f3n personal proporcionada, debido a la naturaleza inherente de Internet como un veh\u00edculo abierto para la comunicaci\u00f3n global, no hay garant\u00eda de que la informaci\u00f3n, durante la transmisi\u00f3n a trav\u00e9s de Internet o mientras se almacena en sistemas o de otro modo bajo su cuidado, estar\u00e1 a salvo de la intrusi\u00f3n de otros. El Usuario utiliza la Aplicaci\u00f3n y proporciona su informaci\u00f3n bajo su propio riesgo.<\/p>\n<h3>7. RESPONSABILIDADES DEL USUARIO<\/h3>\n<p>7.1. El Usuario se compromete a proporcionar a Augin todos los documentos, elementos, datos e informaci\u00f3n necesarios para el correcto funcionamiento de la Aplicaci\u00f3n. En general, el Usuario se compromete a cooperar activamente con Augin para el funcionamiento de la Aplicaci\u00f3n y a informar de las dificultades que encuentre.<\/p>\n<p>7.2. El Usuario es el \u00fanico responsable del uso de la Aplicaci\u00f3n, especialmente en lo que respecta a: (i) el uso de la Aplicaci\u00f3n por parte de sus empleados, empleados o socios; (ii) de las relaciones que puedan establecerse entre el Usuario y sus clientes; y (iii) las relaciones que puedan establecerse entre el Usuario y terceros, en base a la informaci\u00f3n contenida en la Aplicaci\u00f3n.<\/p>\n<p>7.3. El Usuario se compromete exclusivamente al cumplimiento efectivo de la legislaci\u00f3n laboral, fiscal, de seguridad social, asistencial y de seguros que le resulte aplicable.<\/p>\n<p>7.4. El Usuario debe utilizar la Aplicaci\u00f3n con precauci\u00f3n y tomando las precauciones adecuadas al entorno en el que se inserta, por lo que Augin no ser\u00e1 responsable si el Usuario se pone a s\u00ed mismo -o a otras personas- en situaciones de riesgo para la salud y\/o la propiedad. .-ser El Usuario es el \u00fanico responsable de los riesgos asumidos.<\/p>\n<p>7.5. El Usuario declara que no utilizar\u00e1 la Aplicaci\u00f3n para infringir ninguna ley, reglamento, pol\u00edtica o lineamiento del Evento aplicable, ni alentar\u00e1 tal comportamiento por parte de terceros.<\/p>\n<p>7.6. El Usuario declara que no utilizar\u00e1 la Aplicaci\u00f3n con fines ilegales o inapropiados, no remitiendo contenidos inexactos, enga\u00f1osos o inapropiados.<\/p>\n<p>7.7. El Usuario no perturbar\u00e1, amenazar\u00e1 o vulnerar\u00e1, de ninguna forma, los derechos de terceros. El Usuario no invadir\u00e1 ni obtendr\u00e1 acceso de ninguna manera a ninguna propiedad o ubicaci\u00f3n a la que el Usuario no tenga permitido ingresar. El Usuario no participar\u00e1 en ninguna actividad que pueda causar lesiones, muerte, da\u00f1os a la propiedad, interrupci\u00f3n o responsabilidad de cualquier tipo. En el caso de una disputa con un tercero con respecto al uso de la Aplicaci\u00f3n, el Usuario eximir\u00e1 a Augin (y sus funcionarios, directores, agentes, subsidiarias, empresas conjuntas y empleados) de cualquier reclamo, demanda y da\u00f1os (directos o indirectos). ) de cualquier tipo y naturaleza, conocida o no, esperada o no, comprobada o no, como resultado o de alguna manera relacionada con estas disputas.<\/p>\n<p>7.8. El Usuario declara que conoce todas las caracter\u00edsticas t\u00e9cnicas y funcionalidades de la Aplicaci\u00f3n.<\/p>\n<p>7.9. El Usuario se compromete a no realizar ninguna acci\u00f3n que perjudique, de cualquier forma, la marca de Augin o su reputaci\u00f3n.<\/p>\n<p>7.10. El Usuario asumir\u00e1 la responsabilidad por todas y cada una de las disputas, acciones, demandas o reclamaciones que est\u00e9n relacionadas con el uso de la Aplicaci\u00f3n, no siendo Augin responsable al respecto.<\/p>\n<p>7.11. El Usuario garantiza que los datos facilitados son correctos, actualizados y que no ser\u00e1n, en ning\u00fan sentido, enga\u00f1osos o falsos.<\/p>\n<p>7.12. Augin no ser\u00e1 responsable de ninguna inestabilidad en el sistema, tales como, pero no limitado a, aquellas que impidan que los Proyectos se muestren como se desea o que imposibiliten el acceso a los archivos, la Aplicaci\u00f3n o el sitio web, independientemente de cu\u00e1ndo ocurran. . De esta forma, la p\u00e9rdida de los datos almacenados, la indisponibilidad u otra situaci\u00f3n adversa que afecte al acceso, los datos, los Proyectos o cualquier contenido del Usuario, no dar\u00e1 lugar a ning\u00fan tipo de reparaci\u00f3n, compensaci\u00f3n u otra obligaci\u00f3n por parte de Augin.<\/p>\n<h3>8. PROPIEDAD INTELECTUAL<\/h3>\n<p>8.1. Todos los derechos relacionados con la Aplicaci\u00f3n y sus funcionalidades son propiedad de Augin, incluso con respecto a sus textos, im\u00e1genes, dise\u00f1os, c\u00f3digos, bases de datos y otros contenidos producidos directa o indirectamente por Augin. Cualquier intrusi\u00f3n, intento o actividad que viole o contravenga las leyes de la ley de propiedad intelectual y\/o las prohibiciones establecidas en estos T\u00e9rminos, incluida la realizaci\u00f3n de copias no autorizadas, la ingenier\u00eda inversa y\/o las modificaciones que puedan crear obras derivadas, har\u00e1 que el responsable de las acciones legales correspondientes, siendo tambi\u00e9n responsable de las indemnizaciones por los da\u00f1os y perjuicios causados.<\/p>\n<p>8.2. El Usuario conservar\u00e1 la propiedad exclusiva, total y completa de sus Proyectos. A los efectos de una mejor experiencia en la Aplicaci\u00f3n, el Usuario proporciona a Augin, de forma gratuita, un derecho personal, no exclusivo e intransferible para utilizar los Proyectos en los t\u00e9rminos y condiciones establecidos en este T\u00e9rmino. El Usuario reconoce que Augin podr\u00e1 almacenar la informaci\u00f3n de los Proyectos puesta a su disposici\u00f3n en la Aplicaci\u00f3n, utiliz\u00e1ndola para fines de comparaci\u00f3n, desarrollo de Inteligencia Artificial y otros servicios que resulten pertinentes con los datos almacenados.<\/p>\n<p>8.3. El Usuario \u00fanicamente ser\u00e1 titular de la propiedad intelectual de los Proyectos creados por \u00e9l. A efectos de utilizar la Aplicaci\u00f3n, el usuario otorga a Augin, de forma gratuita, el derecho personal, no exclusivo e intransferible de utilizar los Proyectos mientras se encuentren almacenados en su base de datos.<\/p>\n<h3>9. JURISDICCI\u00d3N<\/h3>\n<p>9.1. Cualquier controversia entre Augin y el Usuario deber\u00e1 someterse exclusivamente a la jurisdicci\u00f3n del Distrito de Porto Alegre, Rio Grande do Sul, Brasil, con renuncia a cualquier otra, por privilegiada que sea. No se podr\u00e1 iniciar ninguna acci\u00f3n que surja de, est\u00e9 conectada o relacionada con este T\u00e9rmino despu\u00e9s de que haya transcurrido 1 (un) a\u00f1o desde la causa de la acci\u00f3n. Este plazo no se prorrogar\u00e1 por ning\u00fan motivo, salvo consentimiento expreso y por escrito de ambas partes.<\/p>\n<h3>10. DISPOSICIONES GENERALES<\/h3>\n<p>10.1. El presente T\u00e9rmino se regir\u00e1 e interpretar\u00e1 de conformidad con las leyes de la Rep\u00fablica Federativa de Brasil.<\/p>\n<p>10.2. Augin se reserva el derecho de suspender o cancelar, en cualquier momento, el acceso de cualquier Usuario a la Aplicaci\u00f3n en caso de fraude comprobado, obtenci\u00f3n il\u00edcita de un beneficio o ventaja o por incumplimiento de cualquiera de las condiciones de las presentes Condiciones o de la legislaci\u00f3n aplicable.<\/p>\n<p>10.3. Augin no se hace responsable de las manifestaciones falsas o inexactas que realicen los Usuarios y que puedan causar perjuicios a terceros, a la Administraci\u00f3n P\u00fablica en general o al propio servicio.<\/p>\n<p>10.4. Si alguna parte de este T\u00e9rmino es considerada nula o inaplicable por los tribunales competentes, dicha disposici\u00f3n quedar\u00e1 excluida de este instrumento, y las disposiciones restantes se interpretar\u00e1n como si esta cl\u00e1usula hubiera sido excluida y ser\u00e1n exigibles de conformidad con sus t\u00e9rminos; siempre que, en esta circunstancia, estos T\u00e9rminos se interpreten para dar efecto, en la mayor medida posible y permitida por la ley aplicable, al significado y la intenci\u00f3n de la disposici\u00f3n excluida seg\u00fan lo determine dicho tribunal de jurisdicci\u00f3n competente.<\/p>\n<p>10.5. Las disposiciones contenidas en este T\u00e9rmino podr\u00e1n ser actualizadas o modificadas en cualquier momento, siendo responsabilidad del Usuario verificarlas cada vez que acceda a la Aplicaci\u00f3n.<\/p>\n<p>[\/et_pb_text][\/et_pb_column][\/et_pb_row][\/et_pb_section]<\/p>","protected":false},"excerpt":{"rendered":"<p>Pol\u00edtica de privacidadEstas Condiciones de uso y Pol\u00edtica de privacidad se aplican en relaci\u00f3n con la recepci\u00f3n, el almacenamiento y el uso de la Informaci\u00f3n que los usuarios ponen a disposici\u00f3n en Augin (&quot;Aplicaci\u00f3n&quot;). Al utilizar la Aplicaci\u00f3n, el Usuario acepta expresamente todas las pr\u00e1cticas descritas en este T\u00e9rmino de Uso y Pol\u00edtica de Privacidad (\u201cT\u00e9rmino\u201d). Por ello, recomendamos a aquellos usuarios que [\u2026]<\/p>","protected":false},"author":7,"featured_media":0,"parent":0,"menu_order":0,"comment_status":"closed","ping_status":"closed","template":"","meta":{"_et_pb_use_builder":"on","_et_pb_old_content":"<!-- wp:paragraph -->\n<p>Conhe\u00e7a nossa pol\u00edtica de privacidade:<\/p>\n<!-- \/wp:paragraph -->\n\n<!-- wp:paragraph -->\n<p>Ingl\u00eas:<\/p>\n<!-- \/wp:paragraph -->\n\n<!-- wp:paragraph -->\n<p>Portugu\u00eas:<\/p>\n<!-- \/wp:paragraph -->\n\n<!-- wp:paragraph -->\n<p>Espanhol:<\/p>\n<!-- \/wp:paragraph -->","_et_gb_content_width":"","inline_featured_image":false,"footnotes":""},"class_list":["post-318","page","type-page","status-publish","hentry"],"aioseo_notices":[],"_links":{"self":[{"href":"https:\/\/augin.app\/es\/wp-json\/wp\/v2\/pages\/318","targetHints":{"allow":["GET"]}}],"collection":[{"href":"https:\/\/augin.app\/es\/wp-json\/wp\/v2\/pages"}],"about":[{"href":"https:\/\/augin.app\/es\/wp-json\/wp\/v2\/types\/page"}],"author":[{"embeddable":true,"href":"https:\/\/augin.app\/es\/wp-json\/wp\/v2\/users\/7"}],"replies":[{"embeddable":true,"href":"https:\/\/augin.app\/es\/wp-json\/wp\/v2\/comments?post=318"}],"version-history":[{"count":8,"href":"https:\/\/augin.app\/es\/wp-json\/wp\/v2\/pages\/318\/revisions"}],"predecessor-version":[{"id":239343,"href":"https:\/\/augin.app\/es\/wp-json\/wp\/v2\/pages\/318\/revisions\/239343"}],"wp:attachment":[{"href":"https:\/\/augin.app\/es\/wp-json\/wp\/v2\/media?parent=318"}],"curies":[{"name":"wp","href":"https:\/\/api.w.org\/{rel}","templated":true}]}}