{"id":6715,"date":"2021-11-03T11:05:37","date_gmt":"2021-11-03T14:05:37","guid":{"rendered":"https:\/\/augin.app\/?page_id=6715"},"modified":"2022-03-14T12:06:50","modified_gmt":"2022-03-14T15:06:50","slug":"sobre-nos","status":"publish","type":"page","link":"https:\/\/augin.app\/es\/sobre-nos\/","title":{"rendered":"Sobre nosotros"},"content":{"rendered":"<p>[et_pb_section fb_built=\u201d1\u2033 _builder_version=\u201d4.11.4\u2033 _module_preset=\u201ddefault\u201d background_color=\u201d#E8E8F0\u2033 top_divider_height=\u201d280px\u201d top_divider_height_tablet=\u201d\u201d top_divider_height_phone=\u201d\u201d top_divider_height_last_divider_style_edited=\u201dbottom_color_divider_styled\u201d=\u201dbottom_color_divider_styled\u201d=\u201dbottom_color_divider_styled_styled= \u201dbottom_color_divider_styled =\u201d#FFFFFF\u201d bottom_divider_repeat=\u201d1x\u201d bottom_divider_flip=\u201dhorizontal\u201d bottom_divider_height_tablet=\u201d50px\u201d bottom_divider_height_phone=\u201d35px\u201d bottom_divider_height_last_edited=\u201don|phone\u201d=\u201doff\u201d global_colors_info=\u201d{}\u201d][et_pb_column_structure, Locked=row \u201d1_2 1_2\u2033 _builder_version=\u201d4.12.1\u2033 _module_preset=\u201ddefault\u201d global_colors_info=\u201d{}\u201d][et_pb_column type=\u201d1_2\u2033 _builder_version=\u201d4.12.1\u2033 _module_preset=\u201ddefault\u201d custom_padding_tablet=\u201d0px|||| false| false\u201d custom_padding_phone=\u201d\u201d custom_padding_last_edited=\u201don|phone\u201d global_colors_info=\u201d{}\u201d][et_pb_text _builder_version=\u201d4.12.1\u2033 _module_preset=\u201ddefault\u201d text_font_size=\u201d17px\u201d header_text_color=\u201d#FE6A00\u2033 header_font_size=\u201d45px \u201d custom_margin_tablet =\u201d|0px|| |falso|falso\u201d custom_margin_phone=\u201d\u201d custom_margin_last_edited=\u201den|tel\u00e9fono\u201d header_font_size_tablet=\u201d35px\u201d header_font_size_phone=\u201d30px\u201d header_font_size_last_edited=\u201den|escritorio\u201d global_colors_info=\u201d{}\u201d]<\/p>\n<h1><strong>Estamos cambiando la forma en que la industria se comunica.<\/strong><\/h1>\n<p><span style=\"font-weight: 400;\">Desde 2019, Augin ha revolucionado la forma en que la industria de la construcci\u00f3n presenta proyectos, superando el statu quo y transformando radicalmente la forma en que la industria se comunica.<\/span><\/p>\n<p>[\/et_pb_text][et_pb_button button_url=\u201d@ET-DC@eyJkeW5hbWljIjp0cnVlLCJjb250ZW50IjoicG9zdF9saW5rX3VybF9wYWdlIiwic2V0dGluZ3MiOnsicG9zdF9pZCI6IjE2OTAifX0=@\u201d button_text=\u201dComece hoje \u201d _builder_version=\u201d4.14.7\u2033 _dynamic_attributes=\u201dbutton_url\u201d _module_preset=\u201ddefault\u201d custom_button=\u201don\u201d button_text_size=\u201d17px \u201d button_bg_color=\u201d#FE6A00\u2033 button_border_radius=\u201d10px\u201d button_font=\u201dCircular Pro Bold||||||||\u201d but- button_text_color__hover_enabled=\u201don|hover\u201d button_text_color__hover=\u201d#FE6A00\u2033][\/et_pb_button][\/et_pb_column][et_pb_column type=\u201d1_2\u2033 _builder_version=\u201d4.11.2\u2033 _module_preset=\u201ddefault\u201d global_colors_info=\u201d{}\u201d][ srcpb_]=&quot;https:\/\/augin.app\/wp-content\/uploads\/2021\/11\/estamos-mudando-a-forma-como-a-industria-se-comunica.png&quot; title_text=&quot;estamos-mutando- a-forma -how-the-industry-communicates\u201d show_bottom_space=\u201doff\u201d _builder_version=\u201d4.12.1\u2033 _module_preset=\u201ddefault\u201d width=\u201d135%\u201d width_tablet=\u201d100%\u201d width_phone=\u201d100%\u201d width_last_edited=\u201don|desktop \u201d custom_margin=\u201d||-30px||false|false\u201d custom_margin_tablet=\u201d||0px||false|false\u201d custom_margin_phone=\u201d||0px||false|false\u201d custom_margin_last_edited=\u201don|tablet\u201d global_colors_info= \u201d{}\u201d][\/et_pb_image][\/et_pb_column][\/et_pb_row][\/et_pb_section][et_pb_section fb_built=\u201d1\u2033 _builder_version=\u201d4.11.4\u2033 _module_preset=\u201dpredeterminado\u201d bloqueado=\u201doff\u201d global_colors_info=\u201d{} \u201d][et_pb_row custom_padding_last_edited=\u201don|phone\u201d _builder_version=\u201d4.12.1\u2033 _module_preset=\u201ddefault\u201d custom_padding_tablet=\u201d||0px||false|false\u201d custom_padding_phone=\u201d||0px||false|false\u201d global_colors_info=\u201d {}\u201d][et_pb_column type=\u201d4_4\u2033 _builder_version=\u201d4.12.1\u2033 _module_preset=\u201ddefault\u201d global_colors_info=\u201d{}\u201d][et_pb_text _builder_version=\u201d4.12.1\u2033 _module_preset=\u201ddefault\u201d text_font_size=\u201d17px\u201d header_2_text_color =\u201d#FE6A00\u2033 custom_padding_tablet=\u201d|0%||0%|false|true\u201d custom_padding_phone=\u201d\u201d custom_padding_last_edited=\u201don|phone\u201d global_colors_info=\u201d{}\u201d custom_padding__hover_enabled=\u201doff|desktop\u201d]<\/p>\n<h2 style=\"text-align: center;\"><span style=\"font-weight: 400;\">Nuestra historia<\/span><\/h2>\n<p>[\/et_pb_text][\/et_pb_column][\/et_pb_row][et_pb_row column_structure=\u201d1_2,1_2\u2033 _builder_version=\u201d4.9.10\u2033 _module_preset=\u201ddefault\u201dlocked=\u201doff\u201d global_colors_info=\u201d{}\u201d][et_pb_column type=\u201d 1_2\u2033 _builder_version=\u201d4.9.10\u2033 _module_preset=\u201dpredeterminado\u201d global_colors_info=\u201d{}\u201d][et_pb_text _builder_version=\u201d4.12.1\u2033 _module_preset=\u201dpredeterminado\u201d text_font_size=\u201d17px\u201d header_2_text_color=\u201d#FE6A00\u2033T custom| || 0%|false|true\u201d custom_padding_phone=\u201d\u201d custom_padding_last_edited=\u201don|phone\u201d global_colors_info=\u201d{}\u201d custom_padding__hover_enabled=\u201doff|desktop\u201d]<\/p>\n<p style=\"text-align: left;\">La historia de Augin comienza en 2018 cuando nuestro fundador, Juan Carlos Germano, al lanzar el cat\u00e1logo virtual de la empresa Pauluzzi, se dio cuenta del potencial de la Realidad Aumentada para optimizar la comunicaci\u00f3n entre personas y empresas.<\/p>\n<p style=\"text-align: left;\">Mirando esta tecnolog\u00eda, desde la perspectiva de los medios, Augin termin\u00f3 siendo lanzada en 2019 en Construtech, el mayor evento de tecnolog\u00eda para la construcci\u00f3n civil en Brasil.<\/p>\n<p style=\"text-align: left;\">Augin se fund\u00f3 sobre una creencia simple: hay una forma m\u00e1s interesante de comunicarse.<\/p>\n<p>[\/et_pb_text][\/et_pb_column][et_pb_column type=\u201d1_2\u2033 _builder_version=\u201d4.9.10\u2033 _module_preset=\u201ddefault\u201d global_colors_info=\u201d{}\u201d][et_pb_text _builder_version=\u201d4.12.1\u2033 _module_preset=\u201ddefault\u201d text_font_size= \u201d17px\u201d header_2_text_color=\u201d#FE6A00\u2033 custom_padding_tablet=\u201d|0%||0%|false|true\u201d custom_padding_phone=\u201d\u201d custom_padding_last_edited=\u201don|phone\u201d global_colors_info=\u201d{}\u201d custom_padding__hover_enabled=\u201doff|desktop\u201d]<\/p>\n<p style=\"text-align: left;\">Desde el primer d\u00eda, conformarse y aceptar lo que exist\u00eda no fue una alternativa. Los fundadores de Augin se dieron cuenta de que esto es exactamente lo que estaban haciendo los profesionales de la construcci\u00f3n. conforme<\/p>\n<p style=\"text-align: left;\">Esto signific\u00f3, y a\u00fan significa, infinitas oportunidades para mejorar la industria y ofrecer formas m\u00e1s eficientes de comunicarse.<\/p>\n<p style=\"text-align: left;\">Con cada a\u00f1o que pasa, estamos a\u00fan m\u00e1s comprometidos con nuestra creencia fundamental:<strong> si hay una manera mejor, la encontraremos.<\/strong><\/p>\n<p>[\/et_pb_text][\/et_pb_column][\/et_pb_row][\/et_pb_section][et_pb_section fb_built=\u201d1\u2033 _builder_version=\u201d4.12.1\u2033 _module_preset=\u201ddefault\u201d background_image=\u201dhttps:\/\/augin.app\/wp-content\/ uploads\/2021\/11\/numeros-do-augin.jpg\u201d parallax=\u201don\u201d parallax_method=\u201doff\u201dlocked=\u201doff\u201d global_colors_info=\u201d{}\u201d][et_pb_row column_structure=\u201d1_3,1_3,1_3\u2033 _builder_version=\u201d 4.11.4\u2033 _module_preset=\u201dpredeterminado\u201d global_colors_info=\u201d{}\u201d][et_pb_column type=\u201d1_3\u2033 _builder_version=\u201d4.11.4\u2033 _module_preset=\u201dpredeterminado\u201d global_colors_info=\u201d{}\u201d][et_pb_number_counter title=\u201dUsuarios\u201d n\u00famero =\u201d+200,000\u2033 percent_sign=\u201doff\u201d _builder_version=\u201d4.12.1\u2033 _module_preset=\u201ddefault\u201d title_level=\u201dh2\u2033 title_text_color=\u201d#FFFFFF\u201d number_font=\u201d||on||||||\u201d number_text_color=\u201d#FFFFFF\u201d number_font_size=\u201d50px\u201d global_colors_info=\u201d{}\u201d][\/et_pb_number_counter][\/et_pb_column][et_pb_column type=\u201d1_3\u2033 _builder_version=\u201d4.11.4\u2033 _module_preset=\u201ddefault\u201d global_colors_info=\u201d{}\u201d ][et_pb_number_counter title=\u201dPa\u00edses\u201d number=\u201d+175 \u201d percent_sign=\u201doff\u201d _builder_version=\u201d4.12.1\u2033 _module_preset=\u201ddefault\u201d title_level=\u201dh2\u2033 title_text_color=\u201d#FFFFF\u201d number_font=\u201d||on||| |||\u201d number_text_color=\u201d#FFFFFF\u201d number_font_size=\u201d50px\u201d global_colors_info=\u201d{}\u201d][\/et_pb_number_counter][\/et_pb_column][et_pb_column type=\u201d1_3\u2033 _builder_version=\u201d4.11.4\u2033 _module_preset=\u201ddefault\u201d global_colors_info=\u201d{}\u201d ][et_pb_number_counter title=\u201dProyectos procesados\u201d number=\u201d+300,000 \u201d percent_sign=\u201doff\u201d _builder_version=\u201d4.12.1\u2033 _module_preset=\u201ddefault\u201d title_level=\u201dh2\u2033 title_text_color=\u201d#FFFFF\u201d number_font=\u201d||on|| ||||\u201d number_text_color=\u201d#FFFFFF\u201d number_font_size=\u201d50px\u201d global_colors_info=\u201d{}\u201d][\/et_pb_number_counter][\/et_pb_column][\/et_pb_row][\/et_pb_section][et_pb_section fb_built=\u201d1\u2033 _builder_version=\u201d4.11.2\u2033 _module_preset=\u201d default\u201d background_color=\u201d#FFFFF\u201d Saved_tabs=\u201dall\u201d bloqueado=\u201doff\u201d global_colors_info=\u201d{}\u201d][et_pb_row custom_padding_last_edited=\u201don|phone\u201d _builder_version=\u201d4.12.1\u2033 _module_preset=\u201ddefault\u201d custom_padding_tablet=\u201d\u201d custom_padding_phone =\u201d||0px||false|false\u201d global_colors_info=\u201d{}\u201d disabled_on=\u201don|on|on\u201d disabled=\u201don\u201d][et_pb_column type=\u201d4_4\u2033 _builder_version=\u201d4.9.10\u2033 _module_preset=\u201ddefault \u201d global_colors_info=\u201d{}\u201d][et_pb_text _builder_version=\u201d4.9.10\u2033 _module_preset=\u201ddefault\u201d text_font_size=\u201d17px\u201d header_2_text_color=\u201d#FE6A00\u2033 custom_padding_tablet=\u201d|0%||0%|false|false| =\u201den|tel\u00e9fono \u201d bloqueado=\u201ddesactivado\u201d global_colors_info=\u201d{}\u201d custom_padding__hover_enabled=\u201ddesactivado|escritorio\u201d]<\/p>\n<h2 style=\"text-align: center;\"><span style=\"font-weight: 400;\">Empresas colaboradoras<\/span><span style=\"font-weight: 400;\"><\/span><span style=\"font-weight: 400;\"><\/span><\/h2>\n<p>[\/et_pb_text][\/et_pb_column][\/et_pb_row][et_pb_row column_structure=\u201d1_6,1_6,1_6,1_6,1_6,1_6\u2033 use_custom_gutter=\u201don\u201d gutter_width=\u201d1\u2033 _builder_version=\u201d4.12.1\u2033 _module_preset=\u201ddefault \u201d global_colors_info=\u201d{}\u201d disabled_on=\u201don|on|on\u201d disabled=\u201don\u201d][et_pb_column type=\u201d1_6\u2033 _builder_version=\u201d4.9.10\u2033 _module_preset=\u201ddefault\u201d global_colors_info=\u201d{}\u201d][et_pb_image src=\u201dhttps:\/\/augin.app\/wp-content\/uploads\/2021\/11\/nossos-parceiros-tigre2.jpg\u201d title_text=\u201dour-partners-tigre2\u2033 align=\u201dcenter\u201d _builder_version=\u201d4.12.1\u2033 _module_preset=\u201dpredeterminado\u201d background_enable_color=\u201doff\u201d custom_margin_tablet=\u201d\u201d custom_margin_phone=\u201d||-20px||false|false\u201d custom_margin_last_edited=\u201don|tablet\u201d global_colors_info=\u201d{}\u201d][\/et_pb_image][\/et_pb_column][ et_pb_column type=\u201d1_6\u2033 _builder_version=\u201d4.9.10\u2033 _module_preset=\u201ddefault\u201d global_colors_info=\u201d{}\u201d][et_pb_image src=\u201dhttps:\/\/augin.app\/wp-content\/uploads\/2021\/11\/nossos- partners-learn-bim.jpg\u201d title_text=\u201dour-partners-learn-bim\u201d align=\u201dcenter\u201d _builder_version= \u201d4.12.1\u2033 _module_preset=\u201ddefault\u201d background_enable_color=\u201doff\u201d custom_margin_tablet=\u201d\u201d custom_margin_phone=\u201d||-20px||false|false\u201d custom_margin_last_edited=\u201don|tablet\u201d global_colors_info=\u201d{}\u201d][\/et_pb_image] [\/et_pb_column][et_pb_column type=\u201d1_6\u2033 _builder_version=\u201d4.9.10\u2033 _module_preset=\u201ddefault\u201d global_colors_info=\u201d{}\u201d][et_pb_image src=\u201dhttps:\/\/augin.app\/wp-content\/uploads\/2021 \/11\/nossos-parceiros-pauluzzi.jpg\u201d title_text=\u201dour-partners-pauluzzi\u201d align=\u201dcenter\u201d _builder_version=\u201d4.12.1\u2033 _module_preset=\u201ddefault\u201d background_enable_color=\u201doff\u201d custom_margin_tablet=\u201d\u201d custom_margin_phone=\u201d| |-20px||false|false\u201d custom_margin_last_edited=\u201don|tablet\u201d global_colors_info=\u201d{}\u201d][\/et_pb_image][\/et_pb_column][et_pb_column type=\u201d1_6\u2033 _builder_version=\u201d4.9.10\u2033 _module_preset=\u201ddefault\u201d global_colors_info=\u201d{}\u201d][et_pb_image src=\u201dhttps:\/\/augin.app\/wp-content\/uploads\/2021\/11\/nossos-parceiros-cyrela.jpg\u201d title_text=\u201dnossos-parceiros-cyrela\u201d align=\u201d centro\u201d _builder_version=\u201d4.12.1\u2033 _module_preset=\u201ddefau lt\u201d background_enable_color=\u201doff\u201d custom_margin_tablet=\u201d\u201d custom_margin_phone=\u201d||-20px||false|false\u201d custom_margin_last_edited=\u201don|tablet\u201d global_colors_info=\u201d{}\u201d][\/et_pb_image][\/et_pb_column][et_pb_column type= \u201d1_6\u2033 _builder_version=\u201d4.9.10\u2033 _module_preset=\u201ddefault\u201d global_colors_info=\u201d{}\u201d][et_pb_image src=\u201dhttps:\/\/augin.app\/wp-content\/uploads\/2021\/11\/nossos-parceiros-engenharia -bim.jpg\u201d title_text=\u201dour-partners-engineering-bim\u201d align=\u201dcenter\u201d _builder_version=\u201d4.12.1\u2033 _module_preset=\u201ddefault\u201d background_enable_color=\u201doff\u201d custom_margin_tablet=\u201d\u201d custom_margin_phone=\u201d||-20px| |falso|falso\u201d custom_margin_last_edited=\u201den|tableta\u201d global_colors_info=\u201d{}\u201d][\/et_pb_image][\/et_pb_column][et_pb_column type=\u201d1_6\u2033 _builder_version=\u201d4.9.10\u2033 _module_preset=\u201ddefault\u201d global_colors_info=\u201d{ }\u201d][et_pb_image src=\u201dhttps:\/\/augin.app\/wp-content\/uploads\/2021\/11\/nossos-parceiros-melnickeven.jpg\u201d title_text=\u201dnossos-parceiros-melnickeven\u201d align=\u201dcenter\u201d _builder_version= \u201d4.12.1\u2033 _module_preset=\u201dpredeterminado\u201d atr\u00e1s ground_enable_color=\u201doff\u201d custom_margin_tablet=\u201d\u201d custom_margin_phone=\u201d||-20px||false|false\u201d custom_margin_last_edited=\u201don|tablet\u201d global_colors_info=\u201d{}\u201d][\/et_pb_image][\/et_pb_column][\/et_pb_row][\/ et_pb_secci\u00f3n]<\/p>","protected":false},"excerpt":{"rendered":"<p>Estamos cambiando la forma en que la industria se comunica. Desde 2019, Augin ha revolucionado la forma de presentar los proyectos en la industria de la construcci\u00f3n, superando el statu quo y transformando radicalmente la forma en que se comunica la industria. Nuestra historia La historia de Augin comienza en 2018 cuando nuestro fundador, Juan Carlos Germano, lanza [\u2026]<\/p>","protected":false},"author":7,"featured_media":0,"parent":0,"menu_order":0,"comment_status":"closed","ping_status":"closed","template":"","meta":{"_et_pb_use_builder":"on","_et_pb_old_content":"","_et_gb_content_width":"","inline_featured_image":false,"footnotes":""},"class_list":["post-6715","page","type-page","status-publish","hentry"],"aioseo_notices":[],"_links":{"self":[{"href":"https:\/\/augin.app\/es\/wp-json\/wp\/v2\/pages\/6715","targetHints":{"allow":["GET"]}}],"collection":[{"href":"https:\/\/augin.app\/es\/wp-json\/wp\/v2\/pages"}],"about":[{"href":"https:\/\/augin.app\/es\/wp-json\/wp\/v2\/types\/page"}],"author":[{"embeddable":true,"href":"https:\/\/augin.app\/es\/wp-json\/wp\/v2\/users\/7"}],"replies":[{"embeddable":true,"href":"https:\/\/augin.app\/es\/wp-json\/wp\/v2\/comments?post=6715"}],"version-history":[{"count":31,"href":"https:\/\/augin.app\/es\/wp-json\/wp\/v2\/pages\/6715\/revisions"}],"predecessor-version":[{"id":239155,"href":"https:\/\/augin.app\/es\/wp-json\/wp\/v2\/pages\/6715\/revisions\/239155"}],"wp:attachment":[{"href":"https:\/\/augin.app\/es\/wp-json\/wp\/v2\/media?parent=6715"}],"curies":[{"name":"wp","href":"https:\/\/api.w.org\/{rel}","templated":true}]}}