{"id":6730,"date":"2021-11-03T16:13:07","date_gmt":"2021-11-03T19:13:07","guid":{"rendered":"https:\/\/augin.app\/?page_id=6730"},"modified":"2022-05-10T15:26:18","modified_gmt":"2022-05-10T18:26:18","slug":"construtoras","status":"publish","type":"page","link":"https:\/\/augin.app\/es\/construtoras\/","title":{"rendered":"Constructores"},"content":{"rendered":"<p>[et_pb_section fb_built=\u201d1\u2033 next_background_color=\u201d#FFFFFF\u201d _builder_version=\u201d4.16\u2033 _module_preset=\u201ddefault\u201d background_color=\u201d#E8E8F0\u2033 top_divider_height=\u201d280px\u201d top_divider_height_tablet=\u201d\u201d top_divider_height_phone=\u201d\u201d top_divider_ed\u201d_last_edit=\u201dtable wave\u201d bottom_divider_repeat=\u201d1x\u201d bottom_divider_flip=\u201dhorizontal\u201d bottom_divider_height_tablet=\u201d50px\u201d bottom_divider_height_phone=\u201d35px\u201d bottom_divider_height_last_edited=\u201den|tel\u00e9fono\u201d global_colors_info=\u201d{}\u201d][et_pb_row column_structure\u2033] _module_preset=\u201ddefault\u201d global_colors_info=\u201d{ }\u201d][et_pb_column type=\u201d3_5\u2033 _builder_version=\u201d4.16\u2033 _module_preset=\u201ddefault\u201d custom_padding_tablet=\u201d0px||||false|false\u201d custom_padding_phone=\u201d\u201d custom_padding_last_edited=\u201don| tablet\u201d global_colors_info=\u201d{}\u201d] [et_pb_text _builder_version=\u201d4.16\u2033 _module_preset=\u201ddefault\u201d text_font_size=\u201d17px\u201d header_text_color=\u201d#FE6A00\u2033 header_font_size=\u201d45px\u201d custom_margin_tablet=\u201d|0px|||false|false\u201d costo m_margin_phone=\u201d\u201d custom_margin_last_edited=\u201den|tel\u00e9fono\u201d header_font_size_tablet=\u201d35px\u201d header_font_size_phone=\u201d30px\u201d header_font_size_last_edited=\u201den|escritorio\u201d global_colors_info=\u201d{}\u201d]<\/p>\n<h1>\u00a1Innovar! Construye el futuro con realidad aumentada.<\/h1>\n<p>Usando modelos BIM o modelado 3D, puede permitir que sus clientes y su equipo visualicen dise\u00f1os incluso antes de que comience la construcci\u00f3n. Mejore la comprensi\u00f3n de todos y aumente su productividad hoy.<\/p>\n<p>[\/et_pb_text][et_pb_button button_url=\u201d@ET-DC@eyJkeW5hbWljIjp0cnVlLCJjb250ZW50IjoicG9zdF9saW5rX3VybF9wYWdlIiwic2V0dGluZ3MiOnsicG9zdF9pZCI6IjE3NjUifX0=@\u201d button_text=\u201dLeve o BIM para obra hoje\u201d _builder_version=\u201d4.16\u2033 _dynamic_attributes=\u201dbutton_url\u201d _module_preset=\u201ddefault\u201d custom_button=\u201don\u201d button_text_size= \u201d17px\u201d button_bg_color=\u201d#FE6A00\u2033 button_border_radius=\u201d10px\u201d button_font=\u201dCircular Pro Negrita||||||||\u201d but- button_text_color__hover_enabled=\u201don|hover\u201d button_text_color__hover=\u201d#FE6A00\u2033][\/et_pb_button][\/et_pb_column][et_pb_column type=\u201d2_5\u2033 _builder_version=\u201d4.16\u2033 _module_preset=\u201ddefault\u201d global_colors_info=\u201d{=\u201d_image][srcrc https:\/\/augin.app\/wp-content\/uploads\/2021\/11\/simulacao-augin-app-contrutoras.png\u201d title_text=\u201dsimulacao-augin-app-contrutoras\u201d show_bottom_space=\u201doff\u201d _builder_version=\u201d4.16\u2033 _module_preset =\u201dpredeterminado\u201d width=\u201d95%\u201d width_tablet=\u201d95%\u201d width_phone=\u201d95%\u201d width_last_edited=\u201don|phone\u201d custom_margin=\u201d-40px||-60px||false|false\u201d custom_margin_tablet=\u201d-40px||-80px ||falso|falso\u201d custom_margin_phone=\u201d0px||-70px||falso|falso\u201d custom_margin_last_edited=\u201den|escritorio\u201d animation_style=\u201dslide\u201d animation_direction=\u201dright\u201d animation_intensity_slide=\u201d10%\u201d global_colors_info=\u201d{}\u201d][\/et_pb_image][\/et_pb_column][\/et_pb_row][\/et_pb_section][et_pb_section fb_built=\u201d1\u2033 special=\u201don\u201d _builder_version=\u201d4.16\u2033 _module_preset=\u201ddefault\u201d background_color=\u201d#FFFFFF\u201d custom_margin_tablet=\u201d||0px||false|false\u201d custom_margin_phone=\u201d\u201d custom_margin_last_edited=\u201don|escritorio\u201d bloqueado=\u201doff\u201d global_colors_info=\u201d{}\u201d][et_pb_column type=\u201d1_3\u2033 _builder_version=\u201d 4.16\u2033 relleno_personalizado=\u201d|||\u201d global_colors_info=\u201d{}\u201d custom_padding__hover=\u201d|||\u201d][et_pb_image src=\u201dhttps:\/\/augin.app\/wp-content\/uploads\/2021\/11\/contrutoras.png\u201d title_text=\u201dcontrutoras\u201d align=\u201dcenter \u201d _builder_version=\u201d4.16\u2033 _module_preset=\u201dpredeterminado\u201d transform_scale_tablet=\u201d\u201d transform_scale_phone=\u201d\u201d transform_scale_last_edited=\u201don|desktop\u201d transform_translate=\u201d-150px|0px\u201d transform_translate_tablet=\u201d0px|0px\u201d transform_translate_phone=\u201d0px|0px\u201d transform_translate_last_edited= \u201don|phone\u201d transform_translate_linked=\u201doff\u201d transform_rotate_tablet=\u201d\u201d transform_rotate_phone=\u201d\u201d transform_rotate_last_edited=\u201don|escritorio\u201d transform_skew_tablet=\u201d\u201d transform_skew_phone=\u201d\u201d transform_skew_last_edited=\u201don|escritorio\u201d transform_origin_tablet=\u201d\u201d transform_origin_phone=\u201d\u201d transform_origin_last_edited= \u201den|escritorio\u201d transform_styles_last_edited=\u201den|tel\u00e9fono\u201d width=\u201d150%\u201d width_tablet=\u201d60%\u201d width_phone=\u201d100%\u201d width_last_edited=\u201den|escritorio\u201d custom_margin_tablet=\u201d50px||||false|false\u201d custom_margin_phone=\u201d50px ||||falso|falso&quot; custom_ margin_last_edited=\u201don|tablet\u201d transform_styles_tablet=\u201d\u201d transform_styles_phone=\u201d\u201d global_colors_info=\u201d{}\u201d][\/et_pb_image][\/et_pb_column][et_pb_column type=\u201d2_3\u2033 special_columns=\u201d2\u2033 _builder_version=\u201d4.16\u2033 custom_padding=\u201d |||\u201d global_colors_info=\u201d{}\u201d custom_padding__hover=\u201d|||\u201d][et_pb_row_inner column_structure=\u201d1_2,1_2\u2033 _builder_version=\u201d4.16\u2033 _module_preset=\u201ddefault\u201d global_colors_info=\u201d{}\u201d][et_pb_column_inner type=\u201d1_2\u2033 Saved_specialty_column_type=\u201d 2_3\u2033 _builder_version=\u201d4.16\u2033 _module_preset=\u201ddefault\u201d global_colors_info=\u201d{}\u201d][et_pb_blurb title=\u201dVER EL POTENCIAL\u201d image=\u201dhttps:\/\/augin.app\/wp-content\/uploads\/2021\/11\/see -o-potential.svg\u201d icon_placement=\u201dleft\u201d image_icon_width=\u201d50px\u201d _builder_version=\u201d4.16\u2033 _module_preset=\u201ddefault\u201d header_level=\u201dh5\u2033 header_text_color=\u201d#FE6A00\u2033 image_max_width=\u201d50px\u201d global_colors_info=\u201d{}\u201d]<\/p>\n<p style=\"text-align: left;\"><span style=\"font-weight: 400;\">Con la ayuda del Modelado de informaci\u00f3n de construcci\u00f3n (BIM), lleve a sus clientes y personal dentro de sus nuevos edificios virtualmente antes de que comience la construcci\u00f3n.<\/span><\/p>\n<p>[\/et_pb_blurb][et_pb_blurb title=\u201dINFORMACI\u00d3N ACCIONABLE DESDE CUALQUIER LUGAR\u201d image=\u201dhttps:\/\/augin.app\/wp-content\/uploads\/2021\/11\/informacoes-acionaveis.svg\u201d icon_placement=\u201dleft\u201d image_icon_width=\u201d 50px \u201d _builder_version=\u201d4.16\u2033 _module_preset=\u201ddefault\u201d header_level=\u201dh5\u2033 header_text_color=\u201d#FE6A00\u2033 image_max_width=\u201d50px\u201d global_colors_info=\u201d{}\u201d]<\/p>\n<p><span style=\"font-weight: 400;\">Sus modelos BIM, impulsados por nuestra plataforma, se pueden distribuir r\u00e1pida y f\u00e1cilmente en todo el equipo para aumentar la colaboraci\u00f3n independientemente de la ubicaci\u00f3n. <\/span><\/p>\n<p>[\/et_pb_blurb][et_pb_blurb title=\u201dCALIDAD EN LAS REUNIONES\u201d image=\u201dhttps:\/\/augin.app\/wp-content\/uploads\/2021\/11\/qualidade-reuniao.svg\u201d icon_placement=\u201dleft\u201d image_icon_width=\u201d50px\u201d _builder_version=\u201d4.16\u2033 _module_preset=\u201ddefault\u201d header_level=\u201dh5\u2033 header_text_color=\u201d#FE6A00\u2033 image_max_width=\u201d50px\u201d global_colors_info=\u201d{}\u201d]<\/p>\n<p><span style=\"font-weight: 400;\">Prueba tus modelos BIM en entornos dise\u00f1ados para que veas hasta el m\u00e1s m\u00ednimo detalle al instante, ya sea en el HUB de Augin o en la APP de Augin. <\/span><\/p>\n<p>[\/et_pb_blurb]. \/\/augin.app\/wp-content\/uploads\/2021\/11\/propostas-com-confianca.svg\u201d icon_placement=\u201dleft\u201d image_icon_width=\u201d50px\u201d _builder_version=\u201d4.16\u2033 _module_preset=\u201ddefault\u201d header_level=\u201dh5\u2033 header_text_color =\u201d#FE6A00\u2033 image_max_width=\u201d50px\u201d global_colors_info=\u201d{}\u201d]<\/p>\n<p><span style=\"font-weight: 400;\">Innove las presentaciones de su empresa con inmersi\u00f3n de \u00faltima generaci\u00f3n para sus clientes y empleados desde cualquier dispositivo, lo que lleva a presentaciones de mayor calidad y aprobaciones m\u00e1s r\u00e1pidas.<\/span><\/p>\n<p>[\/et_pb_blurb][et_pb_blurb title=\u201dCOMPARTIR CON UN CLIC\u201d image=\u201dhttps:\/\/augin.app\/wp-content\/uploads\/2021\/10\/compartilhe.svg\u201d icon_placement=\u201dleft\u201d image_icon_width=\u201d50px\u201d _builder_version =\u201d4.17.3\u2033 _module_preset=\u201ddefault\u201d header_level=\u201dh5\u2033 header_text_color=\u201d#FE6A00\u2033 hover_enabled=\u201d0\u2033 image_max_width=\u201d50px\u201d global_colors_info=\u201d{}\u201d sticky_enabled=\u201d0\u2033]<\/p>\n<p><span style=\"font-weight: 400;\">Con nuestra plataforma, sus modelos BIM se llevan a nuevas alturas, se vuelven mucho m\u00e1s f\u00e1ciles de compartir debido a la velocidad que ofrecemos.<\/span><\/p>\n<p><span style=\"font-weight: 400;\"><a href=\"https:\/\/augin.app\/es\/planos\/\"><img loading=\"lazy\" decoding=\"async\" src=\"https:\/\/augin.app\/wp-content\/uploads\/2022\/05\/tag-pro.png\" width=\"46\" height=\"21\" alt=\"\" class=\"wp-image-239250 alignnone size-full\" srcset=\"https:\/\/augin.app\/wp-content\/uploads\/2022\/05\/tag-pro.png 46w, https:\/\/augin.app\/wp-content\/uploads\/2022\/05\/tag-pro-18x8.png 18w\" sizes=\"(max-width: 46px) 100vw, 46px\" \/> <img loading=\"lazy\" decoding=\"async\" src=\"https:\/\/augin.app\/wp-content\/uploads\/2022\/05\/tag-pro-10.png\" width=\"46\" height=\"21\" alt=\"\" class=\"wp-image-239251 alignnone size-full\" srcset=\"https:\/\/augin.app\/wp-content\/uploads\/2022\/05\/tag-pro-10.png 46w, https:\/\/augin.app\/wp-content\/uploads\/2022\/05\/tag-pro-10-18x8.png 18w\" sizes=\"(max-width: 46px) 100vw, 46px\" \/><\/a><\/span><\/p>\n<p>https:\/\/augin .app\/wp-content\/uploads\/2021\/10\/download-now-background-parallax.jpg\u201d parallax=\u201don\u201d parallax_method=\u201doff\u201d custom_padding=\u201d||0px||false|false\u201d global_colors_info=\u201d{} \u201d][et_pb_column type=\u201d1_2\u2033 special_columns=\u201d2\u2033 _builder_version=\u201d4.16\u2033 custom_padding=\u201d|||\u201d global_colors_info=\u201d{}\u201d custom_padding__hover=\u201d|||\u201d][et_pb_row_inner _builder_version=\u201d4.16\u2033 _module_preset=\u201ddefault\u201d global_colors_info=\u201d{}\u201d][et_pb_column_inner Saved_specialty_column_type=\u201d1_2\u2033 _builder_version=\u201d4.16\u2033\u201d _deefault_preset= \u201d global_colors_info=\u201d{}\u201d][et_pb_text _builder_version=\u201d4.16\u2033 _module_preset=\u201ddefault\u201d text_font_size=\u201d20px\u201d header_font=\u201d||||||||\u201d header_font_size=\u201d40px\u201d background_layout=\u201doscuro\u201d header_font_size_tablet=\u201d40px\u201d header_font_size_phone=\u201d35px\u201d header_font_size_last_edited=\u201den|escritorio\u201d global_colors_info=\u201d{}\u201d]<\/p>\n<h1>Da vida a tu trabajo antes de construirlo<br \/><strong><\/strong><\/h1>\n<p>La plataforma que ofrecemos busca ayudar a su equipo a visualizar las modificaciones necesarias antes,<span style=\"font-weight: 400;\"> durante y despu\u00e9s de la fase de construcci\u00f3n. <\/span><span style=\"font-weight: 400;\">Todo esto desde una experiencia inmersiva que da vida a tu trabajo.<\/span><\/p>\n<p>[\/et_pb_text][et_pb_button button_url=\u201d@ET-DC@eyJkeW5hbWljIjp0cnVlLCJjb250ZW50IjoicG9zdF9saW5rX3VybF9wYWdlIiwic2V0dGluZ3MiOnsicG9zdF9pZCI6IjE2OTAifX0=@\u201d button_text=\u201dExperimente gratuitamente\u201d button_alignment=\u201dleft\u201d _builder_version=\u201d4.16\u2033 _dynamic_attributes=\u201dbutton_url\u201d _module_preset=\u201ddefault\u201d custom_button=\u201don\u201d button_text_size =\u201d17px\u201d button_text_color=\u201d#FE6A00\u2033 button_bg_color=\u201d#FFFFFF\u201d button_border_radius=\u201d10px\u201d button_font=\u201dCircular Pro Bold||||||||\u201d pero- \u201don|hover\u201d button_text_color__hover_enabled=\u201don|hover\u201d button_text_color__hover=\u201d#FFFFFF\u201d][\/et_pb_button][\/et_pb_column_inner][\/et_pb_row_inner][\/et_pb_column][et_pb_column type=\u201d1_2\u2033 _builder_version=\u201d4.16\u2033 | | |\u201d global_colors_info=\u201d{}\u201d custom_padding__hover=\u201d|||\u201d][et_pb_image src=\u201dhttps:\/\/augin.app\/wp-content\/uploads\/2021\/11\/simulacao-augin-hub-contrutoras.png\u201d title_text=\u201d simulaci\u00f3n-augin-hub-contrutoras\u201d show_bottom_space=\u201doff\u201d _builder_version=\u201d4.16\u2033 _module_preset=\u201ddefault\u201d width=\u201d120%\u201d width_tablet=\u201d100%\u201d width_phone=\u201d100%\u201d width_last_edited=\u201don|desktop\u201d custom_margin=\u201d30px| |||falso|falso\u201d custom_margin_tablet=\u201d0px||||falso|falso\u201d custom_margin_phone=\u201d0px||||falso|falso\u201d custom_margin_last_edited=\u201den|tel\u00e9fono\u201d global_colors_info=\u201d{}\u201d][\/et_pb_image][ \/et_pb_column][\/et_pb_section][et_pb_section fb_built=\u201d1\u2033 _builder_version=\u201d4.16\u2033 _module_preset=\u201ddefault\u201d background_color=\u201d#E8E8F0\u2033 bloqueado=\u201doff\u201d global_colors_info=\u201d{}\u201d][et_pb_row _builder_version=\u201d4.16\u2033 _module_preset= _module_preset \u201dpredeterminado\u201d bloqueado=\u201ddesactivado\u201d global_colors_info=\u201d{}\u201d][et_pb_column type=\u201d4_4\u2033 _builder_version=\u201d4.16\u2033 _module_preset=\u201dpredeterminado\u201d global_colors_info=\u201d{}\u201d][et_pb_text _builder_version=\u201d4.16\u2033 _module_preset=\u201d por defecto &quot; fuente_texto _size=\u201d17px\u201d header_2_text_color=\u201d#FE6A00\u2033 custom_padding=\u201d|16%||16%|false|true\u201d custom_padding_tablet=\u201d|0%||0%|false|true\u201d custom_padding_phone=\u201d\u201d custom_padding_last_edited=\u201don|phone\u201d global_colors_info=\u201d {}\u201d custom_padding__hover_enabled=\u201doff|escritorio\u201d]<\/p>\n<h2 style=\"text-align: center;\"><span style=\"font-weight: 400;\">Deposiciones<br \/><\/span><span style=\"font-weight: 400;\"><\/span><\/h2>\n<p>[\/et_pb_text][\/et_pb_column][\/et_pb_row][et_pb_row column_structure=\u201d1_3,1_3,1_3\u2033 _builder_version=\u201d4.17.3\u2033 _module_preset=\u201ddefault\u201d global_colors_info=\u201d{}\u201d][et_pb_column type=\u201d1_3\u2033 _builder_version =\u201d4.17.3\u2033 _module_preset=\u201ddefault\u201d global_colors_info=\u201d{}\u201d][et_pb_testimonial author=\u201dFl\u00e1via Maritan\u201d job_title=\u201dArquitecto \u2013 Director de Construtora Virtual\u201d portrait_url=\u201dhttps:\/\/augin.app\/wp-content \/uploads\/2021\/11\/flavia-maritan.png\u201d _builder_version=\u201d4.17.3\u2033 _module_preset=\u201ddefault\u201d global_colors_info=\u201d{}\u201d]<\/p>\n<p>Conoc\u00ed el complemento en 2019 y la sorpresa fue emocionante: poder tomar un elemento 3D &quot;en la palma de la mano&quot;, colocarlo dentro de un entorno, visualizar un edificio &quot;en la mesa de la oficina&quot;. El tiempo ha pasado para que el desarrollo del equipo de Augin no haya hecho m\u00e1s que mejorar, y ahora podemos ir mucho m\u00e1s all\u00e1 con los dise\u00f1os, vistas, interacciones y acceso a la informaci\u00f3n de los elementos. Sin duda una herramienta que muestra un diferencial para la presentaci\u00f3n, visualizaci\u00f3n y desarrollo de proyectos.<\/p>\n<p>[\/et_pb_testimonial][\/et_pb_column][et_pb_column type=\u201d1_3\u2033 _builder_version=\u201d4.17.3\u2033 _module_preset=\u201ddefault\u201d global_colors_info=\u201d{}\u201d][et_pb_testimonial author=\u201dMarcelo Holsback\u201d job_title=\u201dArquitecto y Urbanista, Propietario de HL Arquitectura y Construcci\u00f3n\u201d portrait_url=\u201dhttps:\/\/augin.app\/wp-content\/uploads\/2021\/11\/marcelo-holsback.png\u201d _builder_version=\u201d4.17.3\u2033 _module_preset=\u201ddefault\u201d global_colors_info=\u201d{} \u201d]<\/p>\n<p>El aumento en la madurez de los procesos de gesti\u00f3n dentro del sector de la construcci\u00f3n civil ha cambiado definitivamente el segmento. El mercado comenz\u00f3 a demandar estrategias \u00e1giles de comunicaci\u00f3n y visualizaci\u00f3n de proyectos, y esto fue brillantemente suplido por el Hub. Soy un fan\u00e1tico y estoy eternamente agradecido con el equipo por desarrollar esta fant\u00e1stica herramienta.<\/p>\n<p>[\/et_pb_testimonial][\/et_pb_column][et_pb_column type=\u201d1_3\u2033 _builder_version=\u201d4.17.3\u2033 _module_preset=\u201ddefault\u201d global_colors_info=\u201d{}\u201d][et_pb_testimonial author=\u201dThomas Alves Fernandes de Faria\u201d job_title=\u201dExperto en Innovaci\u00f3n, Kingspan Isoeste\u201d portrait_url=\u201dhttps:\/\/augin.app\/wp-content\/uploads\/2021\/11\/thomas-alves.png\u201d _builder_version=\u201d4.17.3\u2033 _module_preset=\u201ddefault\u201d global_colors_info=\u201d{}\u201d ]<\/p>\n<p>La App Augin trajo nuevos horizontes y grandes posibilidades con la realidad aumentada a Kingspan Isoeste, hoy cosechamos los frutos de esta gran innovaci\u00f3n.<\/p>\n<p>[\/et_pb_testimonial][\/et_pb_column][\/et_pb_row][\/et_pb_section][et_pb_section fb_built=\u201d1\u2033 _builder_version=\u201d4.11.2\u2033 _module_preset=\u201ddefault\u201d background_color=\u201d#FFFFFF\u201d global_module=\u201d6869\u2033 Saved_tabs=\u201dall\u201d bloqueado=\u201ddesactivado\u201d global_colors_info=\u201d{}\u201d][et_pb_row _builder_version=\u201d4.16\u2033 _module_preset=\u201ddefault\u201d custom_margin_tablet=\u201d\u201d custom_margin_phone=\u201d||-30px||false|false\u201d custom_margin_last_edited=\u201don|phone\u201d global_colors_info= \u201d{}\u201d][et_pb_column type=\u201d4_4\u2033 _builder_version=\u201d4.16\u2033 _module_preset=\u201ddefault\u201d global_colors_info=\u201d{}\u201d][et_pb_text _builder_version=\u201d4.16\u2033 _module_preset=\u201ddefault\u201d text_font_size=\u201d17px\u201d header_2_text_color6=\u201d1004T \u2033 custom_padding_tablet=\u201d|0%||0%|false|true\u201d custom_padding_phone=\u201d\u201d custom_padding_last_edited=\u201don|phone\u201d bloqueado=\u201doff\u201d global_colors_info=\u201d{}\u201d custom_padding__hover_enabled=\u201doff|desktop\u201d]<\/p>\n<h2 style=\"text-align: center;\"><span style=\"font-weight: 400;\">M\u00e1s de 300.000 proyectos en todo el mundo<\/span><\/h2>\n<p style=\"text-align: center;\"><span style=\"font-weight: 400;\">Augin ayuda a las empresas de todos los tama\u00f1os a comunicarse de manera m\u00e1s eficiente <\/span><\/p>\n<p>[\/et_pb_text][\/et_pb_column][\/et_pb_row][et_pb_row column_structure=\u201d1_6,1_6,1_6,1_6,1_6,1_6\u2033 use_custom_gutter=\u201don\u201d gutter_width=\u201d1\u2033 disabled_on=\u201don|on|on\u201d _builder_version= \u201d4.16\u2033 _module_preset=\u201ddefault\u201d disabled=\u201don\u201d global_colors_info=\u201d{}\u201d][et_pb_column type=\u201d1_6\u2033 _builder_version=\u201d4.16\u2033 _module_preset=\u201ddefault\u201d global_colors_info=\u201d{}\u201d][et_pb_image src=\u201dhttps :\/\/augin.app\/wp-content\/uploads\/2021\/11\/nossos-parceiros-tigre2.jpg\u201d title_text=\u201dour-partners-tigre2\u2033 align=\u201dcenter\u201d _builder_version=\u201d4.16\u2033 _module_preset=\u201ddefault\u201d background_enable_color =\u201doff\u201d custom_margin_tablet=\u201d\u201d custom_margin_phone=\u201d||-20px||false|false\u201d custom_margin_last_edited=\u201don|tablet\u201d global_colors_info=\u201d{}\u201d][\/et_pb_image][\/et_pb_column][et_pb_column type=\u201d1_6\u2033 _builder_version=\u201d4.16\u2033 _module_preset=\u201ddefault\u201d global_colors_info=\u201d{}\u201d][et_pb_image src=\u201dhttps:\/\/augin.app\/wp-content\/uploads\/2021\/11\/nossos-parceiros-aprenda-bim.jpg\u201d title_text=\u201dour-partners-learn-bim\u201d align=\u201dcenter\u201d _builder_version=\u201d4.16\u2033 _ module_preset=\u201dpredeterminado\u201d background_enable_color=\u201doff\u201d custom_margin_tablet=\u201d\u201d custom_margin_phone=\u201d||-20px||false|false\u201d custom_margin_last_edited=\u201don|tablet\u201d global_colors_info=\u201d{}\u201d][\/et_pb_image][\/et_pb_column][ et_pb_column type=\u201d1_6\u2033 _builder_version=\u201d4.16\u2033 _module_preset=\u201ddefault\u201d global_colors_info=\u201d{}\u201d][et_pb_image src=\u201dhttps:\/\/augin.app\/wp-content\/uploads\/2021\/11\/nossos-parceiros- paoluzzi.jpg\u201d title_text=\u201dour-partners-pauluzzi\u201d align=\u201dcenter\u201d _builder_version=\u201d4.16\u2033 _module_preset=\u201ddefault\u201d background_enable_color=\u201doff\u201d custom_margin_tablet=\u201d\u201d custom_margin_phone=\u201d||-20px||false|false\u201d custom_margin_last_edited=\u201don|tablet\u201d global_colors_info=\u201d{}\u201d][\/et_pb_image][\/et_pb_column][et_pb_column type=\u201d1_6\u2033 _builder_version=\u201d4.16\u2033 _module_preset=\u201ddefault\u201d global_colors_info=\u201d{}\u201d][et_pb_image src= \u201dhttps:\/\/augin.app\/wp-content\/uploads\/2021\/11\/nossos-parceiros-cyrela.jpg\u201d title_text=\u201dnossos-parceiros-cyrela\u201d align=\u201dcenter\u201d _builder_version=\u201d4.16\u2033 _module_preset=\u201ddefault \u201d background_ena ble_color=\u201doff\u201d custom_margin_tablet=\u201d\u201d custom_margin_phone=\u201d||-20px||false|false\u201d custom_margin_last_edited=\u201don|tablet\u201d global_colors_info=\u201d{}\u201d][\/et_pb_image][\/et_pb_column][et_pb_column type=\u201d1_6 \u2033 _builder_version=\u201d4.16\u2033 _module_preset=\u201ddefault\u201d global_colors_info=\u201d{}\u201d][et_pb_image src=\u201dhttps:\/\/augin.app\/wp-content\/uploads\/2021\/11\/nossos-parceiros-engenharia-bim.jpg \u201d title_text=\u201dour-partners-engineering-bim\u201d align=\u201dcenter\u201d _builder_version=\u201d4.16\u2033 _module_preset=\u201ddefault\u201d background_enable_color=\u201doff\u201d custom_margin_tablet=\u201d\u201d custom_margin_phone=\u201d||-20px||false|false\u201d custom_margin_last_edited =\u201den|tableta\u201d global_colors_info=\u201d{}\u201d][\/et_pb_image][\/et_pb_column][et_pb_column type=\u201d1_6\u2033 _builder_version=\u201d4.16\u2033 _module_preset=\u201ddefault\u201d global_colors_info=\u201d{}\u201d][et_pb_image src=\u201d https:\/\/augin.app\/wp-content\/uploads\/2021\/11\/nossos-parceiros-melnickeven.jpg\u201d title_text=\u201dour-partners-melnickeven\u201d align=\u201dcenter\u201d _builder_version=\u201d4.16\u2033 _module_preset=\u201ddefault\u201d background_enable_color=&quot;desactivado&quot; custom_margin_tablet=\u201d\u201d custom_margin_phone=\u201d||-20px||false|false\u201d custom_margin_last_edited=\u201don|tablet\u201d global_colors_info=\u201d{}\u201d][\/et_pb_image][\/et_pb_column][\/et_pb_row][\/et_pb_section]<\/p>","protected":false},"excerpt":{"rendered":"<p>\u00a1Innovar! Construye el futuro con realidad aumentada. Usando modelos BIM o modelado 3D, puede permitir que sus clientes y su equipo visualicen dise\u00f1os incluso antes de que comience la construcci\u00f3n. Mejore la comprensi\u00f3n de todos y aumente su productividad hoy. Con la ayuda de Building Information Modeling (BIM), lleve a sus clientes y a su equipo dentro [\u2026]<\/p>","protected":false},"author":7,"featured_media":0,"parent":0,"menu_order":0,"comment_status":"closed","ping_status":"closed","template":"","meta":{"_et_pb_use_builder":"on","_et_pb_old_content":"","_et_gb_content_width":"","inline_featured_image":false,"footnotes":""},"class_list":["post-6730","page","type-page","status-publish","hentry"],"aioseo_notices":[],"_links":{"self":[{"href":"https:\/\/augin.app\/es\/wp-json\/wp\/v2\/pages\/6730","targetHints":{"allow":["GET"]}}],"collection":[{"href":"https:\/\/augin.app\/es\/wp-json\/wp\/v2\/pages"}],"about":[{"href":"https:\/\/augin.app\/es\/wp-json\/wp\/v2\/types\/page"}],"author":[{"embeddable":true,"href":"https:\/\/augin.app\/es\/wp-json\/wp\/v2\/users\/7"}],"replies":[{"embeddable":true,"href":"https:\/\/augin.app\/es\/wp-json\/wp\/v2\/comments?post=6730"}],"version-history":[{"count":57,"href":"https:\/\/augin.app\/es\/wp-json\/wp\/v2\/pages\/6730\/revisions"}],"predecessor-version":[{"id":239261,"href":"https:\/\/augin.app\/es\/wp-json\/wp\/v2\/pages\/6730\/revisions\/239261"}],"wp:attachment":[{"href":"https:\/\/augin.app\/es\/wp-json\/wp\/v2\/media?parent=6730"}],"curies":[{"name":"wp","href":"https:\/\/api.w.org\/{rel}","templated":true}]}}