{"id":6850,"date":"2021-11-04T15:08:43","date_gmt":"2021-11-04T18:08:43","guid":{"rendered":"https:\/\/augin.app\/?page_id=6850"},"modified":"2022-05-10T15:05:33","modified_gmt":"2022-05-10T18:05:33","slug":"projetistas","status":"publish","type":"page","link":"https:\/\/augin.app\/es\/projetistas\/","title":{"rendered":"Dise\u00f1adores"},"content":{"rendered":"<p>[et_pb_section fb_built=\u201d1\u2033 next_background_color=\u201d#FFFFFF\u201d _builder_version=\u201d4.16\u2033 _module_preset=\u201ddefault\u201d background_color=\u201d#E8E8F0\u2033 top_divider_height=\u201d280px\u201d top_divider_height_tablet=\u201d\u201d top_divider_height_phone=\u201d\u201d top_divider_ed\u201d_last_edit=\u201dtable wave\u201d bottom_divider_repeat=\u201d1x\u201d bottom_divider_flip=\u201dhorizontal\u201d bottom_divider_height_tablet=\u201d50px\u201d bottom_divider_height_phone=\u201d35px\u201d bottom_divider_height_last_edited=\u201den|tel\u00e9fono\u201d global_colors_info=\u201d{}\u201d][et_pb_row column_structure\u2033] _module_preset=\u201ddefault\u201d global_colors_info=\u201d{ }\u201d][et_pb_column type=\u201d3_5\u2033 _builder_version=\u201d4.16\u2033 _module_preset=\u201ddefault\u201d custom_padding_tablet=\u201d0px||||false|false\u201d custom_padding_phone=\u201d\u201d custom_padding_last_edited=\u201don| tablet\u201d global_colors_info=\u201d{}\u201d] [et_pb_text _builder_version=\u201d4.16\u2033 _module_preset=\u201ddefault\u201d text_font_size=\u201d17px\u201d header_text_color=\u201d#FE6A00\u2033 header_font_size=\u201d45px\u201d custom_margin_tablet=\u201d|0px|||false|false\u201d costo m_margin_phone=\u201d\u201d custom_margin_last_edited=\u201den|tel\u00e9fono\u201d header_font_size_tablet=\u201d35px\u201d header_font_size_phone=\u201d30px\u201d header_font_size_last_edited=\u201den|escritorio\u201d global_colors_info=\u201d{}\u201d]<\/p>\n<h1>Optimice la comunicaci\u00f3n de su oficina hoy<\/h1>\n<p>Nuestra plataforma permite que tu equipo de proyecto y clientes visualicen, en realidad aumentada o en un entorno inmersivo desarrollado para reuniones de grupo, tu modelo BIM.<\/p>\n<p>[\/et_pb_text][et_pb_button button_url=\u201d@ET-DC@eyJkeW5hbWljIjp0cnVlLCJjb250ZW50IjoicG9zdF9saW5rX3VybF9wYWdlIiwic2V0dGluZ3MiOnsicG9zdF9pZCI6IjE3NjUifX0=@\u201d button_text=\u201dDownload Augin APP\u201d _builder_version=\u201d4.16\u2033 _dynamic_attributes=\u201dbutton_url\u201d _module_preset=\u201ddefault\u201d custom_button=\u201don\u201d button_text_size=\u201d17px\u201d button_bg_color=\u201d#FE6A00\u2033 button_border_radius=\u201d10px\u201d button_font=\u201dCircular Pro Bold||||||||\u201d but- button_text_color__hover_enabled=\u201don|hover\u201d button_text_color__hover=\u201d#FE6A00\u2033][\/et_pb_button][\/et_pb_column][et_pb_column type=\u201d2_5\u2033 _builder_version=\u201d4.16\u2033 _module_preset=\u201ddefault\u201d global_colors_info=\u201d{=\u201d_image][srcrc https:\/\/augin.app\/wp-content\/uploads\/2021\/11\/simulacao-augin-app-projetistas.png\u201d title_text=\u201dsimulacao-augin-app-projetistas\u201d show_bottom_space=\u201doff\u201d _builder_version=\u201d4.16\u2033 _module_preset =\u201dpredeterminado\u201d width=\u201d95%\u201d width_tablet=\u201d95%\u201d width_phone=\u201d95%\u201d width_last_edited=\u201don|phone\u201d custom_margin=\u201d-40px||-60px||false|false\u201d custom_margin_tablet=\u201d-40px||-80px ||falso|falso\u201d custom_margin_phone=\u201d0px||-70px||falso|falso\u201d custom_margin_last_edited=\u201den|escritorio\u201d animation_style=\u201dslide\u201d animation_direction=\u201dright\u201d animation_intensity_slide=\u201d10%\u201d global_colors_info=\u201d{}\u201d][\/et_pb_image][\/et_pb_column][\/et_pb_row][\/et_pb_section][et_pb_section fb_built=\u201d1\u2033 special=\u201don\u201d _builder_version=\u201d4.16\u2033 _module_preset=\u201ddefault\u201d background_color=\u201d#FFFFFF\u201d custom_margin_tablet=\u201d||0px||false|false\u201d custom_margin_phone=\u201d\u201d custom_margin_last_edited=\u201don|escritorio\u201d bloqueado=\u201doff\u201d global_colors_info=\u201d{}\u201d][et_pb_column type=\u201d1_3\u2033 _builder_version=\u201d 4.16\u2033 relleno_personalizado=\u201d|||\u201d global_colors_info=\u201d{}\u201d custom_padding__hover=\u201d|||\u201d][et_pb_image src=\u201dhttps:\/\/augin.app\/wp-content\/uploads\/2021\/11\/projetista.png\u201d title_text=\u201ddise\u00f1ador\u201d align=\u201dcenter \u201d _builder_version=\u201d4.16\u2033 _module_preset=\u201dpredeterminado\u201d transform_scale_tablet=\u201d\u201d transform_scale_phone=\u201d\u201d transform_scale_last_edited=\u201don|desktop\u201d transform_translate=\u201d-150px|0px\u201d transform_translate_tablet=\u201d0px|0px\u201d transform_translate_phone=\u201d0px|0px\u201d transform_translate_last_edited= \u201don|phone\u201d transform_translate_linked=\u201doff\u201d transform_rotate_tablet=\u201d\u201d transform_rotate_phone=\u201d\u201d transform_rotate_last_edited=\u201don|escritorio\u201d transform_skew_tablet=\u201d\u201d transform_skew_phone=\u201d\u201d transform_skew_last_edited=\u201don|escritorio\u201d transform_origin_tablet=\u201d\u201d transform_origin_phone=\u201d\u201d transform_origin_last_edited= \u201den|escritorio\u201d transform_styles_last_edited=\u201den|tel\u00e9fono\u201d width=\u201d140%\u201d width_tablet=\u201d60%\u201d width_phone=\u201d100%\u201d width_last_edited=\u201den|escritorio\u201d custom_margin_tablet=\u201d50px||||false|false\u201d custom_margin_phone=\u201d50px ||||falso|falso\u201d custom_ma rgin_last_edited=\u201don|tablet\u201d transform_styles_tablet=\u201d\u201d transform_styles_phone=\u201d\u201d global_colors_info=\u201d{}\u201d][\/et_pb_image][\/et_pb_column][et_pb_column type=\u201d2_3\u2033 special_columns=\u201d2\u2033 _builder_version=\u201d4.16\u2033 custom_padding=\u201d |||\u201d global_colors_info=\u201d{}\u201d custom_padding__hover=\u201d|||\u201d][et_pb_row_inner column_structure=\u201d1_2,1_2\u2033 _builder_version=\u201d4.16\u2033 _module_preset=\u201ddefault\u201d global_colors_info=\u201d{}\u201d][et_pb_column_inner type=\u201d1_2\u2033 Saved_specialty_column_type=\u201d 2_3\u2033 _builder_version=\u201d4.16\u2033 _module_preset=\u201ddefault\u201d global_colors_info=\u201d{}\u201d][et_pb_blurb title=\u201dDESTINATAR\u201d image=\u201dhttps:\/\/augin.app\/wp-content\/uploads\/2021\/11\/destaque - se.svg\u201d icon_placement=\u201dleft\u201d image_icon_width=\u201d50px\u201d _builder_version=\u201d4.16\u2033 _module_preset=\u201ddefault\u201d header_level=\u201dh5\u2033 header_text_color=\u201d#FE6A00\u2033 image_max_width=\u201d50px\u201d global_colors_info=\u201d{}\u201d]<\/p>\n<p><span style=\"font-weight: 400;\">Diferencie su dise\u00f1o con una interacci\u00f3n centrada en el usuario. Impresione a sus clientes con presentaciones atractivas e interactivas.<\/span><\/p>\n<p>[\/et_pb_blurb][et_pb_blurb title=\u201dDALE VIDA A TU OBRA\u201d image=\u201dhttps:\/\/augin.app\/wp-content\/uploads\/2021\/11\/de-vida-ao-seu-trabalho.svg\u201d icon_placement= \u201dleft\u201d image_icon_width=\u201d50px\u201d _builder_version=\u201d4.16\u2033 _module_preset=\u201ddefault\u201d header_level=\u201dh5\u2033 header_text_color=\u201d#FE6A00\u2033 image_max_width=\u201d50px\u201d global_colors_info=\u201d{}\u201d]<\/p>\n<p><span style=\"font-weight: 400;\">Visualizar su dise\u00f1o en realidad aumentada y entornos inmersivos ayuda a los equipos de dise\u00f1o a evitar errores y solucionar problemas antes de comenzar el trabajo de construcci\u00f3n.<\/span><\/p>\n<p>[\/et_pb_blurb][et_pb_blurb title=\u201dCOLABORE DESDE CUALQUIER LUGAR\u201d image=\u201dhttps:\/\/augin.app\/wp-content\/uploads\/2021\/11\/colabore-de-qualquer-lugar.svg\u201d icon_placement=\u201dleft\u201d image_icon_width =\u201d50px\u201d _builder_version=\u201d4.16\u2033 _module_preset=\u201ddefault\u201d header_level=\u201dh5\u2033 header_text_color=\u201d#FE6A00\u2033 image_max_width=\u201d50px\u201d global_colors_info=\u201d{}\u201d]<\/p>\n<p><span style=\"font-weight: 400;\">Mejore su productividad remota con contexto espacial en tiempo real. Su equipo y las partes interesadas pueden validar ideas f\u00e1cilmente desde cualquier lugar y en cualquier dispositivo.<\/span><\/p>\n<p>[\/et_pb_blurb]. \/augin.app\/wp-content\/uploads\/2021\/11\/economize.svg\u201d icon_placement=\u201dleft\u201d image_icon_width=\u201d50px\u201d _builder_version=\u201d4.16\u2033 _module_preset=\u201ddefault\u201d header_level=\u201dh5\u2033 header_text_color=\u201d #FE6A00\u2033 image_max_width =\u201d50px\u201d global_colors_info=\u201d{}\u201d]<\/p>\n<p><span style=\"font-weight: 400;\">Valide sus conceptos digitales m\u00e1s r\u00e1pido y obtenga aprobaciones m\u00e1s r\u00e1pido mientras reduce los viajes y las rondas de proyectos.<\/span><\/p>\n<p>[\/et_pb_blurb][et_pb_blurb title=\u201dCARGA TUS PROYECTOS EN TU BOLSILLO\u201d image=\u201dhttps:\/\/augin.app\/wp-content\/uploads\/2021\/11\/carregue-seus-projetos-no-bolso.svg\u201d icon_placement = \u201dizquierda\u201d image_icon_width=\u201d50px\u201d _builder_version=\u201d4.16\u2033 _module_preset=\u201ddefault\u201d header_level=\u201dh5\u2033 header_text_color=\u201d#FE6A00\u2033 image_max_width=\u201d50px\u201d global_colors_info=\u201d{}\u201d]<\/p>\n<p><span style=\"font-weight: 400;\">Ten todas tus plantillas disponibles en cualquier momento. La plataforma Augin permite que tus proyectos est\u00e9n disponibles en m\u00faltiples dispositivos y con carga r\u00e1pida.<\/span><\/p>\n<p>https:\/\/augin .app\/wp-content\/uploads\/2021\/10\/download-now-background-parallax.jpg\u201d parallax=\u201don\u201d parallax_method=\u201doff\u201d custom_padding=\u201d||0px||false|false\u201d global_colors_info=\u201d{} \u201d][et_pb_column type=\u201d1_2\u2033 special_columns=\u201d2\u2033 _builder_version=\u201d4.16\u2033 custom_padding=\u201d|||\u201d global_colors_info=\u201d{}\u201d custom_padding__hover=\u201d|||\u201d][et_pb_row_inner _builder_version=\u201d4.16\u2033 _module_preset=\u201ddefault\u201d global_colors_info=\u201d{}\u201d][et_pb_column_inner Saved_specialty_column_type=\u201d1_2\u2033 _builder_version=\u201d4.16\u2033\u201d _deefault_preset= \u201d global_colors_info=\u201d{}\u201d][et_pb_text _builder_version=\u201d4.16\u2033 _module_preset=\u201ddefault\u201d text_font_size=\u201d20px\u201d header_font=\u201d||||||||\u201d header_font_size=\u201d40px\u201d background_layout=\u201doscuro\u201d header_font_size_tablet=\u201d40px\u201d header_font_size_phone=\u201d35px\u201d header_font_size_last_edited=\u201den|escritorio\u201d global_colors_info=\u201d{}\u201d]<\/p>\n<h1>Dale vida a tu trabajo<br \/><strong><\/strong><\/h1>\n<p>La plataforma que ofrecemos busca ayudar a su equipo a visualizar m\u00e1s f\u00e1cilmente los cambios necesarios antes, durante y despu\u00e9s de la fase de construcci\u00f3n. Todo esto desde una experiencia inmersiva que da vida a tu trabajo.<\/p>\n<p>[\/et_pb_text][et_pb_button button_url=\u201d@ET-DC@eyJkeW5hbWljIjp0cnVlLCJjb250ZW50IjoicG9zdF9saW5rX3VybF9wYWdlIiwic2V0dGluZ3MiOnsicG9zdF9pZCI6IjE2OTAifX0=@\u201d button_text=\u201dExperimente gratuitamente\u201d button_alignment=\u201dleft\u201d _builder_version=\u201d4.16\u2033 _dynamic_attributes=\u201dbutton_url\u201d _module_preset=\u201ddefault\u201d custom_button=\u201don\u201d button_text_size =\u201d17px\u201d button_text_color=\u201d#FE6A00\u2033 button_bg_color=\u201d#FFFFFF\u201d button_border_radius=\u201d10px\u201d button_font=\u201dCircular Pro Bold||||||||\u201d but- \u201don|hover\u201d button_text_color__hover_enabled=\u201don|hover\u201d button_text_color__hover=\u201d#FFFFFF\u201d][\/et_pb_button][\/et_pb_column_inner][\/et_pb_row_inner][\/et_pb_column][et_pb_column type=\u201d1_2\u2033 _builder_version=\u201d4.16\u2033 | | |\u201d global_colors_info=\u201d{}\u201d custom_padding__hover=\u201d|||\u201d][et_pb_image src=\u201dhttps:\/\/augin.app\/wp-content\/uploads\/2021\/11\/simulacao-augin-hub-projetistas.png\u201d title_text=\u201d simulador-augin-hub-designers\u201d show_bottom_space=\u201doff\u201d _builder_version=\u201d4.16\u2033 _module_preset=\u201ddefault\u201d width=\u201d120%\u201d width_tablet=\u201d100%\u201d width_phone=\u201d100%\u201d width_last_edited=\u201don|desktop\u201d custom_margin=\u201d30px| |||falso|falso\u201d custom_margin_tablet=\u201d0px||||falso|falso\u201d custom_margin_phone=\u201d0px||||falso|falso\u201d custom_margin_last_edited=\u201den|tel\u00e9fono\u201d global_colors_info=\u201d{}\u201d][\/et_pb_image][ \/et_pb_column][\/et_pb_section][et_pb_section fb_built=\u201d1\u2033 speciality=\u201don\u201d next_background_color=\u201d#E8E8F0\u2033 _builder_version=\u201d4.16\u2033 _module_preset=\u201ddefault\u201d bottom_divider_style=\u201dwave\u201d global_colors_info=\u201d{}\u201d][et_pb_column type= \u201d1_2\u2033 _builder_version=\u201d4.16\u2033 custom_padding=\u201d|||\u201d global_colors_info=\u201d{}\u201d custom_padding__hover=\u201d|||\u201d][et_pb_image src=\u201dhttps:\/\/augin.app\/wp-content\/uploads\/2021\/11\/simulacao-hub-app.png\u201d title_text=\u201dsimulacao- hub-app\u201d show_bottom_space=\u201doff\u201d _builder_version=\u201d4.16\u2033 _module_preset=\u201ddefault\u201d transform_scale_tablet=\u201d\u201d transform_scale_phone=\u201d\u201d transform_scale_last_edited=\u201don|desktop\u201d transform_translate=\u201d-175px|0px\u201d transform_translate_tablet=\u201d0px|0px\u201d transform_translate_phone =\u201d0px|0px\u201d transform_translate_last_edited=\u201don|phone\u201d transform_translate_linked=\u201doff\u201d transform_rotate_tablet=\u201d\u201d transform_rotate_phone=\u201d\u201d transform_rotate_last_edited=\u201don|escritorio\u201d transform_skew_tablet=\u201d\u201d transform_skew_phone=\u201d\u201d transform_skew_last_edited=\u201don|escritorio\u201d transform_origin_tablet= \u201d\u201d transform_origin_phone=\u201d\u201d transform_origin_last_edited=\u201den|escritorio\u201d transform_styles_last_edited=\u201den|tel\u00e9fono\u201d width=\u201d160%\u201d width_tablet=\u201d100%\u201d width_phone=\u201d100%\u201d width_last_edited=\u201den|tableta\u201d animation_style=\u201dslide\u201d animation_direction=\u201d izquierda&quot; animaci\u00f3n_intensidad_ slide=\u201d10%\u201d transform_styles_tablet=\u201d\u201d transform_styles_phone=\u201d\u201d global_colors_info=\u201d{}\u201d][\/et_pb_image][\/et_pb_column][et_pb_column type=\u201d1_2\u2033 special_columns=\u201d2\u2033 _builder_version=\u201d4.16\u2033 custom_padding=\u201d|| |\u201d global_colors_info=\u201d{}\u201d custom_padding__hover=\u201d|||\u201d][et_pb_row_inner _builder_version=\u201d4.16\u2033 _module_preset=\u201ddefault\u201d custom_margin=\u201d70px||||false|false\u201d custom_margin_tablet=\u201d0px||||false|false\u201d custom_margin_phone=\u201d0px||||false|false\u201d custom_margin_last_edited=\u201don|phone\u201d global_colors_info=\u201d{}\u201d][et_pb_column_inner Saved_specialty_column_type=\u201d1_2\u2033 _builder_version=\u201d4.16\u2033 _module_preset=\u201ddefault\u201d global_colors_info=\u201d{}\u201d] [et_pb_text _builder_version=\u201d4.16\u2033 _module_preset=\u201ddefault\u201d text_font_size=\u201d17px\u201d header_text_color=\u201d#FE6A00\u2033 header_font_size=\u201d45px\u201d header_2_text_color=\u201d#FE6A00\u2033 custom_margin_tablet=\u201d|0px|||falsegin_marse | \u201d_|phone_tablet\u201d header_font 35px\u201d header_font_size_phone=\u201d30px\u201d header_font_size_last_edited=\u201den|escritorio\u201d global_colors_info=\u201d{}\u201d]<\/p>\n<h2>Ya sea en Augin HUB o Augin APP<\/h2>\n<p>Queremos que tengas una visi\u00f3n completa y compartible de tu proyecto en tiempo real y en un entorno inmersivo,<strong> asegurando la mejor experiencia para su equipo y sus clientes.<\/strong><\/p>\n<p>[\/et_pb_text][\/et_pb_column_inner][\/et_pb_row_inner][\/et_pb_column][\/et_pb_section][et_pb_section fb_built=\u201d1\u2033 _builder_version=\u201d4.16\u2033 _module_preset=\u201ddefault\u201d background_color=\u201d#E8E8F0\u2033lockeds_off=\u201dinfo=global_colors \u201d {}\u201d][et_pb_row _builder_version=\u201d4.16\u2033 _module_preset=\u201ddefault\u201d bloqueado=\u201doff\u201d global_colors_info=\u201d{}\u201d][et_pb_column type=\u201d4_4\u2033 _builder_version=\u201d4.16\u2033 _module_preset=\u201ddefault\u201d global_colors_info=\u201d{ } \u201d][et_pb_text _builder_version=\u201d4.16\u2033 _module_preset=\u201ddefault\u201d text_font_size=\u201d17px\u201d header_2_text_color=\u201d#FE6A00\u2033 custom_padding=\u201d|16%||16%|false|true\u201d custom_padding_tablet=\u201d|0%||phone_padding_custom_false| =\u201d\u201d custom_padding_last_edited=\u201don|phone\u201d global_colors_info=\u201d{}\u201d custom_padding__hover_enabled=\u201doff|escritorio\u201d]<\/p>\n<h2 style=\"text-align: center;\"><span style=\"font-weight: 400;\">Deposiciones<br \/><\/span><span style=\"font-weight: 400;\"><\/span><\/h2>\n<p>[\/et_pb_text][\/et_pb_column][\/et_pb_row][et_pb_row column_structure=\u201d1_3,1_3,1_3\u2033 _builder_version=\u201d4.17.3\u2033 _module_preset=\u201ddefault\u201d global_colors_info=\u201d{}\u201d][et_pb_column type=\u201d1_3\u2033 _builder_version =\u201d4.17.3\u2033 _module_preset=\u201ddefault\u201d global_colors_info=\u201d{}\u201d][et_pb_testimonial author=\u201dIng. especialmente Rui Raoli\u201d job_title=\u201dDise\u00f1ador y consultor BIM\u201d portrait_url=\u201dhttps:\/\/augin.app\/wp-content\/uploads\/2021\/11\/rui-raoli.png\u201d _builder_version=\u201d4.17.3\u2033 _module_preset=\u201ddefault\u201d hover_enabled=\u201d0\u2033 global_colors_info=\u201d{}\u201d title_text=\u201drui-raoli\u201d sticky_enabled=\u201d0\u2033]<\/p>\n<p>Conoc\u00ed a Augin poco despu\u00e9s de terminar mi investigaci\u00f3n sobre Realidad Aumentada, y cu\u00e1nto mejor hubiera sido el trabajo final si \u00e9l ya existiera cuando comenc\u00e9. Desde entonces, he seguido todo su desarrollo, y c\u00f3mo ha evolucionado esta poderosa herramienta que ha cambiado la forma en que presentamos nuestros proyectos.<\/p>\n<p>[\/et_pb_testimonial][\/et_pb_column][et_pb_column type=\u201d1_3\u2033 _builder_version=\u201d4.17.3\u2033 _module_preset=\u201ddefault\u201d global_colors_info=\u201d{}\u201d][et_pb_testimonial author=\u201dMarcelo Holsback\u201d job_title=\u201dArquitecto y Urbanista, HL Arquitectura y Construcci\u00f3n\u201d portrait_url=\u201dhttps:\/\/augin.app\/wp-content\/uploads\/2021\/11\/marcelo-holsback.png\u201d _builder_version=\u201d4.17.3\u2033 _module_preset=\u201ddefault\u201d hover_enabled=\u201d0\u2033 global_colors_info= \u201d{}\u201d sticky_enabled=\u201d0\u2033 title_text=\u201dmarcelo-holsback\u201d]<\/p>\n<p>La plataforma Augin, basada en el est\u00e1ndar internacional abierto IFC BIM, permite a los usuarios del complemento BlenderBIM visualizar sus proyectos en el mundo real a medida que se construyen.<\/p>\n<p>[\/et_pb_testimonial][\/et_pb_column][et_pb_column type=\u201d1_3\u2033 _builder_version=\u201d4.17.3\u2033 _module_preset=\u201ddefault\u201d global_colors_info=\u201d{}\u201d][et_pb_testimonial author=\u201dRangel Lage\u201d job_title=\u201dProfesor y socio gerente en C\u00e1lculo estructural de SOMMA\u201d portrait_url=\u201dhttps:\/\/augin.app\/wp-content\/uploads\/2021\/11\/rangel-lage.png\u201d _builder_version=\u201d4.17.3\u2033 _module_preset=\u201ddefault\u201d global_colors_info=\u201d{}\u201d ]<\/p>\n<p>Augin aport\u00f3 una evoluci\u00f3n fant\u00e1stica en la presentaci\u00f3n del proyecto al cliente ya la obra, con un enfoque intuitivo, con informaci\u00f3n precisa, practicidad y claridad en la informaci\u00f3n, fundamentales para la buena ejecuci\u00f3n de un proyecto.<\/p>\n<p>[\/et_pb_testimonial][\/et_pb_column][\/et_pb_row][\/et_pb_section][et_pb_section fb_built=\u201d1\u2033 _builder_version=\u201d4.16\u2033 _module_preset=\u201ddefault\u201d background_color=\u201d#FFFFF\u201d Saved_tabs=\u201dall\u201d bloqueado=\u201doff\u201d global_colors_info= \u201d{}\u201d][et_pb_row _builder_version=\u201d4.16\u2033 _module_preset=\u201ddefault\u201d custom_margin_tablet=\u201d\u201d custom_margin_phone=\u201d||-30px||false|false\u201d custom_margin_last_edited=\u201don|phone\u201d global_colors_info=\u201d{}\u201d][et_pb_column type=\u201d4_4\u2033 _builder_version=\u201d4.16\u2033 _module_preset=\u201ddefault\u201d global_colors_info=\u201d{}\u201d][et_pb_text _builder_version=\u201d4.16\u2033 _module_preset=\u201ddefault\u201d text_font_size=\u201d17px\u201d header_2_text_color=\u201d#FE6A00\u2033TP_padding0_1TP2=\u201d | falso|verdadero\u201d custom_padding_phone=\u201d\u201d custom_padding_last_edited=\u201dencendido|tel\u00e9fono\u201d bloqueado=\u201dapagado\u201d global_colors_info=\u201d{}\u201d custom_padding__hover_enabled=\u201dapagado|escritorio\u201d]<\/p>\n<h2 style=\"text-align: center;\"><span style=\"font-weight: 400;\">M\u00e1s de 300.000 proyectos en todo el mundo<\/span><\/h2>\n<p style=\"text-align: center;\"><span style=\"font-weight: 400;\">Augin ayuda a las empresas de todos los tama\u00f1os a comunicarse de manera m\u00e1s eficiente <\/span><\/p>\n<p>[\/et_pb_text][\/et_pb_column][\/et_pb_row][et_pb_row column_structure=\u201d1_6,1_6,1_6,1_6,1_6,1_6\u2033 use_custom_gutter=\u201don\u201d gutter_width=\u201d1\u2033 disabled_on=\u201don|on|on\u201d _builder_version= \u201d4.16\u2033 _module_preset=\u201ddefault\u201d disabled=\u201don\u201d global_colors_info=\u201d{}\u201d][et_pb_column type=\u201d1_6\u2033 _builder_version=\u201d4.16\u2033 _module_preset=\u201ddefault\u201d global_colors_info=\u201d{}\u201d][et_pb_image src=\u201dhttps :\/\/augin.app\/wp-content\/uploads\/2021\/11\/nossos-parceiros-tigre2.jpg\u201d title_text=\u201dour-partners-tigre2\u2033 align=\u201dcenter\u201d _builder_version=\u201d4.16\u2033 _module_preset=\u201ddefault\u201d background_enable_color =\u201doff\u201d custom_margin_tablet=\u201d\u201d custom_margin_phone=\u201d||-20px||false|false\u201d custom_margin_last_edited=\u201don|tablet\u201d global_colors_info=\u201d{}\u201d][\/et_pb_image][\/et_pb_column][et_pb_column type=\u201d1_6\u2033 _builder_version=\u201d4.16\u2033 _module_preset=\u201ddefault\u201d global_colors_info=\u201d{}\u201d][et_pb_image src=\u201dhttps:\/\/augin.app\/wp-content\/uploads\/2021\/11\/nossos-parceiros-aprenda-bim.jpg\u201d title_text=\u201dour-partners-learn-bim\u201d align=\u201dcenter\u201d _builder_version=\u201d4.16\u2033 _ module_preset=\u201dpredeterminado\u201d background_enable_color=\u201doff\u201d custom_margin_tablet=\u201d\u201d custom_margin_phone=\u201d||-20px||false|false\u201d custom_margin_last_edited=\u201don|tablet\u201d global_colors_info=\u201d{}\u201d][\/et_pb_image][\/et_pb_column][ et_pb_column type=\u201d1_6\u2033 _builder_version=\u201d4.16\u2033 _module_preset=\u201ddefault\u201d global_colors_info=\u201d{}\u201d][et_pb_image src=\u201dhttps:\/\/augin.app\/wp-content\/uploads\/2021\/11\/nossos-parceiros- paoluzzi.jpg\u201d title_text=\u201dour-partners-pauluzzi\u201d align=\u201dcenter\u201d _builder_version=\u201d4.16\u2033 _module_preset=\u201ddefault\u201d background_enable_color=\u201doff\u201d custom_margin_tablet=\u201d\u201d custom_margin_phone=\u201d||-20px||false|false\u201d custom_margin_last_edited=\u201don|tablet\u201d global_colors_info=\u201d{}\u201d][\/et_pb_image][\/et_pb_column][et_pb_column type=\u201d1_6\u2033 _builder_version=\u201d4.16\u2033 _module_preset=\u201ddefault\u201d global_colors_info=\u201d{}\u201d][et_pb_image src= \u201dhttps:\/\/augin.app\/wp-content\/uploads\/2021\/11\/nossos-parceiros-cyrela.jpg\u201d title_text=\u201dnossos-parceiros-cyrela\u201d align=\u201dcenter\u201d _builder_version=\u201d4.16\u2033 _module_preset=\u201ddefault \u201d background_ena ble_color=\u201doff\u201d custom_margin_tablet=\u201d\u201d custom_margin_phone=\u201d||-20px||false|false\u201d custom_margin_last_edited=\u201don|tablet\u201d global_colors_info=\u201d{}\u201d][\/et_pb_image][\/et_pb_column][et_pb_column type=\u201d1_6 \u2033 _builder_version=\u201d4.16\u2033 _module_preset=\u201ddefault\u201d global_colors_info=\u201d{}\u201d][et_pb_image src=\u201dhttps:\/\/augin.app\/wp-content\/uploads\/2021\/11\/nossos-parceiros-engenharia-bim.jpg \u201d title_text=\u201dour-partners-engineering-bim\u201d align=\u201dcenter\u201d _builder_version=\u201d4.16\u2033 _module_preset=\u201ddefault\u201d background_enable_color=\u201doff\u201d custom_margin_tablet=\u201d\u201d custom_margin_phone=\u201d||-20px||false|false\u201d custom_margin_last_edited =\u201den|tableta\u201d global_colors_info=\u201d{}\u201d][\/et_pb_image][\/et_pb_column][et_pb_column type=\u201d1_6\u2033 _builder_version=\u201d4.16\u2033 _module_preset=\u201ddefault\u201d global_colors_info=\u201d{}\u201d][et_pb_image src=\u201d https:\/\/augin.app\/wp-content\/uploads\/2021\/11\/nossos-parceiros-melnickeven.jpg\u201d title_text=\u201dour-partners-melnickeven\u201d align=\u201dcenter\u201d _builder_version=\u201d4.16\u2033 _module_preset=\u201ddefault\u201d background_enable_color=&quot;desactivado&quot; custom_margin_tablet=\u201d\u201d custom_margin_phone=\u201d||-20px||false|false\u201d custom_margin_last_edited=\u201don|tablet\u201d global_colors_info=\u201d{}\u201d][\/et_pb_image][\/et_pb_column][\/et_pb_row][\/et_pb_section]<\/p>","protected":false},"excerpt":{"rendered":"<p>Optimice la comunicaci\u00f3n de su oficina hoy Nuestra plataforma permite que su equipo de proyecto y clientes visualicen, en realidad aumentada o en un entorno inmersivo desarrollado para reuniones grupales, su modelo BIM.Diferencie su proyecto con interacci\u00f3n centrada en el usuario. Impresione a sus clientes con presentaciones atractivas e interactivas. Vista previa de su proyecto [\u2026]<\/p>","protected":false},"author":7,"featured_media":0,"parent":0,"menu_order":0,"comment_status":"closed","ping_status":"closed","template":"","meta":{"_et_pb_use_builder":"on","_et_pb_old_content":"","_et_gb_content_width":"","inline_featured_image":false,"footnotes":""},"class_list":["post-6850","page","type-page","status-publish","hentry"],"aioseo_notices":[],"_links":{"self":[{"href":"https:\/\/augin.app\/es\/wp-json\/wp\/v2\/pages\/6850","targetHints":{"allow":["GET"]}}],"collection":[{"href":"https:\/\/augin.app\/es\/wp-json\/wp\/v2\/pages"}],"about":[{"href":"https:\/\/augin.app\/es\/wp-json\/wp\/v2\/types\/page"}],"author":[{"embeddable":true,"href":"https:\/\/augin.app\/es\/wp-json\/wp\/v2\/users\/7"}],"replies":[{"embeddable":true,"href":"https:\/\/augin.app\/es\/wp-json\/wp\/v2\/comments?post=6850"}],"version-history":[{"count":53,"href":"https:\/\/augin.app\/es\/wp-json\/wp\/v2\/pages\/6850\/revisions"}],"predecessor-version":[{"id":239258,"href":"https:\/\/augin.app\/es\/wp-json\/wp\/v2\/pages\/6850\/revisions\/239258"}],"wp:attachment":[{"href":"https:\/\/augin.app\/es\/wp-json\/wp\/v2\/media?parent=6850"}],"curies":[{"name":"wp","href":"https:\/\/api.w.org\/{rel}","templated":true}]}}