{"id":6908,"date":"2021-11-04T17:10:25","date_gmt":"2021-11-04T20:10:25","guid":{"rendered":"https:\/\/augin.app\/?page_id=6908"},"modified":"2022-05-10T15:18:37","modified_gmt":"2022-05-10T18:18:37","slug":"engenheiros","status":"publish","type":"page","link":"https:\/\/augin.app\/es\/engenheiros\/","title":{"rendered":"Ingenieros"},"content":{"rendered":"<p>[et_pb_section fb_built=\u201d1\u2033 next_background_color=\u201d#FFFFFF\u201d _builder_version=\u201d4.16\u2033 _module_preset=\u201ddefault\u201d background_color=\u201d#E8E8F0\u2033 top_divider_height=\u201d280px\u201d top_divider_height_tablet=\u201d\u201d top_divider_height_phone=\u201d\u201d top_divider_ed\u201d_last_edit=\u201dtable wave\u201d bottom_divider_repeat=\u201d1x\u201d bottom_divider_flip=\u201dhorizontal\u201d bottom_divider_height_tablet=\u201d50px\u201d bottom_divider_height_phone=\u201d35px\u201d bottom_divider_height_last_edited=\u201den|tel\u00e9fono\u201d global_colors_info=\u201d{}\u201d][et_pb_row column_structure\u2033] _module_preset=\u201ddefault\u201d global_colors_info=\u201d{ }\u201d][et_pb_column type=\u201d3_5\u2033 _builder_version=\u201d4.16\u2033 _module_preset=\u201ddefault\u201d custom_padding_tablet=\u201d0px||||false|false\u201d custom_padding_phone=\u201d\u201d custom_padding_last_edited=\u201don| tablet\u201d global_colors_info=\u201d{}\u201d] [et_pb_text _builder_version=\u201d4.16\u2033 _module_preset=\u201ddefault\u201d text_font_size=\u201d17px\u201d header_text_color=\u201d#FE6A00\u2033 header_font_size=\u201d45px\u201d custom_margin_tablet=\u201d|0px|||false|false\u201d costo m_margin_phone=\u201d\u201d custom_margin_last_edited=\u201den|tel\u00e9fono\u201d header_font_size_tablet=\u201d35px\u201d header_font_size_phone=\u201d30px\u201d header_font_size_last_edited=\u201den|escritorio\u201d global_colors_info=\u201d{}\u201d]<\/p>\n<h1>Presenta tus proyectos con excelencia, desde cualquier lugar.<\/h1>\n<p><span style=\"font-weight: 400;\">Nuestra plataforma permite que tu equipo de proyecto y clientes visualicen, en realidad aumentada o en un entorno inmersivo desarrollado para reuniones de grupo, tu modelo BIM.<\/span><\/p>\n<p>[\/et_pb_text][et_pb_button button_url=\u201d@ET-DC@eyJkeW5hbWljIjp0cnVlLCJjb250ZW50IjoicG9zdF9saW5rX3VybF9wYWdlIiwic2V0dGluZ3MiOnsicG9zdF9pZCI6IjE3NjUifX0=@\u201d button_text=\u201dDownload \u201d _builder_version=\u201d4.16\u2033 _dynamic_attributes=\u201dbutton_url\u201d _module_preset=\u201ddefault\u201d custom_button=\u201don\u201d button_text_size=\u201d17px\u201d button_bg_color= \u201d#FE6A00\u2033 button_border_radius=\u201d10px\u201d button_font=\u201dCircular Pro Negrita||||||||\u201d but- button_text_color__hover_enabled=\u201don|hover\u201d button_text_color__hover=\u201d#FE6A00\u2033][\/et_pb_button][\/et_pb_column][et_pb_column type=\u201d2_5\u2033 _builder_version=\u201d4.16\u2033 _module_preset=\u201ddefault\u201d global_colors_info=\u201d{=\u201d_image][srcrc https:\/\/augin.app\/wp-content\/uploads\/2021\/11\/simulacao-augin-app-engenheiros.png\u201d title_text=\u201dsimulacao-augin-app-engenheiros\u201d show_bottom_space=\u201doff\u201d _builder_version=\u201d4.16\u2033 _module_preset =\u201dpredeterminado\u201d width=\u201d95%\u201d width_tablet=\u201d95%\u201d width_phone=\u201d95%\u201d width_last_edited=\u201don|phone\u201d custom_margin=\u201d10px||-60px||false|false\u201d custom_margin_tablet=\u201d-40px||-80px| |false|false\u201d custom_margin_phone=\u201d0px||-70px||false|false\u201d custom_margin_last_edited=\u201don|tablet\u201d animation_style=\u201dslide\u201d animation_direction=\u201dright\u201d an imation_intensity_slide=\u201d10%\u201d global_colors_info=\u201d{}\u201d][\/et_pb_image][\/et_pb_column][\/et_pb_row][\/et_pb_section][et_pb_section fb_built=\u201d1\u2033 special=\u201don\u201d _builder_version=\u201d4.16\u2033 _module_preset=\u201ddefault\u201d background_color=\u201d#FFFFFF\u201d custom_margin_tablet=\u201d||0px||false|false\u201d custom_margin_phone=\u201d\u201d custom_margin_last_edited=\u201don|escritorio\u201d bloqueado=\u201doff\u201d global_colors_info=\u201d{}\u201d][et_pb_column type=\u201d1_3\u2033 _builder_version=\u201d 4.16\u2033 relleno_personalizado=\u201d|||\u201d global_colors_info=\u201d{}\u201d custom_padding__hover=\u201d|||\u201d][et_pb_image src=\u201dhttps:\/\/augin.app\/wp-content\/uploads\/2022\/04\/engenheiro-1.jpg\u201d title_text=\u201dengenheiro\u201d align= \u201dcenter\u201d _builder_version=\u201d4.17.1\u2033 _module_preset=\u201dpredeterminado\u201d transform_scale_tablet=\u201d\u201d transform_scale_phone=\u201d\u201d transform_scale_last_edited=\u201don|desktop\u201d transform_translate=\u201d-150px|0px\u201d transform_translate_tablet=\u201d0px|0px\u201d transform_translate_phone=\u201d0px| 0px\u201d transform_translate_last_edited=\u201don|phone\u201d transform_translate_linked=\u201doff\u201d transform_rotate_tablet=\u201d\u201d transform_rotate_phone=\u201d\u201d transform_rotate_last_edited=\u201don|escritorio\u201d transform_skew_tablet=\u201d\u201d transform_skew_phone=\u201d\u201d transform_skew_last_edited=\u201don|escritorio\u201d transform_origin_tablet=\u201d\u201d transform_origin_phone= \u201d\u201d transform_origin_last_edited=\u201den|escritorio\u201d transform_styles_last_edited=\u201den|tel\u00e9fono\u201d width=\u201d140%\u201d width_tablet=\u201d60%\u201d width_phone=\u201d100%\u201d width_last_edited=\u201den|escritorio\u201d custom_margin_tablet=\u201d50px||||false|false\u201d custom_margin_phone=\u201d50px||||falso|falso\u201d costo m_margin_last_edited=\u201don|tablet\u201d transform_styles_tablet=\u201d\u201d transform_styles_phone=\u201d\u201d bloqueado=\u201doff\u201d global_colors_info=\u201d{}\u201d][\/et_pb_image][\/et_pb_column][et_pb_column type=\u201d2_3\u2033 special_columns=\u201d2\u2033 _builder_version=\u201d 4.16\u2033 relleno_personalizado=\u201d|||\u201d global_colors_info=\u201d{}\u201d custom_padding__hover=\u201d|||\u201d][et_pb_row_inner column_structure=\u201d1_2,1_2\u2033 _builder_version=\u201d4.16\u2033 _module_preset=\u201ddefault\u201d global_colors_info=\u201d{}\u201d][et_pb_column_inner type=\u201d1_2\u2033 Saved_specialty_column_type=\u201d 2_3\u2033 _builder_version=\u201d4.16\u2033 _module_preset=\u201ddefault\u201d global_colors_info=\u201d{}\u201d][et_pb_blurb title=\u201dCOORDINACI\u00d3N OPTIMIZADA\u201d image=\u201dhttps:\/\/augin.app\/wp-content\/uploads\/2021\/11\/compartilhe- with-one-click.svg\u201d icon_placement=\u201dleft\u201d image_icon_width=\u201d50px\u201d _builder_version=\u201d4.16\u2033 _module_preset=\u201ddefault\u201d header_level=\u201dh5\u2033 header_text_color=\u201d#FE6A00\u2033 image_max_width=\u201d50px\u201d global_colors_info=\u201d{}\u201d]<\/p>\n<p><span style=\"font-weight: 400;\">Desde la gesti\u00f3n de instalaciones hasta la ingenier\u00eda estructural o el petr\u00f3leo y el gas, Augin puede reunir a diferentes equipos en el mismo entorno para la verificaci\u00f3n del proyecto. Experimente una mejor comprensi\u00f3n del proyecto a trav\u00e9s de recorridos virtuales.<\/span><\/p>\n<p>[\/et_pb_blurb][et_pb_blurb title=\u201dCALIDAD EN LAS REUNIONES\u201d image=\u201dhttps:\/\/augin.app\/wp-content\/uploads\/2021\/11\/qualidade-reuniao.svg\u201d icon_placement=\u201dleft\u201d image_icon_width=\u201d50px\u201d _builder_version=\u201d4.16\u2033 _module_preset=\u201ddefault\u201d header_level=\u201dh5\u2033 header_text_color=\u201d#FE6A00\u2033 hover_enabled=\u201d0\u2033 image_max_width=\u201d50px\u201d global_colors_info=\u201d{}\u201d sticky_enabled=\u201d0\u2033]<\/p>\n<p><span style=\"font-weight: 400;\">Prueba tus modelos BIM en entornos dise\u00f1ados para que veas hasta el m\u00e1s m\u00ednimo detalle al instante, ya sea en el HUB de Augin o en la APP de Augin. <\/span><\/p>\n<p>[\/et_pb_blurb][et_pb_blurb title=\u201dCREA PROPUESTAS CON CONFIANZA\u201d image=\u201dhttps:\/\/augin.app\/wp-content\/uploads\/2021\/11\/propostas-com-confianca.svg\u201d icon_placement=\u201dleft\u201d image_icon_width= \u201d50px\u201d _builder_version=\u201d4.16\u2033 _module_preset=\u201ddefault\u201d header_level=\u201dh5\u2033 header_text_color=\u201d#FE6A00\u2033 image_max_width=\u201d50px\u201d global_colors_info=\u201d{}\u201d]<\/p>\n<p><span style=\"font-weight: 400;\">Innove las presentaciones de su empresa con inmersi\u00f3n de \u00faltima generaci\u00f3n para sus clientes y empleados desde cualquier dispositivo, lo que lleva a presentaciones de mayor calidad y aprobaciones m\u00e1s r\u00e1pidas.<\/span><\/p>\n<p>[\/et_pb_blurb]. :\/\/augin.app\/wp-content\/uploads\/2021\/11\/carregue-seus-projetos-no-bolso.svg\u201d icon_placement=\u201dleft\u201d image_icon_width=\u201d50px\u201d _builder_version=\u201d4.16\u2033 _module_preset=\u201ddefault\u201d header_level =\u201dh5\u2033 header_text_color=\u201d#FE6A00\u2033 image_max_width=\u201d50px\u201d global_colors_info=\u201d{}\u201d]<\/p>\n<p><span style=\"font-weight: 400;\">Ten todas tus plantillas disponibles en cualquier momento. La plataforma Augin permite visualizar tus proyectos en m\u00faltiples dispositivos y con carga r\u00e1pida.<\/span><\/p>\n<p>[\/et_pb_blurb][et_pb_blurb title=\u201dCOMPARTIR CON UN CLIC\u201d image=\u201dhttps:\/\/augin.app\/wp-content\/uploads\/2021\/10\/compartilhe.svg\u201d icon_placement=\u201dleft\u201d image_icon_width=\u201d50px\u201d _builder_version =\u201d4.17.3\u2033 _module_preset=\u201ddefault\u201d header_level=\u201dh5\u2033 header_text_color=\u201d#FE6A00\u2033 hover_enabled=\u201d0\u2033 image_max_width=\u201d50px\u201d global_colors_info=\u201d{}\u201d sticky_enabled=\u201d0\u2033]<\/p>\n<p><span style=\"font-weight: 400;\">Despu\u00e9s de cargar dentro de nuestra plataforma, que se destaca por su velocidad, comparta con varios equipos con un solo clic, asegur\u00e1ndose de que vean su proyecto en un entorno inmersivo.\u00a0<\/span><\/p>\n<p><span style=\"font-weight: 400;\"><a href=\"https:\/\/augin.app\/es\/planos\/\"><img loading=\"lazy\" decoding=\"async\" src=\"https:\/\/augin.app\/wp-content\/uploads\/2022\/05\/tag-pro.png\" width=\"46\" height=\"21\" alt=\"\" class=\"wp-image-239250 alignnone size-full\" srcset=\"https:\/\/augin.app\/wp-content\/uploads\/2022\/05\/tag-pro.png 46w, https:\/\/augin.app\/wp-content\/uploads\/2022\/05\/tag-pro-18x8.png 18w\" sizes=\"(max-width: 46px) 100vw, 46px\" \/> <img loading=\"lazy\" decoding=\"async\" src=\"https:\/\/augin.app\/wp-content\/uploads\/2022\/05\/tag-pro-10.png\" width=\"46\" height=\"21\" alt=\"\" class=\"wp-image-239251 alignnone size-full\" srcset=\"https:\/\/augin.app\/wp-content\/uploads\/2022\/05\/tag-pro-10.png 46w, https:\/\/augin.app\/wp-content\/uploads\/2022\/05\/tag-pro-10-18x8.png 18w\" sizes=\"(max-width: 46px) 100vw, 46px\" \/><\/a><\/span><\/p>\n<p>https:\/\/augin .app\/wp-content\/uploads\/2021\/10\/download-now-background-parallax.jpg\u201d parallax=\u201don\u201d parallax_method=\u201doff\u201d custom_padding=\u201d||0px||false|false\u201d global_colors_info=\u201d{} \u201d][et_pb_column type=\u201d1_2\u2033 special_columns=\u201d2\u2033 _builder_version=\u201d4.16\u2033 custom_padding=\u201d|||\u201d global_colors_info=\u201d{}\u201d custom_padding__hover=\u201d|||\u201d][et_pb_row_inner _builder_version=\u201d4.16\u2033 _module_preset=\u201ddefault\u201d global_colors_info=\u201d{}\u201d][et_pb_column_inner Saved_specialty_column_type=\u201d1_2\u2033 _builder_version=\u201d4.16\u2033\u201d _deefault_preset= \u201d global_colors_info=\u201d{}\u201d][et_pb_text _builder_version=\u201d4.16\u2033 _module_preset=\u201ddefault\u201d text_font_size=\u201d20px\u201d header_font=\u201d||||||||\u201d header_font_size=\u201d40px\u201d background_layout=\u201doscuro\u201d header_font_size_tablet=\u201d40px\u201d header_font_size_phone=\u201d35px\u201d header_font_size_last_edited=\u201den|escritorio\u201d global_colors_info=\u201d{}\u201d]<\/p>\n<h1>Da vida a tu trabajo antes de construirlo<br \/><strong><\/strong><\/h1>\n<p>La plataforma que ofrecemos busca ayudar a su equipo a visualizar las modificaciones necesarias antes, durante y despu\u00e9s de la fase de construcci\u00f3n. Todo esto desde una experiencia inmersiva que da vida a tu trabajo.<\/p>\n<p>[\/et_pb_text][et_pb_button button_url=\u201d@ET-DC@eyJkeW5hbWljIjp0cnVlLCJjb250ZW50IjoicG9zdF9saW5rX3VybF9wYWdlIiwic2V0dGluZ3MiOnsicG9zdF9pZCI6IjE2OTAifX0=@\u201d button_text=\u201dExperimente gratuitamente\u201d button_alignment=\u201dleft\u201d _builder_version=\u201d4.16\u2033 _dynamic_attributes=\u201dbutton_url\u201d _module_preset=\u201ddefault\u201d custom_button=\u201don\u201d button_text_size =\u201d17px\u201d button_text_color=\u201d#FE6A00\u2033 button_bg_color=\u201d#FFFFFF\u201d button_border_radius=\u201d10px\u201d button_font=\u201dCircular Pro Bold||||||||\u201d pero- \u201don|hover\u201d button_text_color__hover_enabled=\u201don|hover\u201d button_text_color__hover=\u201d#FFFFFF\u201d][\/et_pb_button][\/et_pb_column_inner][\/et_pb_row_inner][\/et_pb_column][et_pb_column type=\u201d1_2\u2033 _builder_version=\u201d4.16\u2033 | | |\u201d global_colors_info=\u201d{}\u201d custom_padding__hover=\u201d|||\u201d][et_pb_image src=\u201dhttps:\/\/augin.app\/wp-content\/uploads\/2021\/11\/simulacao-augin-hub-engenheiros.png\u201d title_text=\u201d simulaci\u00f3n-augin-hub-engineers\u201d show_bottom_space=\u201doff\u201d _builder_version=\u201d4.16\u2033 _module_preset=\u201ddefault\u201d width=\u201d120%\u201d width_tablet=\u201d100%\u201d width_phone=\u201d100%\u201d width_last_edited=\u201don|desktop\u201d custom_margin=\u201d30px| |||falso|falso\u201d custom_margin_tablet=\u201d0px||||falso|falso\u201d custom_margin_phone=\u201d0px||||falso|falso\u201d custom_margin_last_edited=\u201den|tel\u00e9fono\u201d global_colors_info=\u201d{}\u201d][\/et_pb_image][ \/et_pb_column][\/et_pb_section][et_pb_section fb_built=\u201d1\u2033 _builder_version=\u201d4.16\u2033 _module_preset=\u201ddefault\u201d background_color=\u201d#E8E8F0\u2033 bloqueado=\u201doff\u201d global_colors_info=\u201d{}\u201d][et_pb_row _builder_version=\u201d4.16\u2033 _module_preset= _module_preset \u201dpredeterminado\u201d bloqueado=\u201ddesactivado\u201d global_colors_info=\u201d{}\u201d][et_pb_column type=\u201d4_4\u2033 _builder_version=\u201d4.16\u2033 _module_preset=\u201dpredeterminado\u201d global_colors_info=\u201d{}\u201d][et_pb_text _builder_version=\u201d4.16\u2033 _module_preset=\u201d por defecto &quot; fuente_texto _size=\u201d17px\u201d header_2_text_color=\u201d#FE6A00\u2033 custom_padding=\u201d|16%||16%|false|true\u201d custom_padding_tablet=\u201d|0%||0%|false|true\u201d custom_padding_phone=\u201d\u201d custom_padding_last_edited=\u201don|phone\u201d global_colors_info=\u201d {}\u201d custom_padding__hover_enabled=\u201doff|escritorio\u201d]<\/p>\n<h2 style=\"text-align: center;\"><span style=\"font-weight: 400;\">Deposiciones<br \/><\/span><span style=\"font-weight: 400;\"><\/span><\/h2>\n<p>[\/et_pb_text][\/et_pb_column][\/et_pb_row][et_pb_row column_structure=\u201d1_3,1_3,1_3\u2033 _builder_version=\u201d4.17.3\u2033 _module_preset=\u201ddefault\u201d global_colors_info=\u201d{}\u201d][et_pb_column type=\u201d1_3\u2033 _builder_version =\u201d4.17.3\u2033 _module_preset=\u201ddefault\u201d global_colors_info=\u201d{}\u201d][et_pb_testimonial author=\u201dIng. Dion\u00edsio A. Souza\u201d job_title=\u201dCEO de Proger Engenharia\u201d portrait_url=\u201dhttps:\/\/augin.app\/wp-content\/uploads\/2021\/11\/dionisio-souza.png\u201d _builder_version=\u201d4.17.3\u2033 _module_preset=\u201d predeterminado\u201d global_colors_info=\u201d{}\u201d]<\/p>\n<p>Las herramientas proporcionadas por Augin han brindado experiencias muy apreciadas por nuestros clientes y empleados. La posibilidad de mantener nuestros proyectos en modelos BIM federados, en un entorno de realidad aumentada, con toda la informaci\u00f3n relevante, es sencillamente fant\u00e1stica y muy \u00fatil en reuniones presenciales y virtuales, dejando muy claras todas las soluciones del proyecto. Tambi\u00e9n es v\u00e1lido para visualizar los detalles de armaduras de piezas de hormig\u00f3n armado, que siempre ha sido un problema en los modelos BIM, y ahora se resuelve de forma muy fluida en el entorno de Augin. \u00a1Un espect\u00e1culo!<\/p>\n<p>[\/et_pb_testimonial][\/et_pb_column][et_pb_column type=\u201d1_3\u2033 _builder_version=\u201d4.17.3\u2033 _module_preset=\u201ddefault\u201d global_colors_info=\u201d{}\u201d][et_pb_testimonial author=\u201dIng. especialmente Rui Raoli\u201d job_title=\u201dDise\u00f1ador y Consultor BIM\u201d portrait_url=\u201dhttps:\/\/augin.app\/wp-content\/uploads\/2021\/11\/rui-raoli.png\u201d _builder_version=\u201d4.17.3\u2033 _module_preset=\u201ddefault\u201d global_colors_info=&quot;{}&quot;]<\/p>\n<p>Conoc\u00ed a Augin poco despu\u00e9s de terminar mi investigaci\u00f3n sobre Realidad Aumentada, y cu\u00e1nto mejor hubiera sido el trabajo final si \u00e9l ya existiera cuando comenc\u00e9. Desde entonces, he seguido todo su desarrollo, y c\u00f3mo ha evolucionado esta poderosa herramienta que ha cambiado la forma en que presentamos nuestros proyectos.<\/p>\n<p>[\/et_pb_testimonial][\/et_pb_column][et_pb_column type=\u201d1_3\u2033 _builder_version=\u201d4.17.3\u2033 _module_preset=\u201ddefault\u201d global_colors_info=\u201d{}\u201d][et_pb_testimonial author=\u201dGustavo Freire\u201d job_title=\u201dCEO de COLAB Engenharia\u201d portrait_url=\u201dhttps:\/\/augin.app\/wp-content\/uploads\/2021\/11\/gustavo-freire.png\u201d _builder_version=\u201d4.17.3\u2033 _module_preset=\u201ddefault\u201d global_colors_info=\u201d{}\u201d]<\/p>\n<p>Herramienta eficiente con una interfaz extremadamente f\u00e1cil de usar que, insertada en nuestro proceso BIM de desarrollo de proyectos de ingenier\u00eda, nos ayuda a entregar recursos adicionales de realidad aumentada a nuestros clientes, habilitando un producto m\u00e1s tangible y facilitando una mejor comprensi\u00f3n de la construcci\u00f3n.<\/p>\n<p>[\/et_pb_testimonial][\/et_pb_column][\/et_pb_row][\/et_pb_section][et_pb_section fb_built=\u201d1\u2033 _builder_version=\u201d4.16\u2033 _module_preset=\u201ddefault\u201d background_color=\u201d#FFFFF\u201d Saved_tabs=\u201dall\u201d bloqueado=\u201doff\u201d global_colors_info= \u201d{}\u201d][et_pb_row _builder_version=\u201d4.16\u2033 _module_preset=\u201ddefault\u201d custom_margin_tablet=\u201d\u201d custom_margin_phone=\u201d||-30px||false|false\u201d custom_margin_last_edited=\u201don|phone\u201d global_colors_info=\u201d{}\u201d][et_pb_column type=\u201d4_4\u2033 _builder_version=\u201d4.16\u2033 _module_preset=\u201ddefault\u201d global_colors_info=\u201d{}\u201d][et_pb_text _builder_version=\u201d4.16\u2033 _module_preset=\u201ddefault\u201d text_font_size=\u201d17px\u201d header_2_text_color=\u201d#FE6A00\u2033TP_padding0_1TP2=\u201d | falso|verdadero\u201d custom_padding_phone=\u201d\u201d custom_padding_last_edited=\u201dencendido|tel\u00e9fono\u201d bloqueado=\u201dapagado\u201d global_colors_info=\u201d{}\u201d custom_padding__hover_enabled=\u201dapagado|escritorio\u201d]<\/p>\n<h2 style=\"text-align: center;\"><span style=\"font-weight: 400;\">M\u00e1s de 300.000 proyectos en todo el mundo<\/span><\/h2>\n<p style=\"text-align: center;\"><span style=\"font-weight: 400;\">Augin ayuda a las empresas de todos los tama\u00f1os a comunicarse de manera m\u00e1s eficiente <\/span><\/p>\n<p>[\/et_pb_text][\/et_pb_column][\/et_pb_row][et_pb_row column_structure=\u201d1_6,1_6,1_6,1_6,1_6,1_6\u2033 use_custom_gutter=\u201don\u201d gutter_width=\u201d1\u2033 disabled_on=\u201don|on|on\u201d _builder_version= \u201d4.16\u2033 _module_preset=\u201ddefault\u201d disabled=\u201don\u201d global_colors_info=\u201d{}\u201d][et_pb_column type=\u201d1_6\u2033 _builder_version=\u201d4.16\u2033 _module_preset=\u201ddefault\u201d global_colors_info=\u201d{}\u201d][et_pb_image src=\u201dhttps :\/\/augin.app\/wp-content\/uploads\/2021\/11\/nossos-parceiros-tigre2.jpg\u201d title_text=\u201dour-partners-tigre2\u2033 align=\u201dcenter\u201d _builder_version=\u201d4.16\u2033 _module_preset=\u201ddefault\u201d background_enable_color =\u201doff\u201d custom_margin_tablet=\u201d\u201d custom_margin_phone=\u201d||-20px||false|false\u201d custom_margin_last_edited=\u201don|tablet\u201d global_colors_info=\u201d{}\u201d][\/et_pb_image][\/et_pb_column][et_pb_column type=\u201d1_6\u2033 _builder_version=\u201d4.16\u2033 _module_preset=\u201ddefault\u201d global_colors_info=\u201d{}\u201d][et_pb_image src=\u201dhttps:\/\/augin.app\/wp-content\/uploads\/2021\/11\/nossos-parceiros-aprenda-bim.jpg\u201d title_text=\u201dour-partners-learn-bim\u201d align=\u201dcenter\u201d _builder_version=\u201d4.16\u2033 _ module_preset=\u201dpredeterminado\u201d background_enable_color=\u201doff\u201d custom_margin_tablet=\u201d\u201d custom_margin_phone=\u201d||-20px||false|false\u201d custom_margin_last_edited=\u201don|tablet\u201d global_colors_info=\u201d{}\u201d][\/et_pb_image][\/et_pb_column][ et_pb_column type=\u201d1_6\u2033 _builder_version=\u201d4.16\u2033 _module_preset=\u201ddefault\u201d global_colors_info=\u201d{}\u201d][et_pb_image src=\u201dhttps:\/\/augin.app\/wp-content\/uploads\/2021\/11\/nossos-parceiros- paoluzzi.jpg\u201d title_text=\u201dour-partners-pauluzzi\u201d align=\u201dcenter\u201d _builder_version=\u201d4.16\u2033 _module_preset=\u201ddefault\u201d background_enable_color=\u201doff\u201d custom_margin_tablet=\u201d\u201d custom_margin_phone=\u201d||-20px||false|false\u201d custom_margin_last_edited=\u201don|tablet\u201d global_colors_info=\u201d{}\u201d][\/et_pb_image][\/et_pb_column][et_pb_column type=\u201d1_6\u2033 _builder_version=\u201d4.16\u2033 _module_preset=\u201ddefault\u201d global_colors_info=\u201d{}\u201d][et_pb_image src= \u201dhttps:\/\/augin.app\/wp-content\/uploads\/2021\/11\/nossos-parceiros-cyrela.jpg\u201d title_text=\u201dnossos-parceiros-cyrela\u201d align=\u201dcenter\u201d _builder_version=\u201d4.16\u2033 _module_preset=\u201ddefault \u201d background_ena ble_color=\u201doff\u201d custom_margin_tablet=\u201d\u201d custom_margin_phone=\u201d||-20px||false|false\u201d custom_margin_last_edited=\u201don|tablet\u201d global_colors_info=\u201d{}\u201d][\/et_pb_image][\/et_pb_column][et_pb_column type=\u201d1_6 \u2033 _builder_version=\u201d4.16\u2033 _module_preset=\u201ddefault\u201d global_colors_info=\u201d{}\u201d][et_pb_image src=\u201dhttps:\/\/augin.app\/wp-content\/uploads\/2021\/11\/nossos-parceiros-engenharia-bim.jpg \u201d title_text=\u201dour-partners-engineering-bim\u201d align=\u201dcenter\u201d _builder_version=\u201d4.16\u2033 _module_preset=\u201ddefault\u201d background_enable_color=\u201doff\u201d custom_margin_tablet=\u201d\u201d custom_margin_phone=\u201d||-20px||false|false\u201d custom_margin_last_edited =\u201den|tableta\u201d global_colors_info=\u201d{}\u201d][\/et_pb_image][\/et_pb_column][et_pb_column type=\u201d1_6\u2033 _builder_version=\u201d4.16\u2033 _module_preset=\u201ddefault\u201d global_colors_info=\u201d{}\u201d][et_pb_image src=\u201d https:\/\/augin.app\/wp-content\/uploads\/2021\/11\/nossos-parceiros-melnickeven.jpg\u201d title_text=\u201dour-partners-melnickeven\u201d align=\u201dcenter\u201d _builder_version=\u201d4.16\u2033 _module_preset=\u201ddefault\u201d background_enable_color=&quot;desactivado&quot; custom_margin_tablet=\u201d\u201d custom_margin_phone=\u201d||-20px||false|false\u201d custom_margin_last_edited=\u201don|tablet\u201d global_colors_info=\u201d{}\u201d][\/et_pb_image][\/et_pb_column][\/et_pb_row][\/et_pb_section]<\/p>","protected":false},"excerpt":{"rendered":"<p>Presenta tus proyectos con excelencia, desde cualquier lugar. Nuestra plataforma permite que su equipo de proyecto y sus clientes visualicen, en realidad aumentada o en un entorno inmersivo desarrollado para reuniones de grupo, su modelo BIM. Desde la gesti\u00f3n de instalaciones hasta la ingenier\u00eda estructural o el petr\u00f3leo y el gas: Augin puede reunir muchos [\u2026]<\/p>","protected":false},"author":7,"featured_media":0,"parent":0,"menu_order":0,"comment_status":"closed","ping_status":"closed","template":"","meta":{"_et_pb_use_builder":"on","_et_pb_old_content":"","_et_gb_content_width":"","inline_featured_image":false,"footnotes":""},"class_list":["post-6908","page","type-page","status-publish","hentry"],"aioseo_notices":[],"_links":{"self":[{"href":"https:\/\/augin.app\/es\/wp-json\/wp\/v2\/pages\/6908","targetHints":{"allow":["GET"]}}],"collection":[{"href":"https:\/\/augin.app\/es\/wp-json\/wp\/v2\/pages"}],"about":[{"href":"https:\/\/augin.app\/es\/wp-json\/wp\/v2\/types\/page"}],"author":[{"embeddable":true,"href":"https:\/\/augin.app\/es\/wp-json\/wp\/v2\/users\/7"}],"replies":[{"embeddable":true,"href":"https:\/\/augin.app\/es\/wp-json\/wp\/v2\/comments?post=6908"}],"version-history":[{"count":29,"href":"https:\/\/augin.app\/es\/wp-json\/wp\/v2\/pages\/6908\/revisions"}],"predecessor-version":[{"id":239260,"href":"https:\/\/augin.app\/es\/wp-json\/wp\/v2\/pages\/6908\/revisions\/239260"}],"wp:attachment":[{"href":"https:\/\/augin.app\/es\/wp-json\/wp\/v2\/media?parent=6908"}],"curies":[{"name":"wp","href":"https:\/\/api.w.org\/{rel}","templated":true}]}}